{"id":1005,"date":"2015-06-15T21:34:27","date_gmt":"2015-06-15T21:34:27","guid":{"rendered":"http:\/\/coaching-clown.de\/?page_id=1005"},"modified":"2017-03-31T12:06:42","modified_gmt":"2017-03-31T12:06:42","slug":"laufen-und-stehen","status":"publish","type":"page","link":"https:\/\/coaching-clown.de\/?page_id=1005","title":{"rendered":"Laufen und Stehen"},"content":{"rendered":"<div id='gallery-1' class='gallery galleryid-1005 gallery-columns-3 gallery-size-thumbnail'><dl class='gallery-item'>\n\t\t\t<dt class='gallery-icon landscape'>\n\t\t\t\t<a href='https:\/\/coaching-clown.de\/?attachment_id=1695'><img width=\"150\" height=\"150\" src=\"https:\/\/coaching-clown.de\/wp-content\/uploads\/2015\/06\/figure-1124499_1920-150x150.jpg\" class=\"attachment-thumbnail size-thumbnail\" alt=\"\" decoding=\"async\" loading=\"lazy\" \/><\/a>\n\t\t\t<\/dt><\/dl><dl class='gallery-item'>\n\t\t\t<dt class='gallery-icon landscape'>\n\t\t\t\t<a href='https:\/\/coaching-clown.de\/?attachment_id=1696'><img width=\"150\" height=\"150\" src=\"https:\/\/coaching-clown.de\/wp-content\/uploads\/2015\/06\/run-954978_1920-150x150.jpg\" class=\"attachment-thumbnail size-thumbnail\" alt=\"\" decoding=\"async\" loading=\"lazy\" \/><\/a>\n\t\t\t<\/dt><\/dl><dl class='gallery-item'>\n\t\t\t<dt class='gallery-icon landscape'>\n\t\t\t\t<a href='https:\/\/coaching-clown.de\/?attachment_id=1694'><img width=\"150\" height=\"150\" src=\"https:\/\/coaching-clown.de\/wp-content\/uploads\/2015\/06\/figure-1124483_1920-150x150.jpg\" class=\"attachment-thumbnail size-thumbnail\" alt=\"\" decoding=\"async\" loading=\"lazy\" \/><\/a>\n\t\t\t<\/dt><\/dl><br style=\"clear: both\" \/>\n\t\t<\/div>\n\n<p><span style=\"color: #000000;\"><span style=\"font-family: Arial,sans-serif;\"><span style=\"font-size: medium;\"><i><b>Beschreibung:<sup><b><a href=\"#sdfootnote1sym\" name=\"sdfootnote1anc\"><sup>1<\/sup><\/a><\/b><\/sup><\/b><\/i><\/span><\/span><\/span><\/p>\n<p><span style=\"font-family: Arial,sans-serif;\">Alle laufen frei im Raum und nehmen sich gegenseitig wahr. Ohne ein Signal sollen alle in der Gruppe, zu einem gemeinsamen Stillstand kommen. Ebenfalls ohne Signal f\u00e4ngt die Gruppe wieder an, sich zu bewegen. Zu Beginn kann die Wahrnehmung \u00fcber die Augen erfolgen, sp\u00e4ter k\u00f6nnen die Ohren eingesetzt werden und schlie\u00dflich gelingt die Wahrnehmung mittels der Intuition.<\/span><\/p>\n<p><span style=\"font-family: Arial,sans-serif;\">Variation sind m\u00f6glich indem sich z.B. immer genau eine Person durch den Raum bewegt. Die anderen stehen still. Ein besonders hohes Ma\u00df an Aufmerksamkeit erfordert die Umkehrung der vorherigen Variante. Immer genau eine Person steht. Der Rest der Gruppe bewegt sich durch den Raum. Viele weitere Varianten sind denk- und spielbar.<\/span><\/p>\n<p align=\"LEFT\"><span style=\"color: #000000;\"><span style=\"font-family: Arial,sans-serif;\"><span style=\"font-size: medium;\"><span style=\"color: #000000;\"><span style=\"font-family: Arial,sans-serif;\"><span style=\"font-size: medium;\"><i><b>Dauer: <\/b><\/i><\/span><\/span><\/span><span style=\"color: #000000;\"><span style=\"font-family: Arial,sans-serif;\"><span style=\"font-size: medium;\"><i>ca. 5 min. bis 10 min. <\/i><\/span><\/span><\/span><\/span><\/span><\/span><\/p>\n<p align=\"LEFT\"><span style=\"color: #000000;\"><span style=\"font-family: Arial,sans-serif;\"><span style=\"font-size: medium;\"><span style=\"color: #000000;\"><span style=\"font-family: Arial,sans-serif;\"><span style=\"font-size: medium;\"><i><b>Materialien: <\/b><\/i><\/span><\/span><\/span><span style=\"color: #000000;\"><span style=\"font-family: Arial,sans-serif;\"><span style=\"font-size: medium;\"><i>keine <\/i><\/span><\/span><\/span><\/span><\/span><\/span><\/p>\n<p align=\"LEFT\"><span style=\"color: #000000;\"><span style=\"font-family: Arial,sans-serif;\"><span style=\"font-size: medium;\"><span style=\"color: #000000;\"><span style=\"font-family: Arial,sans-serif;\"><span style=\"font-size: medium;\"><i><b>Teilnehmerzahl: <\/b><\/i><\/span><\/span><\/span><span style=\"color: #000000;\"><span style=\"font-family: Arial,sans-serif;\"><span style=\"font-size: medium;\"><i>4-99 (je weniger desto leichter)<\/i><\/span><\/span><\/span><\/span><\/span><\/span><\/p>\n<p>&nbsp;<\/p>\n<p align=\"LEFT\"><span style=\"color: #000000;\"><span style=\"font-family: Arial,sans-serif;\"><span style=\"font-size: medium;\"><i><b>Erfahrungen \/ Empfindungen der Teilnehmer: <\/b><\/i><\/span><\/span><\/span><\/p>\n<ul>\n<li>\n<p align=\"LEFT\"><span style=\"color: #000000;\"><span style=\"font-family: Arial,sans-serif;\"><span style=\"font-size: medium;\"><i>Teamwahrnehmung, -verhalten und -building<\/i><\/span><\/span><\/span><\/p>\n<\/li>\n<li>\n<p align=\"LEFT\"><span style=\"color: #000000;\"><span style=\"font-family: Arial,sans-serif;\"><span style=\"font-size: medium;\"><i>doppelter Punkt der Aufmerksamkeit<\/i><\/span><\/span><\/span><\/p>\n<\/li>\n<li>\n<p align=\"LEFT\"><span style=\"color: #000000;\"><span style=\"font-family: Arial,sans-serif;\"><span style=\"font-size: medium;\"><i>Raumwahrnehmung<\/i><\/span><\/span><\/span><\/p>\n<\/li>\n<li>\n<p align=\"LEFT\"><span style=\"color: #000000;\"><span style=\"font-family: Arial,sans-serif;\"><span style=\"font-size: medium;\"><i>Fremdwahrnehmung<\/i><\/span><\/span><\/span><\/p>\n<\/li>\n<li>\n<p align=\"LEFT\"><span style=\"color: #000000;\"><span style=\"font-family: Arial,sans-serif;\"><span style=\"font-size: medium;\"><i>Selbstwahrnehmung<\/i><\/span><\/span><\/span><\/p>\n<\/li>\n<li>\n<p align=\"LEFT\"><span style=\"color: #000000;\"><span style=\"font-family: Arial,sans-serif;\"><span style=\"font-size: medium;\"><i>H\u00f6rsinn ist herausgefordert<\/i><\/span><\/span><\/span><\/p>\n<\/li>\n<li>\n<p align=\"LEFT\"><span style=\"color: #000000;\"><span style=\"font-family: Arial,sans-serif;\"><span style=\"font-size: medium;\"><i>Antizipieren<\/i><\/span><\/span><\/span><\/p>\n<\/li>\n<li>\n<p align=\"LEFT\"><span style=\"color: #000000;\"><span style=\"font-family: Arial,sans-serif;\"><span style=\"font-size: medium;\"><i>Verz\u00f6gern<\/i><\/span><\/span><\/span><\/p>\n<\/li>\n<li>\n<p align=\"LEFT\"><span style=\"color: #000000;\"><span style=\"font-family: Arial,sans-serif;\"><span style=\"font-size: medium;\"><i>Intuition<\/i><\/span><\/span><\/span><\/p>\n<\/li>\n<li>\n<p align=\"LEFT\"><span style=\"color: #000000;\"><span style=\"font-family: Arial,sans-serif;\"><span style=\"font-size: medium;\"><i>Synchronisieren<\/i><\/span><\/span><\/span><\/p>\n<\/li>\n<li>\n<p align=\"LEFT\"><span style=\"color: #000000;\"><span style=\"font-family: Arial,sans-serif;\"><span style=\"font-size: medium;\"><i>weitere werden st\u00e4ndig neu entdeckt<\/i><\/span><\/span><\/span><\/p>\n<\/li>\n<\/ul>\n<div id=\"sdfootnote1\">\n<p><a href=\"#sdfootnote1anc\" name=\"sdfootnote1sym\">1<\/a><span style=\"font-family: Arial,sans-serif;\">Vgl. Wright S.51ff.<\/span><\/p>\n<\/div>\n<p>&nbsp;<\/p>\n<p style=\"text-align: center;\"><strong><span style=\"color: #000000;\"><span style=\"font-family: Arial,sans-serif;\">weitere (Bei)Spiele\/ Methoden:<\/span><\/span><\/strong><\/p>\n<p style=\"text-align: center;\"><span style=\"font-family: Arial, sans-serif;\"><a href=\"http:\/\/coaching-clown.de\/?page_id=1003\">Spiegeln<\/a><\/span><\/p>\n<p style=\"text-align: center;\"><strong><span style=\"font-family: Arial,sans-serif;\"><a href=\"http:\/\/coaching-clown.de\/?page_id=1007\">Wechsel der Extreme<\/a><\/span><\/strong><\/p>\n<p style=\"text-align: center;\"><span style=\"font-family: Arial, sans-serif;\"><a href=\"http:\/\/coaching-clown.de\/?page_id=1009\">Entdecken<\/a><\/span><\/p>\n<p style=\"text-align: center;\"><span style=\"font-family: Arial, sans-serif;\"><a href=\"http:\/\/coaching-clown.de\/?page_id=1011\">Der pers\u00f6nliche Raum<\/a><\/span><\/p>\n<p style=\"text-align: center;\"><span style=\"font-family: Arial, sans-serif;\"><a href=\"http:\/\/coaching-clown.de\/?page_id=383\">Inszenierungen und Re-Inszenierungen<\/a><\/span><\/p>\n<p>&nbsp;<\/p>\n<p>&nbsp;<\/p>\n<p style=\"text-align: center;\"><strong><span style=\"color: #000000;\"><span style=\"font-family: Arial,sans-serif;\">Coaching und Workshops:<\/span><\/span><\/strong><\/p>\n<p style=\"text-align: center;\"><span style=\"font-family: Arial,sans-serif;\"><a href=\"http:\/\/coaching-clown.de\/?page_id=262\">Coaching<\/a><\/span><\/p>\n<p style=\"text-align: center;\"><span style=\"font-family: Arial,sans-serif;\"><a href=\"http:\/\/coaching-clown.de\/?page_id=275\">Teambuilding<\/a><\/span><\/p>\n<p style=\"text-align: center;\"><span style=\"font-family: Arial,sans-serif;\"><a href=\"http:\/\/coaching-clown.de\/?page_id=439\">B\u00fchnenpr\u00e4senz<\/a><\/span><\/p>\n<p style=\"text-align: center;\"><span style=\"font-family: Arial,sans-serif;\"><a href=\"http:\/\/coaching-clown.de\/?page_id=286\">Die Balance finden<\/a><\/span><\/p>\n<p style=\"text-align: center;\"><span style=\"font-family: Arial,sans-serif;\"><a href=\"http:\/\/coaching-clown.de\/?page_id=261\">Jonglage und komplexe Herausforderungen<\/a><\/span><\/p>\n<p style=\"text-align: center;\"><span style=\"font-family: Arial,sans-serif;\"><a href=\"http:\/\/coaching-clown.de\/?page_id=288\">Kontakt-Jonglage<\/a><\/span><\/p>\n<p style=\"text-align: center;\"><span style=\"font-family: Arial,sans-serif;\"><a href=\"http:\/\/coaching-clown.de\/?page_id=213\">Clown-Training<\/a><\/span><\/p>\n<p style=\"text-align: center;\"><span style=\"font-family: Arial, sans-serif;\"><a href=\"http:\/\/coaching-clown.de\/?page_id=272\">Zirkus Workshops<\/a><\/span><\/p>\n","protected":false},"excerpt":{"rendered":"<p>Beschreibung:1 Alle laufen frei im Raum und nehmen sich gegenseitig wahr. Ohne ein Signal sollen alle in der Gruppe, zu einem gemeinsamen Stillstand kommen. Ebenfalls ohne Signal f\u00e4ngt die Gruppe wieder an, sich zu bewegen. Zu Beginn kann die Wahrnehmung &hellip; <a href=\"https:\/\/coaching-clown.de\/?page_id=1005\">Weiterlesen <span class=\"meta-nav\">&rarr;<\/span><\/a><\/p>\n","protected":false},"author":1,"featured_media":0,"parent":976,"menu_order":20,"comment_status":"closed","ping_status":"open","template":"","meta":[],"_links":{"self":[{"href":"https:\/\/coaching-clown.de\/index.php?rest_route=\/wp\/v2\/pages\/1005"}],"collection":[{"href":"https:\/\/coaching-clown.de\/index.php?rest_route=\/wp\/v2\/pages"}],"about":[{"href":"https:\/\/coaching-clown.de\/index.php?rest_route=\/wp\/v2\/types\/page"}],"author":[{"embeddable":true,"href":"https:\/\/coaching-clown.de\/index.php?rest_route=\/wp\/v2\/users\/1"}],"replies":[{"embeddable":true,"href":"https:\/\/coaching-clown.de\/index.php?rest_route=%2Fwp%2Fv2%2Fcomments&post=1005"}],"version-history":[{"count":7,"href":"https:\/\/coaching-clown.de\/index.php?rest_route=\/wp\/v2\/pages\/1005\/revisions"}],"predecessor-version":[{"id":1710,"href":"https:\/\/coaching-clown.de\/index.php?rest_route=\/wp\/v2\/pages\/1005\/revisions\/1710"}],"up":[{"embeddable":true,"href":"https:\/\/coaching-clown.de\/index.php?rest_route=\/wp\/v2\/pages\/976"}],"wp:attachment":[{"href":"https:\/\/coaching-clown.de\/index.php?rest_route=%2Fwp%2Fv2%2Fmedia&parent=1005"}],"curies":[{"name":"wp","href":"https:\/\/api.w.org\/{rel}","templated":true}]}}