{"id":1009,"date":"2015-06-15T21:36:50","date_gmt":"2015-06-15T21:36:50","guid":{"rendered":"http:\/\/coaching-clown.de\/?page_id=1009"},"modified":"2017-03-31T12:08:42","modified_gmt":"2017-03-31T12:08:42","slug":"entdecken","status":"publish","type":"page","link":"https:\/\/coaching-clown.de\/?page_id=1009","title":{"rendered":"Entdecken"},"content":{"rendered":"<div id='gallery-1' class='gallery galleryid-1009 gallery-columns-3 gallery-size-thumbnail'><dl class='gallery-item'>\n\t\t\t<dt class='gallery-icon landscape'>\n\t\t\t\t<a href='https:\/\/coaching-clown.de\/?attachment_id=1703'><img width=\"150\" height=\"150\" src=\"https:\/\/coaching-clown.de\/wp-content\/uploads\/2015\/06\/cave-2129548_1920-150x150.jpg\" class=\"attachment-thumbnail size-thumbnail\" alt=\"\" decoding=\"async\" loading=\"lazy\" \/><\/a>\n\t\t\t<\/dt><\/dl><dl class='gallery-item'>\n\t\t\t<dt class='gallery-icon landscape'>\n\t\t\t\t<a href='https:\/\/coaching-clown.de\/?attachment_id=1705'><img width=\"150\" height=\"150\" src=\"https:\/\/coaching-clown.de\/wp-content\/uploads\/2015\/06\/little-explorers-168263_1920-150x150.jpg\" class=\"attachment-thumbnail size-thumbnail\" alt=\"\" decoding=\"async\" loading=\"lazy\" \/><\/a>\n\t\t\t<\/dt><\/dl><dl class='gallery-item'>\n\t\t\t<dt class='gallery-icon landscape'>\n\t\t\t\t<a href='https:\/\/coaching-clown.de\/?attachment_id=1704'><img width=\"150\" height=\"150\" src=\"https:\/\/coaching-clown.de\/wp-content\/uploads\/2015\/06\/balance-865816_1920-150x150.jpg\" class=\"attachment-thumbnail size-thumbnail\" alt=\"\" decoding=\"async\" loading=\"lazy\" \/><\/a>\n\t\t\t<\/dt><\/dl><br style=\"clear: both\" \/>\n\t\t<\/div>\n\n<p align=\"LEFT\"><span style=\"color: #000000;\"><span style=\"font-family: Arial,sans-serif;\"><span style=\"font-size: medium;\"><i><b>Beschreibung: <sup><i><b><a href=\"#sdfootnote1sym\" name=\"sdfootnote1anc\"><sup>1<\/sup><\/a><\/b><\/i><\/sup><\/b><\/i><\/span><\/span><\/span><\/p>\n<p align=\"LEFT\"><span style=\"color: #000000;\"><span style=\"font-family: Arial,sans-serif;\"><span style=\"font-size: medium;\">Begeben sie sich f\u00fcr diese \u00dcbung in das Bewusstsein eines Babys. Sie wissen noch nichts \u00fcber diese Welt und sind auf Entdeckungsreise. W\u00e4hlen Sie ein Objekt und betrachten sie es mit Neugier. Benutzen sie alle ihre Sinne. H\u00f6ren, sehen, f\u00fchlen, schmecken und riechen sie an dem Objekt. Wie verh\u00e4lt es sich, welche Ger\u00e4usche produziert es, welche Beziehung haben sie dazu?<\/span><\/span><\/span><\/p>\n<p align=\"LEFT\"><span style=\"color: #000000;\"><span style=\"font-family: Arial,sans-serif;\"><span style=\"font-size: medium;\">Sobald ihnen klar wird, um was f\u00fcr eine Art Objekt es sich handelt, und wof\u00fcr man es benutzt, suchen Sie sich einen anderen Gegenstand.<\/span><\/span><\/span><\/p>\n<p align=\"LEFT\"><span style=\"color: #000000;\"><span style=\"font-family: Arial,sans-serif;\"><span style=\"font-size: medium;\"><span style=\"color: #000000;\"><span style=\"font-family: Arial,sans-serif;\"><span style=\"font-size: medium;\"><i><b>Dauer: <\/b><\/i><\/span><\/span><\/span><span style=\"color: #000000;\"><span style=\"font-family: Arial,sans-serif;\"><span style=\"font-size: medium;\"><i>ca. 5 min. bis 10 min.<\/i><\/span><\/span><\/span><\/span><\/span><\/span><\/p>\n<p align=\"LEFT\"><span style=\"color: #000000;\"><span style=\"font-family: Arial,sans-serif;\"><span style=\"font-size: medium;\"><span style=\"color: #000000;\"><span style=\"font-family: Arial,sans-serif;\"><span style=\"font-size: medium;\"><i><b>Materialien: <\/b><\/i><\/span><\/span><\/span><span style=\"color: #000000;\"><span style=\"font-family: Arial,sans-serif;\"><span style=\"font-size: medium;\"><i>keine <\/i><\/span><\/span><\/span><\/span><\/span><\/span><\/p>\n<p align=\"LEFT\"><span style=\"color: #000000;\"><span style=\"font-family: Arial,sans-serif;\"><span style=\"font-size: medium;\"><span style=\"color: #000000;\"><span style=\"font-family: Arial,sans-serif;\"><span style=\"font-size: medium;\"><i><b>Teilnehmerzahl: <\/b><\/i><\/span><\/span><\/span><span style=\"color: #000000;\"><span style=\"font-family: Arial,sans-serif;\"><span style=\"font-size: medium;\"><i>jeder f\u00fcr sich alleine<\/i><\/span><\/span><\/span><\/span><\/span><\/span><\/p>\n<p>&nbsp;<\/p>\n<p align=\"LEFT\"><span style=\"color: #000000;\"><span style=\"font-family: Arial,sans-serif;\"><span style=\"font-size: medium;\"><i><b>Erfahrungen \/ Empfindungen der Teilnehmer: <\/b><\/i><\/span><\/span><\/span><\/p>\n<ul>\n<li>\n<p align=\"LEFT\"><span style=\"color: #000000;\"><span style=\"font-family: Arial,sans-serif;\"><span style=\"font-size: medium;\"><i>Neugier und Staunen<\/i><\/span><\/span><\/span><\/p>\n<\/li>\n<li>\n<p align=\"LEFT\"><span style=\"color: #000000;\"><span style=\"font-family: Arial,sans-serif;\"><span style=\"font-size: medium;\"><i>Aufmerksamkeitsfokussierung<\/i><\/span><\/span><\/span><\/p>\n<\/li>\n<li>\n<p align=\"LEFT\"><span style=\"color: #000000;\"><span style=\"font-family: Arial,sans-serif;\"><span style=\"font-size: medium;\"><i>Unabh\u00e4ngigkeit<\/i><\/span><\/span><\/span><\/p>\n<\/li>\n<li>\n<p align=\"LEFT\"><span style=\"color: #000000;\"><span style=\"font-family: Arial,sans-serif;\"><span style=\"font-size: medium;\"><i>Der innere Ort der Null<\/i><\/span><\/span><\/span><\/p>\n<\/li>\n<li>\n<p align=\"LEFT\"><span style=\"color: #000000;\"><span style=\"font-family: Arial,sans-serif;\"><span style=\"font-size: medium;\"><i>Kreativit\u00e4t<\/i><\/span><\/span><\/span><\/p>\n<\/li>\n<li>\n<p align=\"LEFT\"><span style=\"color: #000000;\"><span style=\"font-family: Arial,sans-serif;\"><span style=\"font-size: medium;\"><i>Objektwahrnehmung<\/i><\/span><\/span><\/span><\/p>\n<\/li>\n<li>\n<p align=\"LEFT\"><span style=\"color: #000000;\"><span style=\"font-family: Arial,sans-serif;\"><span style=\"font-size: medium;\"><i>Selbstwahrnehmung<\/i><\/span><\/span><\/span><\/p>\n<\/li>\n<li>\n<p align=\"LEFT\"><span style=\"color: #000000;\"><span style=\"font-family: Arial,sans-serif;\"><span style=\"font-size: medium;\"><i>Intuition<\/i><\/span><\/span><\/span><\/p>\n<\/li>\n<li>\n<p align=\"LEFT\"><span style=\"color: #000000;\"><span style=\"font-family: Arial,sans-serif;\"><span style=\"font-size: medium;\"><i>weitere werden st\u00e4ndig neu entdeckt<\/i><\/span><\/span><\/span><\/p>\n<\/li>\n<\/ul>\n<div id=\"sdfootnote1\">\n<p><a href=\"#sdfootnote1anc\" name=\"sdfootnote1sym\">1<\/a><span style=\"font-family: Arial,sans-serif;\">Vgl. Krustjens S.76<\/span><\/p>\n<\/div>\n<p>&nbsp;<\/p>\n<p style=\"text-align: center;\"><strong><span style=\"color: #000000;\"><span style=\"font-family: Arial,sans-serif;\">weitere (Bei)Spiele\/ Methoden:<\/span><\/span><\/strong><\/p>\n<p style=\"text-align: center;\"><span style=\"font-family: Arial, sans-serif;\"><a href=\"http:\/\/coaching-clown.de\/?page_id=1003\">Spiegeln<\/a><\/span><\/p>\n<p style=\"text-align: center;\"><span style=\"font-family: Arial, sans-serif;\"><a href=\"http:\/\/coaching-clown.de\/?page_id=1005\">Laufen und Stehen<\/a><\/span><\/p>\n<p style=\"text-align: center;\"><span style=\"font-family: Arial, sans-serif;\"><a href=\"http:\/\/coaching-clown.de\/?page_id=1007\">Wechsel der Extreme<\/a><\/span><\/p>\n<p style=\"text-align: center;\"><strong><span style=\"font-family: Arial,sans-serif;\"><a href=\"http:\/\/coaching-clown.de\/?page_id=1011\">Der pers\u00f6nliche Raum<\/a><\/span><\/strong><\/p>\n<p style=\"text-align: center;\"><span style=\"font-family: Arial, sans-serif;\"><a href=\"http:\/\/coaching-clown.de\/?page_id=383\">Inszenierungen und Re-Inszenierungen<\/a><\/span><\/p>\n<p>&nbsp;<\/p>\n<p>&nbsp;<\/p>\n<p style=\"text-align: center;\"><strong><span style=\"color: #000000;\"><span style=\"font-family: Arial,sans-serif;\">Coaching und Workshops:<\/span><\/span><\/strong><\/p>\n<p style=\"text-align: center;\"><span style=\"font-family: Arial,sans-serif;\"><a href=\"http:\/\/coaching-clown.de\/?page_id=262\">Coaching<\/a><\/span><\/p>\n<p style=\"text-align: center;\"><span style=\"font-family: Arial,sans-serif;\"><a href=\"http:\/\/coaching-clown.de\/?page_id=275\">Teambuilding<\/a><\/span><\/p>\n<p style=\"text-align: center;\"><span style=\"font-family: Arial,sans-serif;\"><a href=\"http:\/\/coaching-clown.de\/?page_id=439\">B\u00fchnenpr\u00e4senz<\/a><\/span><\/p>\n<p style=\"text-align: center;\"><span style=\"font-family: Arial,sans-serif;\"><a href=\"http:\/\/coaching-clown.de\/?page_id=286\">Die Balance finden<\/a><\/span><\/p>\n<p style=\"text-align: center;\"><span style=\"font-family: Arial,sans-serif;\"><a href=\"http:\/\/coaching-clown.de\/?page_id=261\">Jonglage und komplexe Herausforderungen<\/a><\/span><\/p>\n<p style=\"text-align: center;\"><span style=\"font-family: Arial,sans-serif;\"><a href=\"http:\/\/coaching-clown.de\/?page_id=288\">Kontakt-Jonglage<\/a><\/span><\/p>\n<p style=\"text-align: center;\"><span style=\"font-family: Arial,sans-serif;\"><a href=\"http:\/\/coaching-clown.de\/?page_id=213\">Clown-Training<\/a><\/span><\/p>\n<p style=\"text-align: center;\"><span style=\"font-family: Arial, sans-serif;\"><a href=\"http:\/\/coaching-clown.de\/?page_id=272\">Zirkus Workshops<\/a><\/span><\/p>\n","protected":false},"excerpt":{"rendered":"<p>Beschreibung: 1 Begeben sie sich f\u00fcr diese \u00dcbung in das Bewusstsein eines Babys. Sie wissen noch nichts \u00fcber diese Welt und sind auf Entdeckungsreise. W\u00e4hlen Sie ein Objekt und betrachten sie es mit Neugier. Benutzen sie alle ihre Sinne. H\u00f6ren, &hellip; <a href=\"https:\/\/coaching-clown.de\/?page_id=1009\">Weiterlesen <span class=\"meta-nav\">&rarr;<\/span><\/a><\/p>\n","protected":false},"author":1,"featured_media":0,"parent":976,"menu_order":40,"comment_status":"closed","ping_status":"open","template":"","meta":[],"_links":{"self":[{"href":"https:\/\/coaching-clown.de\/index.php?rest_route=\/wp\/v2\/pages\/1009"}],"collection":[{"href":"https:\/\/coaching-clown.de\/index.php?rest_route=\/wp\/v2\/pages"}],"about":[{"href":"https:\/\/coaching-clown.de\/index.php?rest_route=\/wp\/v2\/types\/page"}],"author":[{"embeddable":true,"href":"https:\/\/coaching-clown.de\/index.php?rest_route=\/wp\/v2\/users\/1"}],"replies":[{"embeddable":true,"href":"https:\/\/coaching-clown.de\/index.php?rest_route=%2Fwp%2Fv2%2Fcomments&post=1009"}],"version-history":[{"count":7,"href":"https:\/\/coaching-clown.de\/index.php?rest_route=\/wp\/v2\/pages\/1009\/revisions"}],"predecessor-version":[{"id":1712,"href":"https:\/\/coaching-clown.de\/index.php?rest_route=\/wp\/v2\/pages\/1009\/revisions\/1712"}],"up":[{"embeddable":true,"href":"https:\/\/coaching-clown.de\/index.php?rest_route=\/wp\/v2\/pages\/976"}],"wp:attachment":[{"href":"https:\/\/coaching-clown.de\/index.php?rest_route=%2Fwp%2Fv2%2Fmedia&parent=1009"}],"curies":[{"name":"wp","href":"https:\/\/api.w.org\/{rel}","templated":true}]}}