{"id":1011,"date":"2015-06-15T21:38:09","date_gmt":"2015-06-15T21:38:09","guid":{"rendered":"http:\/\/coaching-clown.de\/?page_id=1011"},"modified":"2017-03-31T12:10:09","modified_gmt":"2017-03-31T12:10:09","slug":"der-persoenliche-raum","status":"publish","type":"page","link":"https:\/\/coaching-clown.de\/?page_id=1011","title":{"rendered":"Der pers\u00f6nliche Raum"},"content":{"rendered":"<div id='gallery-1' class='gallery galleryid-1011 gallery-columns-3 gallery-size-thumbnail'><dl class='gallery-item'>\n\t\t\t<dt class='gallery-icon landscape'>\n\t\t\t\t<a href='https:\/\/coaching-clown.de\/?attachment_id=1691'><img width=\"150\" height=\"150\" src=\"https:\/\/coaching-clown.de\/wp-content\/uploads\/2015\/06\/woman-1749910_1920-150x150.jpg\" class=\"attachment-thumbnail size-thumbnail\" alt=\"\" decoding=\"async\" loading=\"lazy\" \/><\/a>\n\t\t\t<\/dt><\/dl><dl class='gallery-item'>\n\t\t\t<dt class='gallery-icon landscape'>\n\t\t\t\t<a href='https:\/\/coaching-clown.de\/?attachment_id=1692'><img width=\"150\" height=\"150\" src=\"https:\/\/coaching-clown.de\/wp-content\/uploads\/2015\/06\/silhouette-1304143_1920-150x150.jpg\" class=\"attachment-thumbnail size-thumbnail\" alt=\"\" decoding=\"async\" loading=\"lazy\" \/><\/a>\n\t\t\t<\/dt><\/dl><dl class='gallery-item'>\n\t\t\t<dt class='gallery-icon landscape'>\n\t\t\t\t<a href='https:\/\/coaching-clown.de\/?attachment_id=1693'><img width=\"150\" height=\"150\" src=\"https:\/\/coaching-clown.de\/wp-content\/uploads\/2015\/06\/juggler-1216853_1920-150x150.jpg\" class=\"attachment-thumbnail size-thumbnail\" alt=\"\" decoding=\"async\" loading=\"lazy\" \/><\/a>\n\t\t\t<\/dt><\/dl><br style=\"clear: both\" \/>\n\t\t<\/div>\n\n<p align=\"LEFT\"><span style=\"color: #000000;\"><span style=\"font-family: Arial,sans-serif;\"><span style=\"font-size: medium;\"><i><b>Beschreibung: <\/b><\/i><\/span><\/span><\/span><\/p>\n<p align=\"LEFT\"><span style=\"color: #000000;\"><span style=\"font-family: Arial,sans-serif;\"><span style=\"font-size: medium;\">Person A befindet sich an einem von ihr gew\u00e4hlten Ort im Raum. Sie ist in ihrer Welt. Bei dieser \u00dcbung ist darauf zu achten, dass A ausreichend Platz hat, so dass eine zweite Person B sich A zun\u00e4chst n\u00e4hern kann, ohne dass A sich in seinem pers\u00f6nlichen Raum gest\u00f6rt f\u00fchlt. B m\u00f6chte mit A spielen. Die Aufgabe von B ist es ohne Worte die Aufmerksamkeit von A zu gewinnen und ihm Spielangebote zu machen, damit A ihn in seinen pers\u00f6nlichen Raum einl\u00e4dt. F\u00fcr A ist es wichtig, ehrlich auf die Angebote von B zu reagieren. Wenn ein Angebot nicht gef\u00e4llt, so muss dies auch gezeigt werden.<\/span><\/span><\/span><\/p>\n<p align=\"LEFT\"><span style=\"color: #000000;\"><span style=\"font-family: Arial,sans-serif;\"><span style=\"font-size: medium;\">Entsteht ein Spiel zwischen den Spielpartnern wird es zu Ende gespielt. Danach werden die Rollen getauscht.<\/span><\/span><\/span><\/p>\n<p align=\"LEFT\"><span style=\"color: #000000;\"><span style=\"font-family: Arial,sans-serif;\"><span style=\"font-size: medium;\"><span style=\"color: #000000;\"><span style=\"font-family: Arial,sans-serif;\"><span style=\"font-size: medium;\"><i><b>Dauer: <\/b><\/i><\/span><\/span><\/span><span style=\"color: #000000;\"><span style=\"font-family: Arial,sans-serif;\"><span style=\"font-size: medium;\"><i>ca. 5 min. bis 10 min. pro Paar<\/i><\/span><\/span><\/span><\/span><\/span><\/span><\/p>\n<p align=\"LEFT\"><span style=\"color: #000000;\"><span style=\"font-family: Arial,sans-serif;\"><span style=\"font-size: medium;\"><span style=\"color: #000000;\"><span style=\"font-family: Arial,sans-serif;\"><span style=\"font-size: medium;\"><i><b>Materialien: <\/b><\/i><\/span><\/span><\/span><span style=\"color: #000000;\"><span style=\"font-family: Arial,sans-serif;\"><span style=\"font-size: medium;\"><i>keine <\/i><\/span><\/span><\/span><\/span><\/span><\/span><\/p>\n<p align=\"LEFT\"><span style=\"color: #000000;\"><span style=\"font-family: Arial,sans-serif;\"><span style=\"font-size: medium;\"><span style=\"color: #000000;\"><span style=\"font-family: Arial,sans-serif;\"><span style=\"font-size: medium;\"><i><b>Teilnehmerzahl: <\/b><\/i><\/span><\/span><\/span><span style=\"color: #000000;\"><span style=\"font-family: Arial,sans-serif;\"><span style=\"font-size: medium;\"><i>in Paaren<\/i><\/span><\/span><\/span><\/span><\/span><\/span><\/p>\n<p>&nbsp;<\/p>\n<p align=\"LEFT\"><span style=\"color: #000000;\"><span style=\"font-family: Arial,sans-serif;\"><span style=\"font-size: medium;\"><i><b>Erfahrungen \/ Empfindungen der Teilnehmer: <\/b><\/i><\/span><\/span><\/span><\/p>\n<ul>\n<li>\n<p align=\"LEFT\"><span style=\"color: #000000;\"><span style=\"font-family: Arial,sans-serif;\"><span style=\"font-size: medium;\"><i>Wahrnehmung von Offen- und Geschlossenheit<\/i><\/span><\/span><\/span><\/p>\n<\/li>\n<li>\n<p align=\"LEFT\"><span style=\"color: #000000;\"><span style=\"font-family: Arial,sans-serif;\"><span style=\"font-size: medium;\"><i>Raumwahrnehmung (insbesondere pers\u00f6nlicher Raum)<\/i><\/span><\/span><\/span><\/p>\n<\/li>\n<li>\n<p align=\"LEFT\"><span style=\"color: #000000;\"><span style=\"font-family: Arial,sans-serif;\"><span style=\"font-size: medium;\"><i>Ehrlichkeit und Emotionen<\/i><\/span><\/span><\/span><\/p>\n<\/li>\n<li>\n<p align=\"LEFT\"><span style=\"color: #000000;\"><span style=\"font-family: Arial,sans-serif;\"><span style=\"font-size: medium;\"><i>Neugier und Staunen<\/i><\/span><\/span><\/span><\/p>\n<\/li>\n<li>\n<p align=\"LEFT\"><span style=\"color: #000000;\"><span style=\"font-family: Arial,sans-serif;\"><span style=\"font-size: medium;\"><i>Akzeptanz des Ist-Zustands<\/i><\/span><\/span><\/span><\/p>\n<\/li>\n<li>\n<p align=\"LEFT\"><span style=\"color: #000000;\"><span style=\"font-family: Arial,sans-serif;\"><span style=\"font-size: medium;\"><i>Vertrauen und Versuchen<\/i><\/span><\/span><\/span><\/p>\n<\/li>\n<li>\n<p align=\"LEFT\"><span style=\"color: #000000;\"><span style=\"font-family: Arial,sans-serif;\"><span style=\"font-size: medium;\"><i>Kreativit\u00e4t<\/i><\/span><\/span><\/span><\/p>\n<\/li>\n<li>\n<p align=\"LEFT\"><span style=\"color: #000000;\"><span style=\"font-family: Arial,sans-serif;\"><span style=\"font-size: medium;\"><i>Pr\u00e4senz<\/i><\/span><\/span><\/span><\/p>\n<\/li>\n<li>\n<p align=\"LEFT\"><span style=\"color: #000000;\"><span style=\"font-family: Arial,sans-serif;\"><span style=\"font-size: medium;\"><i>doppelter Punkt der Aufmerksamkeit<\/i><\/span><\/span><\/span><\/p>\n<\/li>\n<li>\n<p align=\"LEFT\"><span style=\"color: #000000;\"><span style=\"font-family: Arial,sans-serif;\"><span style=\"font-size: medium;\"><i>Fremdwahrnehmung<\/i><\/span><\/span><\/span><\/p>\n<\/li>\n<li>\n<p align=\"LEFT\"><span style=\"color: #000000;\"><span style=\"font-family: Arial,sans-serif;\"><span style=\"font-size: medium;\"><i>Selbstwahrnehmung<\/i><\/span><\/span><\/span><\/p>\n<\/li>\n<li>\n<p align=\"LEFT\"><span style=\"color: #000000;\"><span style=\"font-family: Arial,sans-serif;\"><span style=\"font-size: medium;\"><i>Improvisation<\/i><\/span><\/span><\/span><\/p>\n<\/li>\n<li>\n<p align=\"LEFT\"><span style=\"color: #000000;\"><span style=\"font-family: Arial,sans-serif;\"><span style=\"font-size: medium;\"><i>Intuition<\/i><\/span><\/span><\/span><\/p>\n<\/li>\n<li>\n<p align=\"LEFT\"><span style=\"color: #000000;\"><span style=\"font-family: Arial,sans-serif;\"><span style=\"font-size: medium;\"><i>Timing<\/i><\/span><\/span><\/span><\/p>\n<\/li>\n<li>\n<p align=\"LEFT\"><span style=\"color: #000000;\"><span style=\"font-family: Arial,sans-serif;\"><span style=\"font-size: medium;\"><i>Synchronisieren<\/i><\/span><\/span><\/span><\/p>\n<\/li>\n<li>\n<p align=\"LEFT\"><span style=\"color: #000000;\"><span style=\"font-family: Arial,sans-serif;\"><span style=\"font-size: medium;\"><i>weitere werden st\u00e4ndig neu entdeckt<\/i><\/span><\/span><\/span><\/p>\n<\/li>\n<\/ul>\n<p>&nbsp;<\/p>\n<p style=\"text-align: center;\"><strong><span style=\"color: #000000;\"><span style=\"font-family: Arial,sans-serif;\">weitere (Bei)Spiele\/ Methoden:<\/span><\/span><\/strong><\/p>\n<p style=\"text-align: center;\"><span style=\"font-family: Arial, sans-serif;\"><a href=\"http:\/\/coaching-clown.de\/?page_id=1003\">Spiegeln<\/a><\/span><\/p>\n<p style=\"text-align: center;\"><span style=\"font-family: Arial, sans-serif;\"><a href=\"http:\/\/coaching-clown.de\/?page_id=1005\">Laufen und Stehen<\/a><\/span><\/p>\n<p style=\"text-align: center;\"><span style=\"font-family: Arial, sans-serif;\"><a href=\"http:\/\/coaching-clown.de\/?page_id=1007\">Wechsel der Extreme<\/a><\/span><\/p>\n<p style=\"text-align: center;\"><span style=\"font-family: Arial, sans-serif;\"><a href=\"http:\/\/coaching-clown.de\/?page_id=1009\">Entdecken<\/a><\/span><\/p>\n<p style=\"text-align: center;\"><strong><span style=\"font-family: Arial,sans-serif;\"><a href=\"http:\/\/coaching-clown.de\/?page_id=383\">Inszenierungen und Re-Inszenierungen<\/a><\/span><\/strong><\/p>\n<p>&nbsp;<\/p>\n<p>&nbsp;<\/p>\n<p style=\"text-align: center;\"><strong><span style=\"color: #000000;\"><span style=\"font-family: Arial,sans-serif;\">Coaching und Workshops:<\/span><\/span><\/strong><\/p>\n<p style=\"text-align: center;\"><span style=\"font-family: Arial,sans-serif;\"><a href=\"http:\/\/coaching-clown.de\/?page_id=262\">Coaching<\/a><\/span><\/p>\n<p style=\"text-align: center;\"><span style=\"font-family: Arial,sans-serif;\"><a href=\"http:\/\/coaching-clown.de\/?page_id=275\">Teambuilding<\/a><\/span><\/p>\n<p style=\"text-align: center;\"><span style=\"font-family: Arial,sans-serif;\"><a href=\"http:\/\/coaching-clown.de\/?page_id=439\">B\u00fchnenpr\u00e4senz<\/a><\/span><\/p>\n<p style=\"text-align: center;\"><span style=\"font-family: Arial,sans-serif;\"><a href=\"http:\/\/coaching-clown.de\/?page_id=286\">Die Balance finden<\/a><\/span><\/p>\n<p style=\"text-align: center;\"><span style=\"font-family: Arial,sans-serif;\"><a href=\"http:\/\/coaching-clown.de\/?page_id=261\">Jonglage und komplexe Herausforderungen<\/a><\/span><\/p>\n<p style=\"text-align: center;\"><span style=\"font-family: Arial,sans-serif;\"><a href=\"http:\/\/coaching-clown.de\/?page_id=288\">Kontakt-Jonglage<\/a><\/span><\/p>\n<p style=\"text-align: center;\"><span style=\"font-family: Arial,sans-serif;\"><a href=\"http:\/\/coaching-clown.de\/?page_id=213\">Clown-Training<\/a><\/span><\/p>\n<p style=\"text-align: center;\"><span style=\"font-family: Arial, sans-serif;\"><a href=\"http:\/\/coaching-clown.de\/?page_id=272\">Zirkus Workshops<\/a><\/span><\/p>\n","protected":false},"excerpt":{"rendered":"<p>Beschreibung: Person A befindet sich an einem von ihr gew\u00e4hlten Ort im Raum. Sie ist in ihrer Welt. Bei dieser \u00dcbung ist darauf zu achten, dass A ausreichend Platz hat, so dass eine zweite Person B sich A zun\u00e4chst n\u00e4hern &hellip; <a href=\"https:\/\/coaching-clown.de\/?page_id=1011\">Weiterlesen <span class=\"meta-nav\">&rarr;<\/span><\/a><\/p>\n","protected":false},"author":1,"featured_media":0,"parent":976,"menu_order":50,"comment_status":"closed","ping_status":"open","template":"","meta":[],"_links":{"self":[{"href":"https:\/\/coaching-clown.de\/index.php?rest_route=\/wp\/v2\/pages\/1011"}],"collection":[{"href":"https:\/\/coaching-clown.de\/index.php?rest_route=\/wp\/v2\/pages"}],"about":[{"href":"https:\/\/coaching-clown.de\/index.php?rest_route=\/wp\/v2\/types\/page"}],"author":[{"embeddable":true,"href":"https:\/\/coaching-clown.de\/index.php?rest_route=\/wp\/v2\/users\/1"}],"replies":[{"embeddable":true,"href":"https:\/\/coaching-clown.de\/index.php?rest_route=%2Fwp%2Fv2%2Fcomments&post=1011"}],"version-history":[{"count":11,"href":"https:\/\/coaching-clown.de\/index.php?rest_route=\/wp\/v2\/pages\/1011\/revisions"}],"predecessor-version":[{"id":1714,"href":"https:\/\/coaching-clown.de\/index.php?rest_route=\/wp\/v2\/pages\/1011\/revisions\/1714"}],"up":[{"embeddable":true,"href":"https:\/\/coaching-clown.de\/index.php?rest_route=\/wp\/v2\/pages\/976"}],"wp:attachment":[{"href":"https:\/\/coaching-clown.de\/index.php?rest_route=%2Fwp%2Fv2%2Fmedia&parent=1011"}],"curies":[{"name":"wp","href":"https:\/\/api.w.org\/{rel}","templated":true}]}}