{"id":1277,"date":"2016-04-03T16:59:00","date_gmt":"2016-04-03T16:59:00","guid":{"rendered":"http:\/\/coaching-clown.de\/?page_id=1277"},"modified":"2016-04-03T18:14:49","modified_gmt":"2016-04-03T18:14:49","slug":"sieben-voraussetzungen-fuer-die-umsetzung-der-systemischen-coachinghaltung-in-die-praxis","status":"publish","type":"page","link":"https:\/\/coaching-clown.de\/?page_id=1277","title":{"rendered":"Sieben Voraussetzungen f\u00fcr die Umsetzung der systemischen Coachinghaltung in die Praxis."},"content":{"rendered":"<p align=\"JUSTIFY\"><span style=\"font-family: Arial,sans-serif;\">Diese Voraussetzungen<a href=\"#sdfootnote1sym\" name=\"sdfootnote1anc\">1<\/a> werden alle ebenfalls durch den Clown erf\u00fcllt.<\/span><\/p>\n<p style=\"text-align: left;\" align=\"justify\"><span style=\"font-family: Arial, sans-serif;\"> 1.1 <a href=\"http:\/\/coaching-clown.de\/?page_id=506\">Lethologische Begabung<\/a><\/span><\/p>\n<p><span style=\"font-family: Arial, sans-serif;\"> 1.2 <a href=\"http:\/\/coaching-clown.de\/?page_id=507\">Vertrauen und Wertsch\u00e4tzung<\/a><a href=\"#sdfootnote4sym\" name=\"sdfootnote4anc\"><sup>4<\/sup><\/a><\/span><\/p>\n<p style=\"text-align: left;\" align=\"justify\"><span style=\"font-family: Arial, sans-serif;\"> 1.3 <a href=\"http:\/\/coaching-clown.de\/?page_id=1285\">Eigene Ziele und Hypothesen loslassen<\/a><\/span><\/p>\n<p style=\"text-align: left;\" align=\"justify\"><span style=\"font-family: Arial, sans-serif;\"> 1.4 <a href=\"http:\/\/coaching-clown.de\/?page_id=1288\">Freiwilligkeit des Coahinggespr\u00e4chs<\/a><a href=\"#sdfootnote5sym\" name=\"sdfootnote5anc\"><sup>5<\/sup><\/a><\/span><\/p>\n<p style=\"text-align: left;\" align=\"justify\"><span style=\"font-family: Arial, sans-serif;\"> 1.5 <a href=\"http:\/\/coaching-clown.de\/?page_id=1291\">Unterst\u00fctzung anderer bei ihrer L\u00f6sung<\/a><\/span><\/p>\n<p style=\"text-align: left;\" align=\"justify\"><span style=\"font-family: Arial, sans-serif;\"> 1.6 <a href=\"http:\/\/coaching-clown.de\/?page_id=1294\">Dissoziieren<\/a><\/span><\/p>\n<p style=\"text-align: left;\" align=\"justify\"><span style=\"font-family: Arial, sans-serif;\"> 1.7 <a href=\"http:\/\/coaching-clown.de\/?page_id=1296\">Bei jedem Coaching lernt (auch) der Coach<\/a><\/span><\/p>\n","protected":false},"excerpt":{"rendered":"<p>Diese Voraussetzungen1 werden alle ebenfalls durch den Clown erf\u00fcllt. 1.1 Lethologische Begabung 1.2 Vertrauen und Wertsch\u00e4tzung4 1.3 Eigene Ziele und Hypothesen loslassen 1.4 Freiwilligkeit des Coahinggespr\u00e4chs5 1.5 Unterst\u00fctzung anderer bei ihrer L\u00f6sung 1.6 Dissoziieren 1.7 Bei jedem Coaching lernt (auch) &hellip; <a href=\"https:\/\/coaching-clown.de\/?page_id=1277\">Weiterlesen <span class=\"meta-nav\">&rarr;<\/span><\/a><\/p>\n","protected":false},"author":1,"featured_media":0,"parent":418,"menu_order":10,"comment_status":"closed","ping_status":"open","template":"","meta":[],"_links":{"self":[{"href":"https:\/\/coaching-clown.de\/index.php?rest_route=\/wp\/v2\/pages\/1277"}],"collection":[{"href":"https:\/\/coaching-clown.de\/index.php?rest_route=\/wp\/v2\/pages"}],"about":[{"href":"https:\/\/coaching-clown.de\/index.php?rest_route=\/wp\/v2\/types\/page"}],"author":[{"embeddable":true,"href":"https:\/\/coaching-clown.de\/index.php?rest_route=\/wp\/v2\/users\/1"}],"replies":[{"embeddable":true,"href":"https:\/\/coaching-clown.de\/index.php?rest_route=%2Fwp%2Fv2%2Fcomments&post=1277"}],"version-history":[{"count":2,"href":"https:\/\/coaching-clown.de\/index.php?rest_route=\/wp\/v2\/pages\/1277\/revisions"}],"predecessor-version":[{"id":1340,"href":"https:\/\/coaching-clown.de\/index.php?rest_route=\/wp\/v2\/pages\/1277\/revisions\/1340"}],"up":[{"embeddable":true,"href":"https:\/\/coaching-clown.de\/index.php?rest_route=\/wp\/v2\/pages\/418"}],"wp:attachment":[{"href":"https:\/\/coaching-clown.de\/index.php?rest_route=%2Fwp%2Fv2%2Fmedia&parent=1277"}],"curies":[{"name":"wp","href":"https:\/\/api.w.org\/{rel}","templated":true}]}}