{"id":1291,"date":"2016-04-03T17:10:50","date_gmt":"2016-04-03T17:10:50","guid":{"rendered":"http:\/\/coaching-clown.de\/?page_id=1291"},"modified":"2016-04-03T18:18:49","modified_gmt":"2016-04-03T18:18:49","slug":"unterstuetzung-anderer-bei-ihrer-loesung","status":"publish","type":"page","link":"https:\/\/coaching-clown.de\/?page_id=1291","title":{"rendered":"Unterst\u00fctzung anderer bei ihrer L\u00f6sung"},"content":{"rendered":"<p align=\"JUSTIFY\">\u201e<span style=\"font-family: Arial,sans-serif;\">Eine wesentliche Annahme der systemischen und der l\u00f6sungsorientierten Beratung ist, dass jedes Individuum bereits die L\u00f6sung in sich tr\u00e4gt, zu der der Zugang offensichtlich verwehrt ist.\u201c<\/span><sup><span style=\"font-family: Arial,sans-serif;\"><a href=\"#sdfootnote1sym\" name=\"sdfootnote1anc\"><sup>1<\/sup><\/a><\/span><\/sup><\/p>\n<p align=\"JUSTIFY\"><span style=\"font-family: Arial,sans-serif;\">Clown und Coach haben keine L\u00f6sung. Sie erkunden die Situation, zeigen neue M\u00f6glichkeiten auf und unterst\u00fctzen so den Betrachter beim Erkennen einer eigenen L\u00f6sung.<\/span><sup><span style=\"font-family: Arial,sans-serif;\"><a href=\"#sdfootnote2sym\" name=\"sdfootnote2anc\"><sup>2<\/sup><\/a><\/span><\/sup><span style=\"font-family: Arial,sans-serif;\"> Die Verantwortung zum Erkennen der L\u00f6sung liegt in diesem Prozess beim Publikum bzw. Coachee.<\/span><sup><span style=\"font-family: Arial,sans-serif;\"><a href=\"#sdfootnote3sym\" name=\"sdfootnote3anc\"><sup>3<\/sup><\/a><\/span><\/sup><span style=\"font-family: Arial,sans-serif;\">\u201eEs wird nicht in jedem Fall sofort eine konkrete L\u00f6sung geben. Oft liegt der Gewinn auch schon in einer erweiterten Problemsicht\u201c.<\/span><sup><span style=\"font-family: Arial,sans-serif;\"><a href=\"#sdfootnote4sym\" name=\"sdfootnote4anc\"><sup>4<\/sup><\/a><\/span><\/sup><\/p>\n<p align=\"JUSTIFY\"><span style=\"font-family: Arial,sans-serif;\">Das Lachen ist die L\u00f6sung des Clown.<\/span><span style=\"font-family: Arial,sans-serif;\">\u201eDer Prozess des Humors ist in gewisser Weise eine Des-Illusionierung \u2013 eine Ent-T\u00e4uschung.\u201c<\/span><sup><span style=\"font-family: Arial,sans-serif;\"><a href=\"#sdfootnote5sym\" name=\"sdfootnote5anc\"><sup>5<\/sup><\/a><\/span><\/sup><span style=\"font-family: Arial,sans-serif;\">\u201eDas Lachen wirkt dabei oft wie eine Art \u201eKurzschluss\u201c zwischen Denken, F\u00fchlen und Sinn.\u201c<\/span><sup><span style=\"font-family: Arial,sans-serif;\"><a href=\"#sdfootnote6sym\" name=\"sdfootnote6anc\"><sup>6<\/sup><\/a><\/span><\/sup><\/p>\n<p align=\"JUSTIFY\">\u201e<span style=\"font-family: Arial,sans-serif;\">Ein guter Clown ist ein Heiliger, weil er Gott bei seiner Arbeit hilft.\u201c<\/span><sup><span style=\"font-family: Arial,sans-serif;\"><a href=\"#sdfootnote7sym\" name=\"sdfootnote7anc\"><sup>7<\/sup><\/a><\/span><\/sup><\/p>\n<p style=\"text-align: left;\" align=\"justify\"><span style=\"font-family: Arial, sans-serif;\"> 1.6 <a href=\"http:\/\/coaching-clown.de\/?page_id=1294\">Dissoziieren<\/a><\/span><\/p>\n","protected":false},"excerpt":{"rendered":"<p>\u201eEine wesentliche Annahme der systemischen und der l\u00f6sungsorientierten Beratung ist, dass jedes Individuum bereits die L\u00f6sung in sich tr\u00e4gt, zu der der Zugang offensichtlich verwehrt ist.\u201c1 Clown und Coach haben keine L\u00f6sung. Sie erkunden die Situation, zeigen neue M\u00f6glichkeiten auf &hellip; <a href=\"https:\/\/coaching-clown.de\/?page_id=1291\">Weiterlesen <span class=\"meta-nav\">&rarr;<\/span><\/a><\/p>\n","protected":false},"author":1,"featured_media":0,"parent":1277,"menu_order":50,"comment_status":"closed","ping_status":"open","template":"","meta":[],"_links":{"self":[{"href":"https:\/\/coaching-clown.de\/index.php?rest_route=\/wp\/v2\/pages\/1291"}],"collection":[{"href":"https:\/\/coaching-clown.de\/index.php?rest_route=\/wp\/v2\/pages"}],"about":[{"href":"https:\/\/coaching-clown.de\/index.php?rest_route=\/wp\/v2\/types\/page"}],"author":[{"embeddable":true,"href":"https:\/\/coaching-clown.de\/index.php?rest_route=\/wp\/v2\/users\/1"}],"replies":[{"embeddable":true,"href":"https:\/\/coaching-clown.de\/index.php?rest_route=%2Fwp%2Fv2%2Fcomments&post=1291"}],"version-history":[{"count":2,"href":"https:\/\/coaching-clown.de\/index.php?rest_route=\/wp\/v2\/pages\/1291\/revisions"}],"predecessor-version":[{"id":1346,"href":"https:\/\/coaching-clown.de\/index.php?rest_route=\/wp\/v2\/pages\/1291\/revisions\/1346"}],"up":[{"embeddable":true,"href":"https:\/\/coaching-clown.de\/index.php?rest_route=\/wp\/v2\/pages\/1277"}],"wp:attachment":[{"href":"https:\/\/coaching-clown.de\/index.php?rest_route=%2Fwp%2Fv2%2Fmedia&parent=1291"}],"curies":[{"name":"wp","href":"https:\/\/api.w.org\/{rel}","templated":true}]}}