{"id":1296,"date":"2016-04-03T17:13:42","date_gmt":"2016-04-03T17:13:42","guid":{"rendered":"http:\/\/coaching-clown.de\/?page_id=1296"},"modified":"2016-04-03T18:20:20","modified_gmt":"2016-04-03T18:20:20","slug":"bei-jedem-coaching-lernt-auch-der-coach","status":"publish","type":"page","link":"https:\/\/coaching-clown.de\/?page_id=1296","title":{"rendered":"Bei jedem Coaching lernt (auch) der Coach"},"content":{"rendered":"<p align=\"JUSTIFY\">\u201e<span style=\"font-family: Arial,sans-serif;\">Systemische Coachs n\u00fctzen jedes Coaching, um selbst zu lernen: noch pr\u00e4zisere Fragen zu stellen, die noch genauer auf den Punkt kommen, noch bessere Dienstleistungen gegen\u00fcber dem Coachee zu erbringen, das eigene Wissen zu erweitern und sich Anregungen f\u00fcr die Selbstreflexion zu holen.\u201c<\/span><sup><span style=\"font-family: Arial,sans-serif;\"><a href=\"#sdfootnote1sym\" name=\"sdfootnote1anc\"><sup>1<\/sup><\/a><\/span><\/sup><\/p>\n<p align=\"JUSTIFY\"><span style=\"font-family: Arial,sans-serif;\">Der Clown Grock dr\u00fcckt es so aus:<\/span><\/p>\n<p align=\"JUSTIFY\">\u201e<span style=\"font-family: Arial,sans-serif;\">Und auch da (bei dem Besten, das \u00fcbrig bliebt) gab es nie einen endg\u00fcltigen Schlusspunkt, es lag in jeder Idee immer noch die M\u00f6glichkeit, sie zu verfeinern.\u201c<\/span><sup><span style=\"font-family: Arial,sans-serif;\"><a href=\"#sdfootnote2sym\" name=\"sdfootnote2anc\"><sup>2<\/sup><\/a><\/span><\/sup><\/p>\n<p align=\"JUSTIFY\"><span style=\"font-family: Arial,sans-serif;\">Sind die Voraussetzungen erf\u00fcllt, kann ein erfolgreiches systemisches Coaching bzw. Clowning stattfinden.<\/span><\/p>\n<p style=\"text-align: justify;\" align=\"justify\"><strong><span style=\"font-family: Arial,sans-serif;\">2. <a href=\"http:\/\/coaching-clown.de\/?page_id=1281\">Modell zur Arbeitsweise von Clown und Coach<\/a><\/p>\n","protected":false},"excerpt":{"rendered":"<p>\u201eSystemische Coachs n\u00fctzen jedes Coaching, um selbst zu lernen: noch pr\u00e4zisere Fragen zu stellen, die noch genauer auf den Punkt kommen, noch bessere Dienstleistungen gegen\u00fcber dem Coachee zu erbringen, das eigene Wissen zu erweitern und sich Anregungen f\u00fcr die Selbstreflexion &hellip; <a href=\"https:\/\/coaching-clown.de\/?page_id=1296\">Weiterlesen <span class=\"meta-nav\">&rarr;<\/span><\/a><\/p>\n","protected":false},"author":1,"featured_media":0,"parent":1277,"menu_order":70,"comment_status":"closed","ping_status":"open","template":"","meta":[],"_links":{"self":[{"href":"https:\/\/coaching-clown.de\/index.php?rest_route=\/wp\/v2\/pages\/1296"}],"collection":[{"href":"https:\/\/coaching-clown.de\/index.php?rest_route=\/wp\/v2\/pages"}],"about":[{"href":"https:\/\/coaching-clown.de\/index.php?rest_route=\/wp\/v2\/types\/page"}],"author":[{"embeddable":true,"href":"https:\/\/coaching-clown.de\/index.php?rest_route=\/wp\/v2\/users\/1"}],"replies":[{"embeddable":true,"href":"https:\/\/coaching-clown.de\/index.php?rest_route=%2Fwp%2Fv2%2Fcomments&post=1296"}],"version-history":[{"count":2,"href":"https:\/\/coaching-clown.de\/index.php?rest_route=\/wp\/v2\/pages\/1296\/revisions"}],"predecessor-version":[{"id":1348,"href":"https:\/\/coaching-clown.de\/index.php?rest_route=\/wp\/v2\/pages\/1296\/revisions\/1348"}],"up":[{"embeddable":true,"href":"https:\/\/coaching-clown.de\/index.php?rest_route=\/wp\/v2\/pages\/1277"}],"wp:attachment":[{"href":"https:\/\/coaching-clown.de\/index.php?rest_route=%2Fwp%2Fv2%2Fmedia&parent=1296"}],"curies":[{"name":"wp","href":"https:\/\/api.w.org\/{rel}","templated":true}]}}