{"id":1302,"date":"2016-04-03T17:18:38","date_gmt":"2016-04-03T17:18:38","guid":{"rendered":"http:\/\/coaching-clown.de\/?page_id=1302"},"modified":"2016-04-03T18:21:56","modified_gmt":"2016-04-03T18:21:56","slug":"acceptation","status":"publish","type":"page","link":"https:\/\/coaching-clown.de\/?page_id=1302","title":{"rendered":"Acceptation"},"content":{"rendered":"<p align=\"JUSTIFY\">\u201e<span style=\"font-family: Arial,sans-serif;\">Im Beratungsprozess ist das h\u00f6chste Gut des Beratenden, dass er sein Gegen\u00fcber zun\u00e4chst so annehmen kann, wie es ist, in seinem System und mit seiner Vergangenheit. Wenn dies m\u00f6glich ist, dann ist schon einmal ein Kriterium f\u00fcr die Absicherung einer guten Beratung gegeben.\u201c<\/span><sup><span style=\"font-family: Arial,sans-serif;\"><a href=\"#sdfootnote1sym\" name=\"sdfootnote1anc\"><sup>1<\/sup><\/a><\/span><\/sup><span style=\"font-family: Arial,sans-serif;\">\u201eNur was ich akzeptiere, kann ich neu entscheiden und ver\u00e4ndern.\u201c<\/span><sup><span style=\"font-family: Arial,sans-serif;\"><a href=\"#sdfootnote2sym\" name=\"sdfootnote2anc\"><sup>2<\/sup><\/a><\/span><\/sup><\/p>\n<p align=\"JUSTIFY\">\u201e<span style=\"font-family: Arial,sans-serif;\">A clown can not do without contact; he always says \u201eyes\u201c. First to himself, then to others&#8230; Saying \u201eyes\u201c is knowing yourself, including all your qualities and flaws. A clown is a perfect example of someone, who knows his own faults and flaws and looks at them with a laugh and a tear.\u201c<\/span><sup><span style=\"font-family: Arial,sans-serif;\"><a href=\"#sdfootnote3sym\" name=\"sdfootnote3anc\"><sup>3<\/sup><\/a><\/span><\/sup><span style=\"font-family: Arial,sans-serif;\">\u201eHe does not have expectations&#8230;A clown is amazed about the possibilities and impossibilities of people, materials and mechanisms, but also accepts everything as it is&#8230;\u201c<\/span><sup><span style=\"font-family: Arial,sans-serif;\"><a href=\"#sdfootnote4sym\" name=\"sdfootnote4anc\"><sup>4<\/sup><\/a><\/span><\/sup><\/p>\n<p style=\"text-align: left;\" align=\"justify\"><span style=\"font-family: Arial, sans-serif;\"> 2.2 <a href=\"http:\/\/coaching-clown.de\/?page_id=1304\">Connection<\/a><\/span><\/p>\n","protected":false},"excerpt":{"rendered":"<p>\u201eIm Beratungsprozess ist das h\u00f6chste Gut des Beratenden, dass er sein Gegen\u00fcber zun\u00e4chst so annehmen kann, wie es ist, in seinem System und mit seiner Vergangenheit. Wenn dies m\u00f6glich ist, dann ist schon einmal ein Kriterium f\u00fcr die Absicherung einer &hellip; <a href=\"https:\/\/coaching-clown.de\/?page_id=1302\">Weiterlesen <span class=\"meta-nav\">&rarr;<\/span><\/a><\/p>\n","protected":false},"author":1,"featured_media":0,"parent":1281,"menu_order":10,"comment_status":"closed","ping_status":"open","template":"","meta":[],"_links":{"self":[{"href":"https:\/\/coaching-clown.de\/index.php?rest_route=\/wp\/v2\/pages\/1302"}],"collection":[{"href":"https:\/\/coaching-clown.de\/index.php?rest_route=\/wp\/v2\/pages"}],"about":[{"href":"https:\/\/coaching-clown.de\/index.php?rest_route=\/wp\/v2\/types\/page"}],"author":[{"embeddable":true,"href":"https:\/\/coaching-clown.de\/index.php?rest_route=\/wp\/v2\/users\/1"}],"replies":[{"embeddable":true,"href":"https:\/\/coaching-clown.de\/index.php?rest_route=%2Fwp%2Fv2%2Fcomments&post=1302"}],"version-history":[{"count":2,"href":"https:\/\/coaching-clown.de\/index.php?rest_route=\/wp\/v2\/pages\/1302\/revisions"}],"predecessor-version":[{"id":1350,"href":"https:\/\/coaching-clown.de\/index.php?rest_route=\/wp\/v2\/pages\/1302\/revisions\/1350"}],"up":[{"embeddable":true,"href":"https:\/\/coaching-clown.de\/index.php?rest_route=\/wp\/v2\/pages\/1281"}],"wp:attachment":[{"href":"https:\/\/coaching-clown.de\/index.php?rest_route=%2Fwp%2Fv2%2Fmedia&parent=1302"}],"curies":[{"name":"wp","href":"https:\/\/api.w.org\/{rel}","templated":true}]}}