{"id":1304,"date":"2016-04-03T17:20:17","date_gmt":"2016-04-03T17:20:17","guid":{"rendered":"http:\/\/coaching-clown.de\/?page_id=1304"},"modified":"2016-04-03T18:22:30","modified_gmt":"2016-04-03T18:22:30","slug":"connection","status":"publish","type":"page","link":"https:\/\/coaching-clown.de\/?page_id=1304","title":{"rendered":"Connection"},"content":{"rendered":"<p align=\"JUSTIFY\">\u201e<span style=\"font-family: Arial,sans-serif;\">Die Einheit f\u00fcr Ver\u00e4nderung ist Interaktion.\u201c<\/span><sup><span style=\"font-family: Arial,sans-serif;\"><a href=\"#sdfootnote1sym\" name=\"sdfootnote1anc\"><sup>1<\/sup><\/a><\/span><\/sup><span style=\"font-family: Arial,sans-serif;\">\u201eIm Mittelpunkt von Coaching steht die Art der Beziehung zwischen dem Coach und dem Gecoachten.\u201c<\/span><sup><span style=\"font-family: Arial,sans-serif;\"><a href=\"#sdfootnote2sym\" name=\"sdfootnote2anc\"><sup>2<\/sup><\/a><\/span><\/sup><\/p>\n<p align=\"JUSTIFY\"><span style=\"font-family: Arial,sans-serif;\">F\u00fcr den Clown ist sein Publikum ebenfalls das Wichtigste.<\/span><sup><span style=\"font-family: Arial,sans-serif;\"><a href=\"#sdfootnote3sym\" name=\"sdfootnote3anc\"><sup>3<\/sup><\/a><\/span><\/sup><span style=\"font-family: Arial,sans-serif;\">Er m\u00f6chte es beteiligen und m\u00f6chte, dass es mitmacht.<\/span><sup><span style=\"font-family: Arial,sans-serif;\"><a href=\"#sdfootnote4sym\" name=\"sdfootnote4anc\"><sup>4<\/sup><\/a><\/span><\/sup><span style=\"font-family: Arial,sans-serif;\">Die Beziehung steht im Vordergrund. Sie ist seine Arbeitsgrundlage.<\/span><sup><span style=\"font-family: Arial,sans-serif;\"><a href=\"#sdfootnote5sym\" name=\"sdfootnote5anc\"><sup>5<\/sup><\/a><\/span><\/sup><\/p>\n<p align=\"JUSTIFY\"><span style=\"font-family: Arial,sans-serif;\">Der Coach \u201emuss sich also auch in gewissem Sinne in die Kultur des Klientensystems integrieren k\u00f6nnen\u201c<\/span><sup><span style=\"font-family: Arial,sans-serif;\"><a href=\"#sdfootnote6sym\" name=\"sdfootnote6anc\"><sup>6<\/sup><\/a><\/span><\/sup><span style=\"font-family: Arial,sans-serif;\">und einen zikul\u00e4reren R\u00fcckkoppelungsprozess entstehen lassen.<\/span><sup><span style=\"font-family: Arial,sans-serif;\"><a href=\"#sdfootnote7sym\" name=\"sdfootnote7anc\"><sup>7<\/sup><\/a><\/span><\/sup><\/p>\n<p style=\"text-align: left;\" align=\"justify\"><span style=\"font-family: Arial, sans-serif;\"> 2.3 <a href=\"http:\/\/coaching-clown.de\/?page_id=1306\">Energy<\/a><\/span><\/p>\n","protected":false},"excerpt":{"rendered":"<p>\u201eDie Einheit f\u00fcr Ver\u00e4nderung ist Interaktion.\u201c1\u201eIm Mittelpunkt von Coaching steht die Art der Beziehung zwischen dem Coach und dem Gecoachten.\u201c2 F\u00fcr den Clown ist sein Publikum ebenfalls das Wichtigste.3Er m\u00f6chte es beteiligen und m\u00f6chte, dass es mitmacht.4Die Beziehung steht im &hellip; <a href=\"https:\/\/coaching-clown.de\/?page_id=1304\">Weiterlesen <span class=\"meta-nav\">&rarr;<\/span><\/a><\/p>\n","protected":false},"author":1,"featured_media":0,"parent":1281,"menu_order":20,"comment_status":"closed","ping_status":"open","template":"","meta":[],"_links":{"self":[{"href":"https:\/\/coaching-clown.de\/index.php?rest_route=\/wp\/v2\/pages\/1304"}],"collection":[{"href":"https:\/\/coaching-clown.de\/index.php?rest_route=\/wp\/v2\/pages"}],"about":[{"href":"https:\/\/coaching-clown.de\/index.php?rest_route=\/wp\/v2\/types\/page"}],"author":[{"embeddable":true,"href":"https:\/\/coaching-clown.de\/index.php?rest_route=\/wp\/v2\/users\/1"}],"replies":[{"embeddable":true,"href":"https:\/\/coaching-clown.de\/index.php?rest_route=%2Fwp%2Fv2%2Fcomments&post=1304"}],"version-history":[{"count":2,"href":"https:\/\/coaching-clown.de\/index.php?rest_route=\/wp\/v2\/pages\/1304\/revisions"}],"predecessor-version":[{"id":1351,"href":"https:\/\/coaching-clown.de\/index.php?rest_route=\/wp\/v2\/pages\/1304\/revisions\/1351"}],"up":[{"embeddable":true,"href":"https:\/\/coaching-clown.de\/index.php?rest_route=\/wp\/v2\/pages\/1281"}],"wp:attachment":[{"href":"https:\/\/coaching-clown.de\/index.php?rest_route=%2Fwp%2Fv2%2Fmedia&parent=1304"}],"curies":[{"name":"wp","href":"https:\/\/api.w.org\/{rel}","templated":true}]}}