{"id":1320,"date":"2016-04-03T17:30:22","date_gmt":"2016-04-03T17:30:22","guid":{"rendered":"http:\/\/coaching-clown.de\/?page_id=1320"},"modified":"2016-04-03T18:29:19","modified_gmt":"2016-04-03T18:29:19","slug":"verstoerung","status":"publish","type":"page","link":"https:\/\/coaching-clown.de\/?page_id=1320","title":{"rendered":"Verst\u00f6rung"},"content":{"rendered":"<p align=\"JUSTIFY\">\u201e<span style=\"font-family: Arial,sans-serif;\">Der Klient soll im Beratungsprozess leicht \u201everst\u00f6rt\u201c oder \u201eirritiert\u201c werden, seine Wirklichkeitskonstruktion wird mit einer anderen, neuen Wirklichkeit konfrontiert, damit eine neue Sichtweise entstehen kann.\u201c<\/span><sup><span style=\"font-family: Arial,sans-serif;\"><a href=\"#sdfootnote1sym\" name=\"sdfootnote1anc\"><sup>1<\/sup><\/a><\/span><\/sup><\/p>\n<p align=\"JUSTIFY\">\u201e<span style=\"font-family: Arial,sans-serif;\">Clown und Narr werden nicht nur bewundert, sondern auch gef\u00fcrchtet. Denn sie bringen in eine bestehende Ordnung zun\u00e4chst einmal \u201eChaos\u201c. Sie werfen die Baukl\u00f6tze durcheinander, um dann etwas Neues daraus zu bauen. Was sie aber auf keinen Fall tun: die Baukl\u00f6tze kaputt machen.\u201c<\/span><sup><span style=\"font-family: Arial,sans-serif;\"><a href=\"#sdfootnote2sym\" name=\"sdfootnote2anc\"><sup>2<\/sup><\/a><\/span><\/sup><span style=\"font-family: Arial,sans-serif;\">\u201eWas immer er zerschl\u00e4gt, es geschieht in friedvoller Absicht. Ein sittlicher Wert wird als Protest gegen die Unzul\u00e4nglichkeit eines menschlichen Ordnungsgef\u00fcges gesetzt.\u201c<\/span><sup><span style=\"font-family: Arial,sans-serif;\"><a href=\"#sdfootnote3sym\" name=\"sdfootnote3anc\"><sup>3<\/sup><\/a><\/span><\/sup><span style=\"font-family: Arial,sans-serif;\">\u201eSein Spielfeld ist die Zersplitterung, sein Ziel die Vers\u00f6hnung.\u201c<\/span><sup><span style=\"font-family: Arial,sans-serif;\"><a href=\"#sdfootnote4sym\" name=\"sdfootnote4anc\"><sup>4<\/sup><\/a><\/span><\/sup><\/p>\n<p>&nbsp;<\/p>\n<p style=\"text-align: left;\" align=\"justify\"><span style=\"font-family: Arial, sans-serif;\"> 3.5 <a href=\"http:\/\/coaching-clown.de\/?page_id=1322\">Systemisches Fragen<\/a><\/span><sup><b><\/p>\n","protected":false},"excerpt":{"rendered":"<p>\u201eDer Klient soll im Beratungsprozess leicht \u201everst\u00f6rt\u201c oder \u201eirritiert\u201c werden, seine Wirklichkeitskonstruktion wird mit einer anderen, neuen Wirklichkeit konfrontiert, damit eine neue Sichtweise entstehen kann.\u201c1 \u201eClown und Narr werden nicht nur bewundert, sondern auch gef\u00fcrchtet. Denn sie bringen in eine &hellip; <a href=\"https:\/\/coaching-clown.de\/?page_id=1320\">Weiterlesen <span class=\"meta-nav\">&rarr;<\/span><\/a><\/p>\n","protected":false},"author":1,"featured_media":0,"parent":1312,"menu_order":40,"comment_status":"closed","ping_status":"open","template":"","meta":[],"_links":{"self":[{"href":"https:\/\/coaching-clown.de\/index.php?rest_route=\/wp\/v2\/pages\/1320"}],"collection":[{"href":"https:\/\/coaching-clown.de\/index.php?rest_route=\/wp\/v2\/pages"}],"about":[{"href":"https:\/\/coaching-clown.de\/index.php?rest_route=\/wp\/v2\/types\/page"}],"author":[{"embeddable":true,"href":"https:\/\/coaching-clown.de\/index.php?rest_route=\/wp\/v2\/users\/1"}],"replies":[{"embeddable":true,"href":"https:\/\/coaching-clown.de\/index.php?rest_route=%2Fwp%2Fv2%2Fcomments&post=1320"}],"version-history":[{"count":2,"href":"https:\/\/coaching-clown.de\/index.php?rest_route=\/wp\/v2\/pages\/1320\/revisions"}],"predecessor-version":[{"id":1359,"href":"https:\/\/coaching-clown.de\/index.php?rest_route=\/wp\/v2\/pages\/1320\/revisions\/1359"}],"up":[{"embeddable":true,"href":"https:\/\/coaching-clown.de\/index.php?rest_route=\/wp\/v2\/pages\/1312"}],"wp:attachment":[{"href":"https:\/\/coaching-clown.de\/index.php?rest_route=%2Fwp%2Fv2%2Fmedia&parent=1320"}],"curies":[{"name":"wp","href":"https:\/\/api.w.org\/{rel}","templated":true}]}}