{"id":14,"date":"2014-06-02T11:57:34","date_gmt":"2014-06-02T11:57:34","guid":{"rendered":"http:\/\/coaching-clown.de\/?page_id=14"},"modified":"2018-10-23T18:39:22","modified_gmt":"2018-10-23T18:39:22","slug":"coaching","status":"publish","type":"page","link":"https:\/\/coaching-clown.de\/?page_id=14","title":{"rendered":"Coaching"},"content":{"rendered":"<p><span style=\"font-family: Arial, sans-serif;\">BENTNER, Ariane; KRENZIN, Marie (Hrsg.): <i>Erfolgsfaktor Intuition \u2013 Systemisches Coaching von F\u00fchrungskr\u00e4ften<\/i> G\u00f6ttingen: Vandenhoeck &amp; Ruprecht GmbH &amp; Co.KG, 2008<\/span><\/p>\n<div id='gallery-1' class='gallery galleryid-14 gallery-columns-2 gallery-size-thumbnail'><dl class='gallery-item'>\n\t\t\t<dt class='gallery-icon portrait'>\n\t\t\t\t<a href='https:\/\/coaching-clown.de\/wp-content\/uploads\/2015\/06\/Bentner-Krenzin-Erfolgsfaktor-Intuition-Deckblatt.jpg'><img width=\"150\" height=\"150\" src=\"https:\/\/coaching-clown.de\/wp-content\/uploads\/2015\/06\/Bentner-Krenzin-Erfolgsfaktor-Intuition-Deckblatt-150x150.jpg\" class=\"attachment-thumbnail size-thumbnail\" alt=\"\" decoding=\"async\" loading=\"lazy\" \/><\/a>\n\t\t\t<\/dt><\/dl><dl class='gallery-item'>\n\t\t\t<dt class='gallery-icon portrait'>\n\t\t\t\t<a href='https:\/\/coaching-clown.de\/wp-content\/uploads\/2015\/06\/Bentner-Krenzin-Erfolgsfaktor-Intuition-R\u00fcckseite.jpg'><img width=\"150\" height=\"150\" src=\"https:\/\/coaching-clown.de\/wp-content\/uploads\/2015\/06\/Bentner-Krenzin-Erfolgsfaktor-Intuition-R\u00fcckseite-150x150.jpg\" class=\"attachment-thumbnail size-thumbnail\" alt=\"\" decoding=\"async\" loading=\"lazy\" \/><\/a>\n\t\t\t<\/dt><\/dl><br style=\"clear: both\" \/>\n\t\t<\/div>\n\n<p><span style=\"font-family: Arial,sans-serif;\">BUSCH, Burkhard G.: <i>Denken mit dem Bauch \u2013 Intuitiv das Richtige tun<\/i> M\u00fcnchen: K\u00f6sel Verlag GmbH &amp;Co., 2002<\/span><\/p>\n<div id='gallery-2' class='gallery galleryid-14 gallery-columns-2 gallery-size-thumbnail'><dl class='gallery-item'>\n\t\t\t<dt class='gallery-icon portrait'>\n\t\t\t\t<a href='https:\/\/coaching-clown.de\/wp-content\/uploads\/2015\/06\/Busch-Burkhard-G.-Denken-mit-dem-Bauch-Deckblatt.jpg'><img width=\"150\" height=\"150\" src=\"https:\/\/coaching-clown.de\/wp-content\/uploads\/2015\/06\/Busch-Burkhard-G.-Denken-mit-dem-Bauch-Deckblatt-150x150.jpg\" class=\"attachment-thumbnail size-thumbnail\" alt=\"\" decoding=\"async\" loading=\"lazy\" \/><\/a>\n\t\t\t<\/dt><\/dl><dl class='gallery-item'>\n\t\t\t<dt class='gallery-icon portrait'>\n\t\t\t\t<a href='https:\/\/coaching-clown.de\/wp-content\/uploads\/2015\/06\/Busch-Burkhard-G.-Denken-mit-dem-Bauch-R\u00fcckseite.jpg'><img width=\"150\" height=\"150\" src=\"https:\/\/coaching-clown.de\/wp-content\/uploads\/2015\/06\/Busch-Burkhard-G.-Denken-mit-dem-Bauch-R\u00fcckseite-150x150.jpg\" class=\"attachment-thumbnail size-thumbnail\" alt=\"\" decoding=\"async\" loading=\"lazy\" \/><\/a>\n\t\t\t<\/dt><\/dl><br style=\"clear: both\" \/>\n\t\t<\/div>\n\n<p><span style=\"font-family: Arial, sans-serif;\">BOOS, Frank; HEITGER, Barbara:<i> Ver\u00e4nderung- Systemisch \u2013 Management des Wandels <\/i>Stuttgart: J.G. Cotta\u00b4sche Buchhandlung Nachfolger GmbH, 2004<\/span><\/p>\n<div id='gallery-3' class='gallery galleryid-14 gallery-columns-2 gallery-size-thumbnail'><dl class='gallery-item'>\n\t\t\t<dt class='gallery-icon portrait'>\n\t\t\t\t<a href='https:\/\/coaching-clown.de\/wp-content\/uploads\/2018\/10\/Boos-Ver\u00e4nderung-Systemisch-DB.jpeg'><img width=\"150\" height=\"150\" src=\"https:\/\/coaching-clown.de\/wp-content\/uploads\/2018\/10\/Boos-Ver\u00e4nderung-Systemisch-DB-150x150.jpeg\" class=\"attachment-thumbnail size-thumbnail\" alt=\"\" decoding=\"async\" loading=\"lazy\" \/><\/a>\n\t\t\t<\/dt><\/dl><dl class='gallery-item'>\n\t\t\t<dt class='gallery-icon portrait'>\n\t\t\t\t<a href='https:\/\/coaching-clown.de\/wp-content\/uploads\/2018\/10\/Boos-Ver\u00e4nderung-Systemisch-RS.jpeg'><img width=\"150\" height=\"150\" src=\"https:\/\/coaching-clown.de\/wp-content\/uploads\/2018\/10\/Boos-Ver\u00e4nderung-Systemisch-RS-150x150.jpeg\" class=\"attachment-thumbnail size-thumbnail\" alt=\"\" decoding=\"async\" loading=\"lazy\" \/><\/a>\n\t\t\t<\/dt><\/dl><br style=\"clear: both\" \/>\n\t\t<\/div>\n\n<p><span style=\"font-family: Arial,sans-serif;\">Deutsche Gesellschaft f\u00fcr Coaching (Herausgeber): K\u00d6NIG, Niklas; REYER, LAND-BOSS, FREYGARTEN, LAND: <\/span><span style=\"font-family: Arial,sans-serif;\"><i>Blicke \u00fcber den Zaun \u2013 Transdisziplin\u00e4re Perspektiven f\u00fcr kreatives Coaching<\/i><\/span><span style=\"font-family: Arial,sans-serif;\"> \u2013 Zusammenfassung der Fachtagung 2014 2. Aufl. Deiningen: KV Klein-Verlag, 2015<\/span><\/p>\n<div id='gallery-4' class='gallery galleryid-14 gallery-columns-2 gallery-size-thumbnail'><dl class='gallery-item'>\n\t\t\t<dt class='gallery-icon portrait'>\n\t\t\t\t<a href='https:\/\/coaching-clown.de\/wp-content\/uploads\/2015\/06\/DGfC-K\u00f6nig-Niklas-u.a.-Blicke-\u00fcber-den-Zaun-Deckblatt.jpg'><img width=\"150\" height=\"150\" src=\"https:\/\/coaching-clown.de\/wp-content\/uploads\/2015\/06\/DGfC-K\u00f6nig-Niklas-u.a.-Blicke-\u00fcber-den-Zaun-Deckblatt-150x150.jpg\" class=\"attachment-thumbnail size-thumbnail\" alt=\"\" decoding=\"async\" loading=\"lazy\" \/><\/a>\n\t\t\t<\/dt><\/dl><dl class='gallery-item'>\n\t\t\t<dt class='gallery-icon portrait'>\n\t\t\t\t<a href='https:\/\/coaching-clown.de\/wp-content\/uploads\/2015\/06\/DGfC-K\u00f6nig-Niklas-u.a.-Blicke-\u00fcber-den-Zaun-R\u00fcckseite.jpg'><img width=\"150\" height=\"150\" src=\"https:\/\/coaching-clown.de\/wp-content\/uploads\/2015\/06\/DGfC-K\u00f6nig-Niklas-u.a.-Blicke-\u00fcber-den-Zaun-R\u00fcckseite-150x150.jpg\" class=\"attachment-thumbnail size-thumbnail\" alt=\"\" decoding=\"async\" loading=\"lazy\" \/><\/a>\n\t\t\t<\/dt><\/dl><br style=\"clear: both\" \/>\n\t\t<\/div>\n\n<p><span style=\"font-family: Arial,sans-serif;\">DICKERHOFF, Heinrich Dr.: <i>Ein kleiner, goldener Schl\u00fcssel \u2013 M\u00e4rchen und Symbole in der Beratung \u2013 Zusammenfassung der Fachtagung 2012<\/i> Deiningen: KV Klein Verlag, 2012<\/span><\/p>\n<div id='gallery-5' class='gallery galleryid-14 gallery-columns-2 gallery-size-thumbnail'><dl class='gallery-item'>\n\t\t\t<dt class='gallery-icon portrait'>\n\t\t\t\t<a href='https:\/\/coaching-clown.de\/wp-content\/uploads\/2015\/06\/DGfC-2013-ein-kleiner-goldener-Schl\u00fcssel-Deckblatt.jpg'><img width=\"150\" height=\"150\" src=\"https:\/\/coaching-clown.de\/wp-content\/uploads\/2015\/06\/DGfC-2013-ein-kleiner-goldener-Schl\u00fcssel-Deckblatt-150x150.jpg\" class=\"attachment-thumbnail size-thumbnail\" alt=\"\" decoding=\"async\" loading=\"lazy\" \/><\/a>\n\t\t\t<\/dt><\/dl><dl class='gallery-item'>\n\t\t\t<dt class='gallery-icon portrait'>\n\t\t\t\t<a href='https:\/\/coaching-clown.de\/wp-content\/uploads\/2015\/06\/DGfC-2013-ein-kleiner-goldener-Schl\u00fcssel-R\u00fcckseite.jpg'><img width=\"150\" height=\"150\" src=\"https:\/\/coaching-clown.de\/wp-content\/uploads\/2015\/06\/DGfC-2013-ein-kleiner-goldener-Schl\u00fcssel-R\u00fcckseite-150x150.jpg\" class=\"attachment-thumbnail size-thumbnail\" alt=\"\" decoding=\"async\" loading=\"lazy\" \/><\/a>\n\t\t\t<\/dt><\/dl><br style=\"clear: both\" \/>\n\t\t<\/div>\n\n<p><span style=\"font-family: Arial, sans-serif;\">FALLNER, Heinrich; POHL, Michael: C<i>oaching mit System \u2013 Die Kunst nachhaltiger Beratung<\/i> Opladen: Leske + Budrich, 2001<\/span><\/p>\n<div id='gallery-6' class='gallery galleryid-14 gallery-columns-2 gallery-size-thumbnail'><dl class='gallery-item'>\n\t\t\t<dt class='gallery-icon portrait'>\n\t\t\t\t<a href='https:\/\/coaching-clown.de\/wp-content\/uploads\/2015\/06\/Fallner-Pohl-Coaching-mit-System-Deckblatt.jpg'><img width=\"150\" height=\"150\" src=\"https:\/\/coaching-clown.de\/wp-content\/uploads\/2015\/06\/Fallner-Pohl-Coaching-mit-System-Deckblatt-150x150.jpg\" class=\"attachment-thumbnail size-thumbnail\" alt=\"\" decoding=\"async\" loading=\"lazy\" \/><\/a>\n\t\t\t<\/dt><\/dl><dl class='gallery-item'>\n\t\t\t<dt class='gallery-icon portrait'>\n\t\t\t\t<a href='https:\/\/coaching-clown.de\/wp-content\/uploads\/2015\/06\/Fallner-Pohl-Coaching-mit-System-R\u00fcckseite.jpg'><img width=\"150\" height=\"150\" src=\"https:\/\/coaching-clown.de\/wp-content\/uploads\/2015\/06\/Fallner-Pohl-Coaching-mit-System-R\u00fcckseite-150x150.jpg\" class=\"attachment-thumbnail size-thumbnail\" alt=\"\" decoding=\"async\" loading=\"lazy\" \/><\/a>\n\t\t\t<\/dt><\/dl><br style=\"clear: both\" \/>\n\t\t<\/div>\n\n<p><span style=\"font-family: Arial, sans-serif;\">HAASEN, Nele; SCHMID, Bernd: <i>Einf\u00fchrung in das systemische Mentoring<\/i> Heidelberg: Carl-Auer-Systeme Verlag und Verlagsbuchhandlung GmbH, 2011<\/span><\/p>\n<div id='gallery-7' class='gallery galleryid-14 gallery-columns-2 gallery-size-thumbnail'><dl class='gallery-item'>\n\t\t\t<dt class='gallery-icon portrait'>\n\t\t\t\t<a href='https:\/\/coaching-clown.de\/wp-content\/uploads\/2015\/06\/Schmid-Haasen-Einf\u00fchrung-in-das-systemissche-Mentoring-DB.jpg'><img width=\"150\" height=\"150\" src=\"https:\/\/coaching-clown.de\/wp-content\/uploads\/2015\/06\/Schmid-Haasen-Einf\u00fchrung-in-das-systemissche-Mentoring-DB-150x150.jpg\" class=\"attachment-thumbnail size-thumbnail\" alt=\"\" decoding=\"async\" loading=\"lazy\" \/><\/a>\n\t\t\t<\/dt><\/dl><dl class='gallery-item'>\n\t\t\t<dt class='gallery-icon portrait'>\n\t\t\t\t<a href='https:\/\/coaching-clown.de\/wp-content\/uploads\/2015\/06\/Schmid-Haasen-Einf\u00fchrung-in-das-systemissche-Mentoring-RS.jpg'><img width=\"150\" height=\"150\" src=\"https:\/\/coaching-clown.de\/wp-content\/uploads\/2015\/06\/Schmid-Haasen-Einf\u00fchrung-in-das-systemissche-Mentoring-RS-150x150.jpg\" class=\"attachment-thumbnail size-thumbnail\" alt=\"\" decoding=\"async\" loading=\"lazy\" \/><\/a>\n\t\t\t<\/dt><\/dl><br style=\"clear: both\" \/>\n\t\t<\/div>\n\n<p><span style=\"font-family: Arial, sans-serif;\">HOLMES, Tom; HOLMES, Lauri: <i>Reisen in die Innenwelt \u2013 Der Selbsterfahrungs-Guide in Bildern<\/i> M\u00fcnchen: K\u00f6sel-Verlag, 2010<\/span><\/p>\n<div id='gallery-8' class='gallery galleryid-14 gallery-columns-2 gallery-size-thumbnail'><dl class='gallery-item'>\n\t\t\t<dt class='gallery-icon portrait'>\n\t\t\t\t<a href='https:\/\/coaching-clown.de\/wp-content\/uploads\/2018\/02\/Holmes-Reisen-in-die-Innenwelt-DB.jpg'><img width=\"150\" height=\"150\" src=\"https:\/\/coaching-clown.de\/wp-content\/uploads\/2018\/02\/Holmes-Reisen-in-die-Innenwelt-DB-150x150.jpg\" class=\"attachment-thumbnail size-thumbnail\" alt=\"\" decoding=\"async\" loading=\"lazy\" \/><\/a>\n\t\t\t<\/dt><\/dl><dl class='gallery-item'>\n\t\t\t<dt class='gallery-icon portrait'>\n\t\t\t\t<a href='https:\/\/coaching-clown.de\/wp-content\/uploads\/2018\/02\/Holmes-Reisen-in-die-Innenwelt-RS.jpg'><img width=\"150\" height=\"150\" src=\"https:\/\/coaching-clown.de\/wp-content\/uploads\/2018\/02\/Holmes-Reisen-in-die-Innenwelt-RS-150x150.jpg\" class=\"attachment-thumbnail size-thumbnail\" alt=\"\" decoding=\"async\" loading=\"lazy\" \/><\/a>\n\t\t\t<\/dt><\/dl><br style=\"clear: both\" \/>\n\t\t<\/div>\n\n<p><span style=\"font-family: Arial, sans-serif;\">KEGAN, Robert: <i>Die Entwicklungsstufen des Selbst \u2013 Fortschritte und Krisen immenschlichen Leben<\/i> 5. Aufl. M\u00fcnchen: Kindt Buchhandlung und Verlag GmbH, 2008<\/span><\/p>\n<div id='gallery-9' class='gallery galleryid-14 gallery-columns-2 gallery-size-thumbnail'><dl class='gallery-item'>\n\t\t\t<dt class='gallery-icon portrait'>\n\t\t\t\t<a href='https:\/\/coaching-clown.de\/wp-content\/uploads\/2018\/10\/Kegan-entwicklungsstufen-des-Selbst-DB.jpeg'><img width=\"150\" height=\"150\" src=\"https:\/\/coaching-clown.de\/wp-content\/uploads\/2018\/10\/Kegan-entwicklungsstufen-des-Selbst-DB-150x150.jpeg\" class=\"attachment-thumbnail size-thumbnail\" alt=\"\" decoding=\"async\" loading=\"lazy\" \/><\/a>\n\t\t\t<\/dt><\/dl><dl class='gallery-item'>\n\t\t\t<dt class='gallery-icon portrait'>\n\t\t\t\t<a href='https:\/\/coaching-clown.de\/wp-content\/uploads\/2018\/10\/Kegan-entwicklungsstufen-des-Selbst-RS.jpeg'><img width=\"150\" height=\"150\" src=\"https:\/\/coaching-clown.de\/wp-content\/uploads\/2018\/10\/Kegan-entwicklungsstufen-des-Selbst-RS-150x150.jpeg\" class=\"attachment-thumbnail size-thumbnail\" alt=\"\" decoding=\"async\" loading=\"lazy\" \/><\/a>\n\t\t\t<\/dt><\/dl><br style=\"clear: both\" \/>\n\t\t<\/div>\n\n<p><span style=\"font-family: Arial,sans-serif;\">LUNDIN, Stephen C.; PAUL, Harry; CHRISTENSEN, John: <\/span><span style=\"font-family: Arial,sans-serif;\"><i>FISH! Ein ungew\u00f6hnliches Motivationsbuch <\/i><\/span><span style=\"font-family: Arial,sans-serif;\">Frankfurt\/Wien: Wirtschaftsverlag Carl Ueberreuter, 2001<\/span><\/p>\n<div id='gallery-10' class='gallery galleryid-14 gallery-columns-2 gallery-size-thumbnail'><dl class='gallery-item'>\n\t\t\t<dt class='gallery-icon portrait'>\n\t\t\t\t<a href='https:\/\/coaching-clown.de\/wp-content\/uploads\/2014\/06\/Lundin-Paul-Christensen-Fish-Deckblatt.jpg'><img width=\"150\" height=\"150\" src=\"https:\/\/coaching-clown.de\/wp-content\/uploads\/2014\/06\/Lundin-Paul-Christensen-Fish-Deckblatt-150x150.jpg\" class=\"attachment-thumbnail size-thumbnail\" alt=\"\" decoding=\"async\" loading=\"lazy\" \/><\/a>\n\t\t\t<\/dt><\/dl><dl class='gallery-item'>\n\t\t\t<dt class='gallery-icon portrait'>\n\t\t\t\t<a href='https:\/\/coaching-clown.de\/wp-content\/uploads\/2014\/06\/Lundin-Paul-Christensen-Fish-R\u00fcckseite.jpg'><img width=\"150\" height=\"150\" src=\"https:\/\/coaching-clown.de\/wp-content\/uploads\/2014\/06\/Lundin-Paul-Christensen-Fish-R\u00fcckseite-150x150.jpg\" class=\"attachment-thumbnail size-thumbnail\" alt=\"\" decoding=\"async\" loading=\"lazy\" \/><\/a>\n\t\t\t<\/dt><\/dl><br style=\"clear: both\" \/>\n\t\t<\/div>\n\n<p><span style=\"font-family: Arial, sans-serif;\">MEIER, Rolf: <i>Theorie vom selbst organisierten Coaching<\/i> Sternenfels: Verlag Wissenschaft &amp; Praxis, 2013<\/span><\/p>\n<div id='gallery-11' class='gallery galleryid-14 gallery-columns-2 gallery-size-thumbnail'><dl class='gallery-item'>\n\t\t\t<dt class='gallery-icon portrait'>\n\t\t\t\t<a href='https:\/\/coaching-clown.de\/wp-content\/uploads\/2015\/06\/Maier-Rolf-theorie-vom-selbstorganisierten-Coaching-DB.jpg'><img width=\"150\" height=\"150\" src=\"https:\/\/coaching-clown.de\/wp-content\/uploads\/2015\/06\/Maier-Rolf-theorie-vom-selbstorganisierten-Coaching-DB-150x150.jpg\" class=\"attachment-thumbnail size-thumbnail\" alt=\"\" decoding=\"async\" loading=\"lazy\" \/><\/a>\n\t\t\t<\/dt><\/dl><dl class='gallery-item'>\n\t\t\t<dt class='gallery-icon portrait'>\n\t\t\t\t<a href='https:\/\/coaching-clown.de\/wp-content\/uploads\/2015\/06\/Maier-Rolf-theorie-vom-selbstorganisierten-Coaching-RS.jpg'><img width=\"150\" height=\"150\" src=\"https:\/\/coaching-clown.de\/wp-content\/uploads\/2015\/06\/Maier-Rolf-theorie-vom-selbstorganisierten-Coaching-RS-150x150.jpg\" class=\"attachment-thumbnail size-thumbnail\" alt=\"\" decoding=\"async\" loading=\"lazy\" \/><\/a>\n\t\t\t<\/dt><\/dl><br style=\"clear: both\" \/>\n\t\t<\/div>\n\n<p><span style=\"font-family: Arial, sans-serif;\">RADATZ, Sonja: <i>Einf\u00fchrung in das systemische Coaching<\/i> 4.Aufl. Heidelberg: Carl Auer Verlag, 2010<\/span><\/p>\n<div id='gallery-12' class='gallery galleryid-14 gallery-columns-2 gallery-size-thumbnail'><dl class='gallery-item'>\n\t\t\t<dt class='gallery-icon portrait'>\n\t\t\t\t<a href='https:\/\/coaching-clown.de\/wp-content\/uploads\/2015\/06\/Raddatz-Sonja-Einf\u00fchrung-in-das-systemische-Coaching-DB.jpg'><img width=\"150\" height=\"150\" src=\"https:\/\/coaching-clown.de\/wp-content\/uploads\/2015\/06\/Raddatz-Sonja-Einf\u00fchrung-in-das-systemische-Coaching-DB-150x150.jpg\" class=\"attachment-thumbnail size-thumbnail\" alt=\"\" decoding=\"async\" loading=\"lazy\" \/><\/a>\n\t\t\t<\/dt><\/dl><dl class='gallery-item'>\n\t\t\t<dt class='gallery-icon portrait'>\n\t\t\t\t<a href='https:\/\/coaching-clown.de\/wp-content\/uploads\/2015\/06\/Raddatz-Sonja-Einf\u00fchrung-in-das-systemische-Coaching-RS.jpg'><img width=\"150\" height=\"150\" src=\"https:\/\/coaching-clown.de\/wp-content\/uploads\/2015\/06\/Raddatz-Sonja-Einf\u00fchrung-in-das-systemische-Coaching-RS-150x150.jpg\" class=\"attachment-thumbnail size-thumbnail\" alt=\"\" decoding=\"async\" loading=\"lazy\" \/><\/a>\n\t\t\t<\/dt><\/dl><br style=\"clear: both\" \/>\n\t\t<\/div>\n\n<p><span style=\"font-family: Arial, sans-serif;\">SPARRER, Insa: <i>Einf\u00fchrung in L\u00f6sungsfokussierung und Systemische Strukturaufstellungen<\/i> 2. Aufl. Heidelberg: Carl Auer Verlag, 2010<\/span><\/p>\n<div id='gallery-13' class='gallery galleryid-14 gallery-columns-2 gallery-size-thumbnail'><dl class='gallery-item'>\n\t\t\t<dt class='gallery-icon portrait'>\n\t\t\t\t<a href='https:\/\/coaching-clown.de\/wp-content\/uploads\/2015\/06\/Sparrer-Insa-Einf\u00fchrung-in-die-L\u00f6sungsfokussierung-und...-DB.jpg'><img width=\"150\" height=\"150\" src=\"https:\/\/coaching-clown.de\/wp-content\/uploads\/2015\/06\/Sparrer-Insa-Einf\u00fchrung-in-die-L\u00f6sungsfokussierung-und...-DB-150x150.jpg\" class=\"attachment-thumbnail size-thumbnail\" alt=\"\" decoding=\"async\" loading=\"lazy\" \/><\/a>\n\t\t\t<\/dt><\/dl><dl class='gallery-item'>\n\t\t\t<dt class='gallery-icon portrait'>\n\t\t\t\t<a href='https:\/\/coaching-clown.de\/wp-content\/uploads\/2015\/06\/Sparrer-Insa-Einf\u00fchrung-in-die-L\u00f6sungsfokussierung-und...-RS.jpg'><img width=\"150\" height=\"150\" src=\"https:\/\/coaching-clown.de\/wp-content\/uploads\/2015\/06\/Sparrer-Insa-Einf\u00fchrung-in-die-L\u00f6sungsfokussierung-und...-RS-150x150.jpg\" class=\"attachment-thumbnail size-thumbnail\" alt=\"\" decoding=\"async\" loading=\"lazy\" \/><\/a>\n\t\t\t<\/dt><\/dl><br style=\"clear: both\" \/>\n\t\t<\/div>\n\n<p><span style=\"font-family: Arial, sans-serif;\">WEBER, Gunthard (Hrsg.): <i>Praxis der Organisationsaufstellungen \u2013 Grundlagen, Prinzipien, Anwendungsbereiche <\/i>1. Aufl. Heidelberg: Carl-Auer-Systeme Verlag und Verlagsbuchhandlung GmbH, 2000<\/span><\/p>\n<div id='gallery-14' class='gallery galleryid-14 gallery-columns-2 gallery-size-thumbnail'><dl class='gallery-item'>\n\t\t\t<dt class='gallery-icon portrait'>\n\t\t\t\t<a href='https:\/\/coaching-clown.de\/wp-content\/uploads\/2015\/06\/Weber-Gunthard-Praxis-der-Organisationsaufstellung-DB.jpg'><img width=\"150\" height=\"150\" src=\"https:\/\/coaching-clown.de\/wp-content\/uploads\/2015\/06\/Weber-Gunthard-Praxis-der-Organisationsaufstellung-DB-150x150.jpg\" class=\"attachment-thumbnail size-thumbnail\" alt=\"\" decoding=\"async\" loading=\"lazy\" \/><\/a>\n\t\t\t<\/dt><\/dl><dl class='gallery-item'>\n\t\t\t<dt class='gallery-icon portrait'>\n\t\t\t\t<a href='https:\/\/coaching-clown.de\/wp-content\/uploads\/2015\/06\/Weber-Gunthard-Praxis-der-Organisationsaufstellung-RS.jpg'><img width=\"150\" height=\"150\" src=\"https:\/\/coaching-clown.de\/wp-content\/uploads\/2015\/06\/Weber-Gunthard-Praxis-der-Organisationsaufstellung-RS-150x150.jpg\" class=\"attachment-thumbnail size-thumbnail\" alt=\"\" decoding=\"async\" loading=\"lazy\" \/><\/a>\n\t\t\t<\/dt><\/dl><br style=\"clear: both\" \/>\n\t\t<\/div>\n\n","protected":false},"excerpt":{"rendered":"<p>BENTNER, Ariane; KRENZIN, Marie (Hrsg.): Erfolgsfaktor Intuition \u2013 Systemisches Coaching von F\u00fchrungskr\u00e4ften G\u00f6ttingen: Vandenhoeck &amp; Ruprecht GmbH &amp; Co.KG, 2008 BUSCH, Burkhard G.: Denken mit dem Bauch \u2013 Intuitiv das Richtige tun M\u00fcnchen: K\u00f6sel Verlag GmbH &amp;Co., 2002 BOOS, Frank; &hellip; <a href=\"https:\/\/coaching-clown.de\/?page_id=14\">Weiterlesen <span class=\"meta-nav\">&rarr;<\/span><\/a><\/p>\n","protected":false},"author":1,"featured_media":0,"parent":12,"menu_order":0,"comment_status":"closed","ping_status":"open","template":"","meta":[],"_links":{"self":[{"href":"https:\/\/coaching-clown.de\/index.php?rest_route=\/wp\/v2\/pages\/14"}],"collection":[{"href":"https:\/\/coaching-clown.de\/index.php?rest_route=\/wp\/v2\/pages"}],"about":[{"href":"https:\/\/coaching-clown.de\/index.php?rest_route=\/wp\/v2\/types\/page"}],"author":[{"embeddable":true,"href":"https:\/\/coaching-clown.de\/index.php?rest_route=\/wp\/v2\/users\/1"}],"replies":[{"embeddable":true,"href":"https:\/\/coaching-clown.de\/index.php?rest_route=%2Fwp%2Fv2%2Fcomments&post=14"}],"version-history":[{"count":21,"href":"https:\/\/coaching-clown.de\/index.php?rest_route=\/wp\/v2\/pages\/14\/revisions"}],"predecessor-version":[{"id":1982,"href":"https:\/\/coaching-clown.de\/index.php?rest_route=\/wp\/v2\/pages\/14\/revisions\/1982"}],"up":[{"embeddable":true,"href":"https:\/\/coaching-clown.de\/index.php?rest_route=\/wp\/v2\/pages\/12"}],"wp:attachment":[{"href":"https:\/\/coaching-clown.de\/index.php?rest_route=%2Fwp%2Fv2%2Fmedia&parent=14"}],"curies":[{"name":"wp","href":"https:\/\/api.w.org\/{rel}","templated":true}]}}