{"id":1438,"date":"2017-03-23T09:14:34","date_gmt":"2017-03-23T09:14:34","guid":{"rendered":"http:\/\/coaching-clown.de\/?page_id=1438"},"modified":"2022-07-01T13:29:09","modified_gmt":"2022-07-01T13:29:09","slug":"ja-bitte","status":"publish","type":"page","link":"https:\/\/coaching-clown.de\/?page_id=1438","title":{"rendered":"Ja, Bitte!"},"content":{"rendered":"<p style=\"text-align: center;\"><span style=\"font-family: Arial, sans-serif;\">Um Ver\u00e4nderung zu erreichen, wechseln wir von der Problemorientierung zur L\u00f6sungsorinetierung. Nach der Problemschilderung konzentrieren wir uns auf m\u00f6gliche L\u00f6sungsans\u00e4tze. Ohne weiter das Problem zu analysieren und seine Ursachen zu ergr\u00fcnden, verwenden wir diese Energie auf den L\u00f6sungsansatz.<\/span><\/p>\n<p style=\"text-align: center;\"><a href=\"http:\/\/coaching-clown.de\/wp-content\/uploads\/2015\/06\/door-1574304_1920.jpg\"><img decoding=\"async\" loading=\"lazy\" class=\"aligncenter size-medium wp-image-1519\" src=\"http:\/\/coaching-clown.de\/wp-content\/uploads\/2015\/06\/door-1574304_1920-225x300.jpg\" alt=\"\" width=\"225\" height=\"300\" srcset=\"https:\/\/coaching-clown.de\/wp-content\/uploads\/2015\/06\/door-1574304_1920-225x300.jpg 225w, https:\/\/coaching-clown.de\/wp-content\/uploads\/2015\/06\/door-1574304_1920-768x1024.jpg 768w, https:\/\/coaching-clown.de\/wp-content\/uploads\/2015\/06\/door-1574304_1920.jpg 1440w\" sizes=\"(max-width: 225px) 100vw, 225px\" \/><\/a><\/p>\n<p style=\"text-align: center;\"><span style=\"font-family: Arial, sans-serif;\"><a href=\"http:\/\/coaching-clown.de\/?page_id=262\">zu meinen Coaching-Angeboten<\/a><\/span><\/p>\n","protected":false},"excerpt":{"rendered":"<p>Um Ver\u00e4nderung zu erreichen, wechseln wir von der Problemorientierung zur L\u00f6sungsorinetierung. Nach der Problemschilderung konzentrieren wir uns auf m\u00f6gliche L\u00f6sungsans\u00e4tze. Ohne weiter das Problem zu analysieren und seine Ursachen zu ergr\u00fcnden, verwenden wir diese Energie auf den L\u00f6sungsansatz. zu meinen &hellip; <a href=\"https:\/\/coaching-clown.de\/?page_id=1438\">Weiterlesen <span class=\"meta-nav\">&rarr;<\/span><\/a><\/p>\n","protected":false},"author":1,"featured_media":0,"parent":1322,"menu_order":10,"comment_status":"closed","ping_status":"open","template":"","meta":[],"_links":{"self":[{"href":"https:\/\/coaching-clown.de\/index.php?rest_route=\/wp\/v2\/pages\/1438"}],"collection":[{"href":"https:\/\/coaching-clown.de\/index.php?rest_route=\/wp\/v2\/pages"}],"about":[{"href":"https:\/\/coaching-clown.de\/index.php?rest_route=\/wp\/v2\/types\/page"}],"author":[{"embeddable":true,"href":"https:\/\/coaching-clown.de\/index.php?rest_route=\/wp\/v2\/users\/1"}],"replies":[{"embeddable":true,"href":"https:\/\/coaching-clown.de\/index.php?rest_route=%2Fwp%2Fv2%2Fcomments&post=1438"}],"version-history":[{"count":11,"href":"https:\/\/coaching-clown.de\/index.php?rest_route=\/wp\/v2\/pages\/1438\/revisions"}],"predecessor-version":[{"id":2073,"href":"https:\/\/coaching-clown.de\/index.php?rest_route=\/wp\/v2\/pages\/1438\/revisions\/2073"}],"up":[{"embeddable":true,"href":"https:\/\/coaching-clown.de\/index.php?rest_route=\/wp\/v2\/pages\/1322"}],"wp:attachment":[{"href":"https:\/\/coaching-clown.de\/index.php?rest_route=%2Fwp%2Fv2%2Fmedia&parent=1438"}],"curies":[{"name":"wp","href":"https:\/\/api.w.org\/{rel}","templated":true}]}}