{"id":1464,"date":"2017-03-29T13:36:04","date_gmt":"2017-03-29T13:36:04","guid":{"rendered":"http:\/\/coaching-clown.de\/?page_id=1464"},"modified":"2022-07-01T13:23:42","modified_gmt":"2022-07-01T13:23:42","slug":"coach","status":"publish","type":"page","link":"https:\/\/coaching-clown.de\/?page_id=1464","title":{"rendered":"Coach (DGfC)"},"content":{"rendered":"<p style=\"text-align: center;\"><a href=\"http:\/\/coaching-clown.de\/wp-content\/uploads\/2022\/07\/Coach-am-rechner-Kai-Kapitaen-scaled.jpg\"><img decoding=\"async\" loading=\"lazy\" class=\"aligncenter  wp-image-2060\" src=\"http:\/\/coaching-clown.de\/wp-content\/uploads\/2022\/07\/Coach-am-rechner-Kai-Kapitaen-300x210.jpg\" alt=\"\" width=\"513\" height=\"359\" srcset=\"https:\/\/coaching-clown.de\/wp-content\/uploads\/2022\/07\/Coach-am-rechner-Kai-Kapitaen-300x210.jpg 300w, https:\/\/coaching-clown.de\/wp-content\/uploads\/2022\/07\/Coach-am-rechner-Kai-Kapitaen-1024x718.jpg 1024w, https:\/\/coaching-clown.de\/wp-content\/uploads\/2022\/07\/Coach-am-rechner-Kai-Kapitaen-768x539.jpg 768w, https:\/\/coaching-clown.de\/wp-content\/uploads\/2022\/07\/Coach-am-rechner-Kai-Kapitaen-1536x1078.jpg 1536w, https:\/\/coaching-clown.de\/wp-content\/uploads\/2022\/07\/Coach-am-rechner-Kai-Kapitaen-2048x1437.jpg 2048w\" sizes=\"(max-width: 513px) 100vw, 513px\" \/><\/a><\/p>\n<p style=\"text-align: center;\"><span style=\"font-family: Arial,sans-serif;\">Bereits ohne zertifizierte Kenntnis \u00fcber systemische Theorie, <a href=\"http:\/\/coaching-clown.de\/wp-content\/uploads\/2014\/06\/Zertifikat-Coach-DGFC-Seite-1.jpg\" target=\"_blank\" rel=\"noopener\">Coaching<\/a> oder <a href=\"http:\/\/coaching-clown.de\/wp-content\/uploads\/2014\/06\/Zertifikat-Bewegungstherapie-Seite-1.jpg\" target=\"_blank\" rel=\"noopener\">Bewegungstherapie<\/a> waren meine Handlungen stets intrinsich von deren Verst\u00e4ndnis geleitet. Bereits w\u00e4hrend meines Studiums zum <a href=\"http:\/\/coaching-clown.de\/wp-content\/uploads\/2014\/06\/Urkunde-Diplom-Betriebswirt-BA.jpg\" target=\"_blank\" rel=\"noopener\">Diplom Betriebswirt (BA)<\/a> unterst\u00fctzt durch die Ford Werke AG Deutschland, erhielten wir 8 in einem Assesment Center ausgew\u00e4hlten Studenten des Abschlussjahrsgangs 2000, jedes Semester eine mehrt\u00e4gige Schulung in Sozial- und Pers\u00f6nlichkeitskompetenztechniken (z.B. Konfliktmanagement, Zeitmanagement, Gruppenentwicklung und -f\u00fchrung, Rhetorik, Kommunikation&#8230;). Mein Studium zum Diplom Betriebswirt (BA) ist die Basis bei der Einsch\u00e4tzung aller Fragen des Human Resource Management, der Finanzen und des Marketing. Meine Praxiszeit bei der Hamburger Unternehmensberatung\u00a0<a href=\"http:\/\/www.gvhp.de\/\" target=\"_blank\" rel=\"noopener\">Gerd vom Heu + Partner GmbH<\/a> ist daf\u00fcr mindestens ebenso n\u00fctzlich. Entscheidend f\u00fcr meine Arbeit als Coach ist eine weitere: Mein Verst\u00e4ndnis von Beziehungen. <\/span><\/p>\n<p style=\"text-align: center;\"><span style=\"font-family: Arial,sans-serif;\">W\u00e4hrend und nach meines Studium verdiente ich mir ein wenig Geld mit Nachhilfe. Bereits damlas hielt ich mich stets an das Zitat Gallileo Gallileies:<\/span><\/p>\n<p style=\"text-align: center;\"><span style=\"font-family: Arial,sans-serif;\">Man kann einem Menschen nichts lehren, man kann ihm nur helfen, es in sich selbst zu entdecken\u201c<\/span><\/p>\n<p style=\"text-align: center;\"><span style=\"font-family: Arial,sans-serif;\">Der sich zur Selbstm\u00fcndigkeit und Selbsterkenntnis bekennende Spruch empfing meine \u201eSch\u00fcler\u201c \u00fcber unserem Schreibtisch f\u00fcr die n\u00e4chste Stunde.<\/span><\/p>\n<div id='gallery-1' class='gallery galleryid-1464 gallery-columns-3 gallery-size-thumbnail'><dl class='gallery-item'>\n\t\t\t<dt class='gallery-icon portrait'>\n\t\t\t\t<a href='https:\/\/coaching-clown.de\/?attachment_id=1725'><img width=\"150\" height=\"150\" src=\"https:\/\/coaching-clown.de\/wp-content\/uploads\/2017\/03\/window-936939_1920-150x150.jpg\" class=\"attachment-thumbnail size-thumbnail\" alt=\"\" decoding=\"async\" loading=\"lazy\" \/><\/a>\n\t\t\t<\/dt><\/dl><dl class='gallery-item'>\n\t\t\t<dt class='gallery-icon landscape'>\n\t\t\t\t<a href='https:\/\/coaching-clown.de\/?attachment_id=1737'><img width=\"150\" height=\"150\" src=\"https:\/\/coaching-clown.de\/wp-content\/uploads\/2017\/03\/cyprus-1166860_1920-150x150.jpg\" class=\"attachment-thumbnail size-thumbnail\" alt=\"\" decoding=\"async\" loading=\"lazy\" \/><\/a>\n\t\t\t<\/dt><\/dl><dl class='gallery-item'>\n\t\t\t<dt class='gallery-icon landscape'>\n\t\t\t\t<a href='https:\/\/coaching-clown.de\/?attachment_id=1738'><img width=\"150\" height=\"150\" src=\"https:\/\/coaching-clown.de\/wp-content\/uploads\/2017\/03\/window-936929_1920-150x150.jpg\" class=\"attachment-thumbnail size-thumbnail\" alt=\"\" decoding=\"async\" loading=\"lazy\" \/><\/a>\n\t\t\t<\/dt><\/dl><br style=\"clear: both\" \/>\n\t\t<\/div>\n\n<p style=\"text-align: center;\"><span style=\"font-family: Arial,sans-serif;\">Meine Ausbildungen als Coach (DGfC), Bewegungstherapeut und <a href=\"http:\/\/coaching-clown.de\/wp-content\/uploads\/2014\/06\/cal-clown-diploma+abril+2012+niklas.jpg\" target=\"_blank\" rel=\"noopener\">Clown<\/a> gaben mir Gelegenheit mein theoretisches und praktisches Profil zu sch\u00e4rfen, so dass ich heute ein sehr klares Bild <a href=\"http:\/\/coaching-clown.de\/?page_id=262\">meiner Arbeitsweisen<\/a> und\u00a0<a href=\"http:\/\/coaching-clown.de\/?page_id=976\">Methoden<\/a> habe. Gleichzeitig kann ich die flexible Sicht auf die Bed\u00fcrfnisse meiness Coachees wahren, indem ich aus meinem reichhaltigen Fundus variiere. <\/span><\/p>\n<p style=\"text-align: center;\"><span style=\"font-family: Arial,sans-serif;\">2005 begann meine Selbstst\u00e4ndigkeit als Coach. Zu meinen ersten Projekten z\u00e4hlte die Arbeit f\u00fcr den Werra-Mei\u00dfner Kreis. In seinem Auftrag arbeitete ich mit den Jugenddachverb\u00e4nden. In diesem Rahmen entwickelten die Dachverb\u00e4nde Vorstandshandb\u00fccher und eine Kreis- und Dachverbands\u00fcbergreifende Internetplattform wurde auf den Weg gebracht.<\/span><\/p>\n<p style=\"text-align: center;\"><span style=\"font-family: Arial,sans-serif;\">In den darauf folgenden Jahren genossen Firmen K\u00fcnstler, \u00f6ffentliche Einrichtung und Privatpersonen meine Interventionen, so dass sie selbstst\u00e4ndig L\u00f6sungen ihrer Probleme fanden.<\/span><\/p>\n<div id='gallery-2' class='gallery galleryid-1464 gallery-columns-3 gallery-size-thumbnail'><dl class='gallery-item'>\n\t\t\t<dt class='gallery-icon landscape'>\n\t\t\t\t<a href='https:\/\/coaching-clown.de\/?attachment_id=1731'><img width=\"150\" height=\"150\" src=\"https:\/\/coaching-clown.de\/wp-content\/uploads\/2017\/03\/rock-formation-2149982_1920-150x150.jpg\" class=\"attachment-thumbnail size-thumbnail\" alt=\"\" decoding=\"async\" loading=\"lazy\" \/><\/a>\n\t\t\t<\/dt><\/dl><dl class='gallery-item'>\n\t\t\t<dt class='gallery-icon landscape'>\n\t\t\t\t<a href='https:\/\/coaching-clown.de\/?attachment_id=1735'><img width=\"150\" height=\"150\" src=\"https:\/\/coaching-clown.de\/wp-content\/uploads\/2017\/03\/sunset-1814445_1280-150x150.jpg\" class=\"attachment-thumbnail size-thumbnail\" alt=\"\" decoding=\"async\" loading=\"lazy\" \/><\/a>\n\t\t\t<\/dt><\/dl><dl class='gallery-item'>\n\t\t\t<dt class='gallery-icon landscape'>\n\t\t\t\t<a href='https:\/\/coaching-clown.de\/?attachment_id=1734'><img width=\"150\" height=\"150\" src=\"https:\/\/coaching-clown.de\/wp-content\/uploads\/2017\/03\/natures-window-1373793_1920-150x150.jpg\" class=\"attachment-thumbnail size-thumbnail\" alt=\"\" decoding=\"async\" loading=\"lazy\" \/><\/a>\n\t\t\t<\/dt><\/dl><br style=\"clear: both\" \/>\n\t\t<\/div>\n\n<p style=\"text-align: center;\"><span style=\"font-family: Arial,sans-serif;\">Als ich 2009 den Clown kennenlernete, merkte ich schnell, dass Coach und Clown \u00e4hliche pers\u00f6nliche Eigenschaften als Voraussetzung f\u00fcr ihre Arbeits mitbringen m\u00fcssen.<\/span><\/p>\n<p style=\"text-align: center;\"><span style=\"font-family: Arial,sans-serif;\">Nachdem mich die\u00a0<a href=\"https:\/\/www.coaching-dgfc.de\" target=\"_blank\" rel=\"noopener\">Deutschen Gesellschaft f\u00fcr Coaching e.V.\u00a0<\/a> zu ihrer Fachtagung des Jahres 2014 einlud um ein <a href=\"http:\/\/www.frp-coaching.de\/2014\/06\/coaching-mit-clown\" target=\"_blank\" rel=\"noopener\">Seminar zu Clown und Coach<\/a> abzuhalten, trat ich im Jahr 2016 der DGfC als aktives <a href=\"http:\/\/coaching-clown.de\/wp-content\/uploads\/2014\/06\/DGfC-Mitgliedsurkunde-Niklas-K%C3%B6nig.jpg\" target=\"_blank\" rel=\"noopener\">Mitglied<\/a> bei.<\/span><\/p>\n<p style=\"text-align: center;\"><span style=\"font-family: Arial,sans-serif;\">&#8220;Dabei habe ich Niklas K\u00f6nig auf der einen Seite als aufgeschlossen und mutig erlebt, sich auf ungew\u00f6nliche Anfragen und Settings einzulassen; durch seine F\u00e4higkeit zu einer tiefen und kritischen Reflexion sowie die Bereitschaft, aus dieser Konsequenzen f\u00fcr das weitere Vorgehen abzuleiten, ist es ihm gelungen, auch diese Prozesse mit einem hohen Ma\u00df an Verantwortung zu begleiten und zu gestalten.<\/span><\/p>\n<p style=\"text-align: center;\"><span style=\"font-family: Arial,sans-serif;\">Aus seinen Erfahrungen als Clown und Artist hat Niklas K\u00f6nig in \u00fcberzeugender Weise nicht nur methodische Impulse vor allem f\u00fcr die analoge Arbeit im Coaching abgeleitet; dar\u00fcber hinaus hat er das Erfahrungsfeld in beeindruckender Weise genutzt, um an seiner Rolle und Haltung als Coach zu arbeiten.<\/span><\/p>\n<p style=\"text-align: center;\"><span style=\"font-family: Arial,sans-serif;\">Ich gartuliere Niklas K\u00f6nig und freue mich sehr, in ihm einen inspirierenden, kreativen und zugleich gewissenhaften Coaching-Kollegen gefunden zu haben.&#8221;<\/span><\/p>\n<p style=\"text-align: center;\"><span style=\"font-family: Arial,sans-serif;\">Peter-Paul K\u00f6nig (Mastercoach DGfC) (seit 2016 Vorsitzender der <a href=\"https:\/\/www.coaching-dgfc.de\" target=\"_blank\" rel=\"noopener\">Deutschen Gesellschaft f\u00fcr Coaching e.V.<\/a>)<\/span><\/p>\n<div id='gallery-3' class='gallery galleryid-1464 gallery-columns-3 gallery-size-thumbnail'><dl class='gallery-item'>\n\t\t\t<dt class='gallery-icon landscape'>\n\t\t\t\t<a href='https:\/\/coaching-clown.de\/?attachment_id=1729'><img width=\"150\" height=\"150\" src=\"https:\/\/coaching-clown.de\/wp-content\/uploads\/2017\/03\/buildings-123780_1920-150x150.jpg\" class=\"attachment-thumbnail size-thumbnail\" alt=\"\" decoding=\"async\" loading=\"lazy\" \/><\/a>\n\t\t\t<\/dt><\/dl><dl class='gallery-item'>\n\t\t\t<dt class='gallery-icon landscape'>\n\t\t\t\t<a href='https:\/\/coaching-clown.de\/?attachment_id=1726'><img width=\"150\" height=\"150\" src=\"https:\/\/coaching-clown.de\/wp-content\/uploads\/2017\/03\/sunflower-868119_1920-150x150.jpg\" class=\"attachment-thumbnail size-thumbnail\" alt=\"\" decoding=\"async\" loading=\"lazy\" \/><\/a>\n\t\t\t<\/dt><\/dl><dl class='gallery-item'>\n\t\t\t<dt class='gallery-icon landscape'>\n\t\t\t\t<a href='https:\/\/coaching-clown.de\/?attachment_id=1732'><img width=\"150\" height=\"150\" src=\"https:\/\/coaching-clown.de\/wp-content\/uploads\/2017\/03\/architecture-2083693_1920-150x150.jpg\" class=\"attachment-thumbnail size-thumbnail\" alt=\"\" decoding=\"async\" loading=\"lazy\" \/><\/a>\n\t\t\t<\/dt><\/dl><br style=\"clear: both\" \/>\n\t\t<\/div>\n\n<p style=\"text-align: center;\"><span style=\"font-family: Arial,sans-serif;\">Neben der praktischen Arbeit, hat mich die Forschung immer sehr interessiert. Die Ver\u00f6ffentlichung \u201e<a href=\"http:\/\/coaching-clown.de\/?page_id=223\">Der Clown als systemischer Coach<\/a>\u201c ist der erste Versuch, meine Erkenntnisse zu systematisieren. Zur Zeit arbeie ich an dem Coachee in der Rolle des Clowns. Insbesondere analoge Spiele als Intervention im Coaching, sowie der Einsatz von Inszenierungen und Re-Inszenieren bilden mein Hauptinteresse. Genauer untersuche ich ebenfalls die verschiedenen Balancetechniken des Zirkus, wie Slackline, Akrobatik und Rola Bola, sowie die Rolle der Jonglage bei der Herangehensweise an komplexe Herausforderungen.<\/span><\/p>\n<p style=\"text-align: center;\"><span style=\"font-family: Arial,sans-serif;\"><a href=\"http:\/\/coaching-clown.de\/?page_id=262\">zu meinen Coaching-Angeboten<\/a><\/span><\/p>\n<p style=\"text-align: center;\"><span style=\"font-family: Arial,sans-serif;\"><a href=\"http:\/\/coaching-clown.de\/?page_id=1421\">Presseartikel<\/a><\/span><\/p>\n<p style=\"text-align: center;\"><span style=\"font-family: Arial,sans-serif;\"><a href=\"http:\/\/coaching-clown.de\/?page_id=293\">zum Clown und mir<\/a><\/span><\/p>\n<p style=\"text-align: center;\"><span style=\"font-family: Arial,sans-serif;\"><a href=\"http:\/\/coaching-clown.de\/?page_id=69\">zum Lebenslauf<\/a><\/span><\/p>\n","protected":false},"excerpt":{"rendered":"<p>Bereits ohne zertifizierte Kenntnis \u00fcber systemische Theorie, Coaching oder Bewegungstherapie waren meine Handlungen stets intrinsich von deren Verst\u00e4ndnis geleitet. Bereits w\u00e4hrend meines Studiums zum Diplom Betriebswirt (BA) unterst\u00fctzt durch die Ford Werke AG Deutschland, erhielten wir 8 in einem Assesment &hellip; <a href=\"https:\/\/coaching-clown.de\/?page_id=1464\">Weiterlesen <span class=\"meta-nav\">&rarr;<\/span><\/a><\/p>\n","protected":false},"author":1,"featured_media":0,"parent":46,"menu_order":0,"comment_status":"closed","ping_status":"open","template":"","meta":[],"_links":{"self":[{"href":"https:\/\/coaching-clown.de\/index.php?rest_route=\/wp\/v2\/pages\/1464"}],"collection":[{"href":"https:\/\/coaching-clown.de\/index.php?rest_route=\/wp\/v2\/pages"}],"about":[{"href":"https:\/\/coaching-clown.de\/index.php?rest_route=\/wp\/v2\/types\/page"}],"author":[{"embeddable":true,"href":"https:\/\/coaching-clown.de\/index.php?rest_route=\/wp\/v2\/users\/1"}],"replies":[{"embeddable":true,"href":"https:\/\/coaching-clown.de\/index.php?rest_route=%2Fwp%2Fv2%2Fcomments&post=1464"}],"version-history":[{"count":30,"href":"https:\/\/coaching-clown.de\/index.php?rest_route=\/wp\/v2\/pages\/1464\/revisions"}],"predecessor-version":[{"id":2068,"href":"https:\/\/coaching-clown.de\/index.php?rest_route=\/wp\/v2\/pages\/1464\/revisions\/2068"}],"up":[{"embeddable":true,"href":"https:\/\/coaching-clown.de\/index.php?rest_route=\/wp\/v2\/pages\/46"}],"wp:attachment":[{"href":"https:\/\/coaching-clown.de\/index.php?rest_route=%2Fwp%2Fv2%2Fmedia&parent=1464"}],"curies":[{"name":"wp","href":"https:\/\/api.w.org\/{rel}","templated":true}]}}