{"id":18,"date":"2014-06-02T11:59:49","date_gmt":"2014-06-02T11:59:49","guid":{"rendered":"http:\/\/coaching-clown.de\/?page_id=18"},"modified":"2018-10-23T18:20:59","modified_gmt":"2018-10-23T18:20:59","slug":"koerper","status":"publish","type":"page","link":"https:\/\/coaching-clown.de\/?page_id=18","title":{"rendered":"K\u00f6rper"},"content":{"rendered":"<p align=\"LEFT\"><span style=\"font-family: Arial, sans-serif;\">ARGYLE, Michael: <i>K\u00f6rpersprache und Kommunikation<\/i> 5. Aufl. Paderborn: Junfermannsche Verlagsbuchhandlung, 1979<\/span><\/p>\n<div id='gallery-1' class='gallery galleryid-18 gallery-columns-2 gallery-size-thumbnail'><dl class='gallery-item'>\n\t\t\t<dt class='gallery-icon portrait'>\n\t\t\t\t<a href='https:\/\/coaching-clown.de\/wp-content\/uploads\/2018\/10\/Argyle-K\u00f6rpersprache-und-Kommunikation-DB.jpeg'><img width=\"150\" height=\"150\" src=\"https:\/\/coaching-clown.de\/wp-content\/uploads\/2018\/10\/Argyle-K\u00f6rpersprache-und-Kommunikation-DB-150x150.jpeg\" class=\"attachment-thumbnail size-thumbnail\" alt=\"\" decoding=\"async\" loading=\"lazy\" \/><\/a>\n\t\t\t<\/dt><\/dl><dl class='gallery-item'>\n\t\t\t<dt class='gallery-icon portrait'>\n\t\t\t\t<a href='https:\/\/coaching-clown.de\/wp-content\/uploads\/2018\/10\/Argyle-K\u00f6rpersprache-und-Kommunikation-RS.jpeg'><img width=\"150\" height=\"150\" src=\"https:\/\/coaching-clown.de\/wp-content\/uploads\/2018\/10\/Argyle-K\u00f6rpersprache-und-Kommunikation-RS-150x150.jpeg\" class=\"attachment-thumbnail size-thumbnail\" alt=\"\" decoding=\"async\" loading=\"lazy\" \/><\/a>\n\t\t\t<\/dt><\/dl><br style=\"clear: both\" \/>\n\t\t<\/div>\n\n<p><span style=\"font-family: Arial, sans-serif;\">BAUER, Joachim: <i>Das Ged\u00e4chtnis des K\u00f6rpers \u2013 Wie Beziehungen und Lebensstile unsere Gene steuern<\/i> 7.Aufl. M\u00fcnchen: Piper Verlag GmbH, 2006<\/span><\/p>\n<div id='gallery-2' class='gallery galleryid-18 gallery-columns-2 gallery-size-thumbnail'><dl class='gallery-item'>\n\t\t\t<dt class='gallery-icon portrait'>\n\t\t\t\t<a href='https:\/\/coaching-clown.de\/wp-content\/uploads\/2015\/06\/Bauer-Joachim-Das-Ged\u00e4chtnis-des-K\u00f6rpers-Deckblatt.jpg'><img width=\"150\" height=\"150\" src=\"https:\/\/coaching-clown.de\/wp-content\/uploads\/2015\/06\/Bauer-Joachim-Das-Ged\u00e4chtnis-des-K\u00f6rpers-Deckblatt-150x150.jpg\" class=\"attachment-thumbnail size-thumbnail\" alt=\"\" decoding=\"async\" loading=\"lazy\" \/><\/a>\n\t\t\t<\/dt><\/dl><dl class='gallery-item'>\n\t\t\t<dt class='gallery-icon portrait'>\n\t\t\t\t<a href='https:\/\/coaching-clown.de\/wp-content\/uploads\/2015\/06\/Bauer-Joachim-Das-Ged\u00e4chtnis-des-K\u00f6rpers-R\u00fcckseite.jpg'><img width=\"150\" height=\"150\" src=\"https:\/\/coaching-clown.de\/wp-content\/uploads\/2015\/06\/Bauer-Joachim-Das-Ged\u00e4chtnis-des-K\u00f6rpers-R\u00fcckseite-150x150.jpg\" class=\"attachment-thumbnail size-thumbnail\" alt=\"\" decoding=\"async\" loading=\"lazy\" \/><\/a>\n\t\t\t<\/dt><\/dl><br style=\"clear: both\" \/>\n\t\t<\/div>\n\n<p><span style=\"font-family: Arial, sans-serif;\">BAUER, Joachim: <i>Warum ich f\u00fchle, was du f\u00fchlst \u2013 Intuitive Kommunikation und das Geheimnis der Spiegelneurone<\/i> 19. Aufl. M\u00fcnchen: Wilhelm Heyne Verlag, 2012<\/span><\/p>\n<div id='gallery-3' class='gallery galleryid-18 gallery-columns-2 gallery-size-thumbnail'><dl class='gallery-item'>\n\t\t\t<dt class='gallery-icon portrait'>\n\t\t\t\t<a href='https:\/\/coaching-clown.de\/wp-content\/uploads\/2015\/06\/Bauer-Joachim-Warum-ich-f\u00fchle-was-Du-f\u00fchlst-Deckblatt.jpg'><img width=\"150\" height=\"150\" src=\"https:\/\/coaching-clown.de\/wp-content\/uploads\/2015\/06\/Bauer-Joachim-Warum-ich-f\u00fchle-was-Du-f\u00fchlst-Deckblatt-150x150.jpg\" class=\"attachment-thumbnail size-thumbnail\" alt=\"\" decoding=\"async\" loading=\"lazy\" \/><\/a>\n\t\t\t<\/dt><\/dl><dl class='gallery-item'>\n\t\t\t<dt class='gallery-icon portrait'>\n\t\t\t\t<a href='https:\/\/coaching-clown.de\/wp-content\/uploads\/2015\/06\/Bauer-Joachim-Warum-ich-f\u00fchle-was-Du-f\u00fchlst-R\u00fcckseite.jpg'><img width=\"150\" height=\"150\" src=\"https:\/\/coaching-clown.de\/wp-content\/uploads\/2015\/06\/Bauer-Joachim-Warum-ich-f\u00fchle-was-Du-f\u00fchlst-R\u00fcckseite-150x150.jpg\" class=\"attachment-thumbnail size-thumbnail\" alt=\"\" decoding=\"async\" loading=\"lazy\" \/><\/a>\n\t\t\t<\/dt><\/dl><br style=\"clear: both\" \/>\n\t\t<\/div>\n\n<p><span style=\"font-family: Arial,sans-serif;\">CSIKSZENTMIHALYI, Mihaly: <i>Das Flow Erlebnis<\/i> 5. Aufl. Stuttgart: Klett-Cotta, 1993<\/span><\/p>\n<div id='gallery-4' class='gallery galleryid-18 gallery-columns-2 gallery-size-thumbnail'><dl class='gallery-item'>\n\t\t\t<dt class='gallery-icon portrait'>\n\t\t\t\t<a href='https:\/\/coaching-clown.de\/?attachment_id=1403'><img width=\"150\" height=\"150\" src=\"https:\/\/coaching-clown.de\/wp-content\/uploads\/2014\/06\/Csikszentmihalyi-Das-Flow-Erlebnis-DB-150x150.jpeg\" class=\"attachment-thumbnail size-thumbnail\" alt=\"\" decoding=\"async\" loading=\"lazy\" \/><\/a>\n\t\t\t<\/dt><\/dl><dl class='gallery-item'>\n\t\t\t<dt class='gallery-icon portrait'>\n\t\t\t\t<a href='https:\/\/coaching-clown.de\/?attachment_id=1404'><img width=\"150\" height=\"150\" src=\"https:\/\/coaching-clown.de\/wp-content\/uploads\/2014\/06\/Csikszentmihalyi-Das-Flow-Erlebnis-RS.jpeg-150x150.jpeg\" class=\"attachment-thumbnail size-thumbnail\" alt=\"\" decoding=\"async\" loading=\"lazy\" \/><\/a>\n\t\t\t<\/dt><\/dl><br style=\"clear: both\" \/>\n\t\t<\/div>\n\n<p><span style=\"font-family: Arial, sans-serif;\">FAST, Julius: <i>K\u00f6rpersprache<\/i> 3.Aufl. Reinbek: Rowohlt Verlag GmbH, 1980<\/span><\/p>\n<div id='gallery-5' class='gallery galleryid-18 gallery-columns-2 gallery-size-thumbnail'><dl class='gallery-item'>\n\t\t\t<dt class='gallery-icon portrait'>\n\t\t\t\t<a href='https:\/\/coaching-clown.de\/wp-content\/uploads\/2015\/06\/Fast-Julias-K\u00f6rpersprache-Deckbaltt.jpg'><img width=\"150\" height=\"150\" src=\"https:\/\/coaching-clown.de\/wp-content\/uploads\/2015\/06\/Fast-Julias-K\u00f6rpersprache-Deckbaltt-150x150.jpg\" class=\"attachment-thumbnail size-thumbnail\" alt=\"\" decoding=\"async\" loading=\"lazy\" \/><\/a>\n\t\t\t<\/dt><\/dl><dl class='gallery-item'>\n\t\t\t<dt class='gallery-icon portrait'>\n\t\t\t\t<a href='https:\/\/coaching-clown.de\/wp-content\/uploads\/2015\/06\/Fast-Julius-K\u00f6rpersprache-R\u00fcckseite.jpg'><img width=\"150\" height=\"150\" src=\"https:\/\/coaching-clown.de\/wp-content\/uploads\/2015\/06\/Fast-Julius-K\u00f6rpersprache-R\u00fcckseite-150x150.jpg\" class=\"attachment-thumbnail size-thumbnail\" alt=\"\" decoding=\"async\" loading=\"lazy\" \/><\/a>\n\t\t\t<\/dt><\/dl><br style=\"clear: both\" \/>\n\t\t<\/div>\n\n<p><span style=\"font-family: Arial,sans-serif;\">FRANKLIN, Eric: <i>Bewegung beginnt im Kopf \u2013 Locker, leicht dynamisch mit der Franklin-Methode<\/i> Kirchzarten bei Freiburg: VAK Verlag GmbH, 2007<\/span><\/p>\n<div id='gallery-6' class='gallery galleryid-18 gallery-columns-2 gallery-size-thumbnail'><dl class='gallery-item'>\n\t\t\t<dt class='gallery-icon portrait'>\n\t\t\t\t<a href='https:\/\/coaching-clown.de\/wp-content\/uploads\/2015\/06\/Franklin-Erik-Bewegung-beginnt-im-Kopf-Deckblatt.jpg'><img width=\"150\" height=\"150\" src=\"https:\/\/coaching-clown.de\/wp-content\/uploads\/2015\/06\/Franklin-Erik-Bewegung-beginnt-im-Kopf-Deckblatt-150x150.jpg\" class=\"attachment-thumbnail size-thumbnail\" alt=\"\" decoding=\"async\" loading=\"lazy\" \/><\/a>\n\t\t\t<\/dt><\/dl><dl class='gallery-item'>\n\t\t\t<dt class='gallery-icon portrait'>\n\t\t\t\t<a href='https:\/\/coaching-clown.de\/wp-content\/uploads\/2015\/06\/Franklin-Erik-Bewegung-beginnt-im-Kopf-R\u00fcckseite.jpg'><img width=\"150\" height=\"150\" src=\"https:\/\/coaching-clown.de\/wp-content\/uploads\/2015\/06\/Franklin-Erik-Bewegung-beginnt-im-Kopf-R\u00fcckseite-150x150.jpg\" class=\"attachment-thumbnail size-thumbnail\" alt=\"\" decoding=\"async\" loading=\"lazy\" \/><\/a>\n\t\t\t<\/dt><\/dl><br style=\"clear: both\" \/>\n\t\t<\/div>\n\n<p><span style=\"font-family: Arial, sans-serif;\">DR. MED. HOFFBAUER, Gabi: Body IQ \u2013 <i>Dein K\u00f6rper sagt, was Dir gut tut<\/i> M\u00fcnchen: K\u00f6sel-Verlag GmbH &amp; Co., 2005<\/span><\/p>\n<div id='gallery-7' class='gallery galleryid-18 gallery-columns-2 gallery-size-thumbnail'><dl class='gallery-item'>\n\t\t\t<dt class='gallery-icon portrait'>\n\t\t\t\t<a href='https:\/\/coaching-clown.de\/wp-content\/uploads\/2015\/06\/Hoffbauer-Dr.-med.-Gabi-Body-IQ-Deckblatt.jpg'><img width=\"150\" height=\"150\" src=\"https:\/\/coaching-clown.de\/wp-content\/uploads\/2015\/06\/Hoffbauer-Dr.-med.-Gabi-Body-IQ-Deckblatt-150x150.jpg\" class=\"attachment-thumbnail size-thumbnail\" alt=\"\" decoding=\"async\" loading=\"lazy\" \/><\/a>\n\t\t\t<\/dt><\/dl><dl class='gallery-item'>\n\t\t\t<dt class='gallery-icon portrait'>\n\t\t\t\t<a href='https:\/\/coaching-clown.de\/wp-content\/uploads\/2015\/06\/Hoffbauer-Dr.-med.-Gabi-Body-IQ-R\u00fcckseite.jpg'><img width=\"150\" height=\"150\" src=\"https:\/\/coaching-clown.de\/wp-content\/uploads\/2015\/06\/Hoffbauer-Dr.-med.-Gabi-Body-IQ-R\u00fcckseite-150x150.jpg\" class=\"attachment-thumbnail size-thumbnail\" alt=\"\" decoding=\"async\" loading=\"lazy\" \/><\/a>\n\t\t\t<\/dt><\/dl><br style=\"clear: both\" \/>\n\t\t<\/div>\n\n<p><span style=\"font-family: Arial,sans-serif;\">HOMFELD, Hans G\u00fcnther:<i> Sinnliche Wahrnehmung K\u00f6rperbewusstsein Gesundheitsbildung \u2013 Praktische Anregungen und Reflexionen<\/i> Weinheim: Deutscher Studien Verlag, 1991<\/span><\/p>\n<div id='gallery-8' class='gallery galleryid-18 gallery-columns-2 gallery-size-thumbnail'><dl class='gallery-item'>\n\t\t\t<dt class='gallery-icon portrait'>\n\t\t\t\t<a href='https:\/\/coaching-clown.de\/wp-content\/uploads\/2015\/06\/Homfeld-H.G.-Sinnliche-Wahrnehmung-K\u00f6rperbewusstsein-Ges-DB.jpg'><img width=\"150\" height=\"150\" src=\"https:\/\/coaching-clown.de\/wp-content\/uploads\/2015\/06\/Homfeld-H.G.-Sinnliche-Wahrnehmung-K\u00f6rperbewusstsein-Ges-DB-150x150.jpg\" class=\"attachment-thumbnail size-thumbnail\" alt=\"\" decoding=\"async\" loading=\"lazy\" \/><\/a>\n\t\t\t<\/dt><\/dl><dl class='gallery-item'>\n\t\t\t<dt class='gallery-icon portrait'>\n\t\t\t\t<a href='https:\/\/coaching-clown.de\/wp-content\/uploads\/2015\/06\/Homfeld-H.G.-Sinnliche-Wahrnehmung-K\u00f6rperbewusstsein-Ges-RS.jpg'><img width=\"150\" height=\"150\" src=\"https:\/\/coaching-clown.de\/wp-content\/uploads\/2015\/06\/Homfeld-H.G.-Sinnliche-Wahrnehmung-K\u00f6rperbewusstsein-Ges-RS-150x150.jpg\" class=\"attachment-thumbnail size-thumbnail\" alt=\"\" decoding=\"async\" loading=\"lazy\" \/><\/a>\n\t\t\t<\/dt><\/dl><br style=\"clear: both\" \/>\n\t\t<\/div>\n\n<p><span style=\"font-family: Arial, sans-serif;\">KRETSCHMER, Ernst: <i>K\u00f6rperbau und Charakter &#8211; Untersuchungen zum Konstitutionsproblem und zur Lehre von den Temperamenten<\/i> 26. Aufl. Berlin: Springer Verlag, 1977<\/span><\/p>\n<div id='gallery-9' class='gallery galleryid-18 gallery-columns-2 gallery-size-thumbnail'><dl class='gallery-item'>\n\t\t\t<dt class='gallery-icon portrait'>\n\t\t\t\t<a href='https:\/\/coaching-clown.de\/wp-content\/uploads\/2018\/10\/Kretschmer-K\u00f6rperbau-und-Charakter-DB.jpeg'><img width=\"150\" height=\"150\" src=\"https:\/\/coaching-clown.de\/wp-content\/uploads\/2018\/10\/Kretschmer-K\u00f6rperbau-und-Charakter-DB-150x150.jpeg\" class=\"attachment-thumbnail size-thumbnail\" alt=\"\" decoding=\"async\" loading=\"lazy\" \/><\/a>\n\t\t\t<\/dt><\/dl><dl class='gallery-item'>\n\t\t\t<dt class='gallery-icon portrait'>\n\t\t\t\t<a href='https:\/\/coaching-clown.de\/wp-content\/uploads\/2018\/10\/Kretschmer-K\u00f6rperbau-und-Charakter-RS.jpeg'><img width=\"150\" height=\"150\" src=\"https:\/\/coaching-clown.de\/wp-content\/uploads\/2018\/10\/Kretschmer-K\u00f6rperbau-und-Charakter-RS-150x150.jpeg\" class=\"attachment-thumbnail size-thumbnail\" alt=\"\" decoding=\"async\" loading=\"lazy\" \/><\/a>\n\t\t\t<\/dt><\/dl><br style=\"clear: both\" \/>\n\t\t<\/div>\n\n<p><span style=\"font-family: Arial, sans-serif;\">MOLCHO, Samy: <i>K\u00f6rpersprache<\/i> 21. Aufl. M\u00fcnchen: Wilhelm Goldmann Verlag in der Verlagsgruppe Random House GmbH, 1998<\/span><\/p>\n<div id='gallery-10' class='gallery galleryid-18 gallery-columns-2 gallery-size-thumbnail'><dl class='gallery-item'>\n\t\t\t<dt class='gallery-icon portrait'>\n\t\t\t\t<a href='https:\/\/coaching-clown.de\/wp-content\/uploads\/2015\/06\/Molcho-Samy-K\u00f6rpersprache-Deckblatt.jpg'><img width=\"150\" height=\"150\" src=\"https:\/\/coaching-clown.de\/wp-content\/uploads\/2015\/06\/Molcho-Samy-K\u00f6rpersprache-Deckblatt-150x150.jpg\" class=\"attachment-thumbnail size-thumbnail\" alt=\"\" decoding=\"async\" loading=\"lazy\" \/><\/a>\n\t\t\t<\/dt><\/dl><dl class='gallery-item'>\n\t\t\t<dt class='gallery-icon portrait'>\n\t\t\t\t<a href='https:\/\/coaching-clown.de\/wp-content\/uploads\/2015\/06\/Molcho-Samy-K\u00f6rpersprache-R\u00fcckseite.jpg'><img width=\"150\" height=\"150\" src=\"https:\/\/coaching-clown.de\/wp-content\/uploads\/2015\/06\/Molcho-Samy-K\u00f6rpersprache-R\u00fcckseite-150x150.jpg\" class=\"attachment-thumbnail size-thumbnail\" alt=\"\" decoding=\"async\" loading=\"lazy\" \/><\/a>\n\t\t\t<\/dt><\/dl><br style=\"clear: both\" \/>\n\t\t<\/div>\n\n<p><span style=\"font-family: Arial,sans-serif;\">RICHTER, Kurt F.: <\/span><span style=\"font-family: Arial,sans-serif;\"><i>Erz\u00e4hlweisen des K\u00f6rpers<\/i><\/span><span style=\"font-family: Arial,sans-serif;\"> 3. Aufl. Seelze-Velber: Kallmeyersche Verlagsbuchhandlung GmbH, 2003<\/span><\/p>\n<div id='gallery-11' class='gallery galleryid-18 gallery-columns-2 gallery-size-thumbnail'><dl class='gallery-item'>\n\t\t\t<dt class='gallery-icon portrait'>\n\t\t\t\t<a href='https:\/\/coaching-clown.de\/wp-content\/uploads\/2014\/06\/Richter-Kurt-Erz\u00e4hlweisen-des-K\u00f6rpers-DB.jpg'><img width=\"150\" height=\"150\" src=\"https:\/\/coaching-clown.de\/wp-content\/uploads\/2014\/06\/Richter-Kurt-Erz\u00e4hlweisen-des-K\u00f6rpers-DB-150x150.jpg\" class=\"attachment-thumbnail size-thumbnail\" alt=\"\" decoding=\"async\" loading=\"lazy\" \/><\/a>\n\t\t\t<\/dt><\/dl><dl class='gallery-item'>\n\t\t\t<dt class='gallery-icon portrait'>\n\t\t\t\t<a href='https:\/\/coaching-clown.de\/wp-content\/uploads\/2014\/06\/Richter-Kurt-Erz\u00e4hlweisen-des-K\u00f6rpers-RS.jpg'><img width=\"150\" height=\"150\" src=\"https:\/\/coaching-clown.de\/wp-content\/uploads\/2014\/06\/Richter-Kurt-Erz\u00e4hlweisen-des-K\u00f6rpers-RS-150x150.jpg\" class=\"attachment-thumbnail size-thumbnail\" alt=\"\" decoding=\"async\" loading=\"lazy\" \/><\/a>\n\t\t\t<\/dt><\/dl><br style=\"clear: both\" \/>\n\t\t<\/div>\n\n<p><span style=\"font-family: Arial, sans-serif;\">TODD, Mabel E.: <i>Der K\u00f6rper denkt mit \u2013 Anatomie als Ausdruck dynamischer Kr\u00e4fte<\/i> 2. Aufl. Bern: Verlag Hans Huber, 2003<\/span><\/p>\n<div id='gallery-12' class='gallery galleryid-18 gallery-columns-2 gallery-size-thumbnail'><dl class='gallery-item'>\n\t\t\t<dt class='gallery-icon portrait'>\n\t\t\t\t<a href='https:\/\/coaching-clown.de\/wp-content\/uploads\/2018\/02\/Todd-Der-K\u00f6rper-denkt-mit-DB.jpg'><img width=\"150\" height=\"150\" src=\"https:\/\/coaching-clown.de\/wp-content\/uploads\/2018\/02\/Todd-Der-K\u00f6rper-denkt-mit-DB-150x150.jpg\" class=\"attachment-thumbnail size-thumbnail\" alt=\"\" decoding=\"async\" loading=\"lazy\" \/><\/a>\n\t\t\t<\/dt><\/dl><dl class='gallery-item'>\n\t\t\t<dt class='gallery-icon portrait'>\n\t\t\t\t<a href='https:\/\/coaching-clown.de\/wp-content\/uploads\/2018\/02\/Todd-Der-K\u00f6rper-denkt-mit-RS.jpg'><img width=\"150\" height=\"150\" src=\"https:\/\/coaching-clown.de\/wp-content\/uploads\/2018\/02\/Todd-Der-K\u00f6rper-denkt-mit-RS-150x150.jpg\" class=\"attachment-thumbnail size-thumbnail\" alt=\"\" decoding=\"async\" loading=\"lazy\" \/><\/a>\n\t\t\t<\/dt><\/dl><br style=\"clear: both\" \/>\n\t\t<\/div>\n\n","protected":false},"excerpt":{"rendered":"<p>ARGYLE, Michael: K\u00f6rpersprache und Kommunikation 5. Aufl. Paderborn: Junfermannsche Verlagsbuchhandlung, 1979 BAUER, Joachim: Das Ged\u00e4chtnis des K\u00f6rpers \u2013 Wie Beziehungen und Lebensstile unsere Gene steuern 7.Aufl. M\u00fcnchen: Piper Verlag GmbH, 2006 BAUER, Joachim: Warum ich f\u00fchle, was du f\u00fchlst \u2013 &hellip; <a href=\"https:\/\/coaching-clown.de\/?page_id=18\">Weiterlesen <span class=\"meta-nav\">&rarr;<\/span><\/a><\/p>\n","protected":false},"author":1,"featured_media":0,"parent":12,"menu_order":90,"comment_status":"closed","ping_status":"open","template":"","meta":[],"_links":{"self":[{"href":"https:\/\/coaching-clown.de\/index.php?rest_route=\/wp\/v2\/pages\/18"}],"collection":[{"href":"https:\/\/coaching-clown.de\/index.php?rest_route=\/wp\/v2\/pages"}],"about":[{"href":"https:\/\/coaching-clown.de\/index.php?rest_route=\/wp\/v2\/types\/page"}],"author":[{"embeddable":true,"href":"https:\/\/coaching-clown.de\/index.php?rest_route=\/wp\/v2\/users\/1"}],"replies":[{"embeddable":true,"href":"https:\/\/coaching-clown.de\/index.php?rest_route=%2Fwp%2Fv2%2Fcomments&post=18"}],"version-history":[{"count":11,"href":"https:\/\/coaching-clown.de\/index.php?rest_route=\/wp\/v2\/pages\/18\/revisions"}],"predecessor-version":[{"id":1977,"href":"https:\/\/coaching-clown.de\/index.php?rest_route=\/wp\/v2\/pages\/18\/revisions\/1977"}],"up":[{"embeddable":true,"href":"https:\/\/coaching-clown.de\/index.php?rest_route=\/wp\/v2\/pages\/12"}],"wp:attachment":[{"href":"https:\/\/coaching-clown.de\/index.php?rest_route=%2Fwp%2Fv2%2Fmedia&parent=18"}],"curies":[{"name":"wp","href":"https:\/\/api.w.org\/{rel}","templated":true}]}}