{"id":213,"date":"2014-06-02T20:48:24","date_gmt":"2014-06-02T20:48:24","guid":{"rendered":"http:\/\/coaching-clown.de\/?page_id=213"},"modified":"2018-01-19T19:42:51","modified_gmt":"2018-01-19T19:42:51","slug":"clown-workshop","status":"publish","type":"page","link":"https:\/\/coaching-clown.de\/?page_id=213","title":{"rendered":"Clown Training"},"content":{"rendered":"<div id='gallery-1' class='gallery galleryid-213 gallery-columns-3 gallery-size-thumbnail'><dl class='gallery-item'>\n\t\t\t<dt class='gallery-icon landscape'>\n\t\t\t\t<a href='https:\/\/coaching-clown.de\/wp-content\/uploads\/2014\/06\/Seifenblasen-Vorhalle.jpg'><img width=\"150\" height=\"150\" src=\"https:\/\/coaching-clown.de\/wp-content\/uploads\/2014\/06\/Seifenblasen-Vorhalle-150x150.jpg\" class=\"attachment-thumbnail size-thumbnail\" alt=\"\" decoding=\"async\" loading=\"lazy\" \/><\/a>\n\t\t\t<\/dt><\/dl><dl class='gallery-item'>\n\t\t\t<dt class='gallery-icon landscape'>\n\t\t\t\t<a href='https:\/\/coaching-clown.de\/wp-content\/uploads\/2014\/06\/Wasserspritze3.png'><img width=\"150\" height=\"150\" src=\"https:\/\/coaching-clown.de\/wp-content\/uploads\/2014\/06\/Wasserspritze3-150x150.png\" class=\"attachment-thumbnail size-thumbnail\" alt=\"\" decoding=\"async\" loading=\"lazy\" \/><\/a>\n\t\t\t<\/dt><\/dl><dl class='gallery-item'>\n\t\t\t<dt class='gallery-icon portrait'>\n\t\t\t\t<a href='https:\/\/coaching-clown.de\/wp-content\/uploads\/2014\/06\/Seifenblasen-Pfeiffe31.jpg'><img width=\"150\" height=\"150\" src=\"https:\/\/coaching-clown.de\/wp-content\/uploads\/2014\/06\/Seifenblasen-Pfeiffe31-150x150.jpg\" class=\"attachment-thumbnail size-thumbnail\" alt=\"\" decoding=\"async\" loading=\"lazy\" \/><\/a>\n\t\t\t<\/dt><\/dl><br style=\"clear: both\" \/>\n\t\t<\/div>\n\n<p style=\"text-align: center;\"><span style=\"color: #000000;\"><span style=\"font-family: Arial, sans-serif;\">Jeder tr\u00e4gt einen Clown in sich! Clown sein bedeutet, die Welt durch die staunenden Augen eines Kindes zu sehen und sie st\u00e4ndig neu zu entdecken. Clown sein bedeutet, die eigenen Schw\u00e4chen und die eigene L\u00e4cherlichkeit freudig mit seinem Gegen\u00fcber zu teilen.<br \/>\nClown sein ist nonverbale Kommunikation, <a href=\"http:\/\/coaching-clown.de\/?page_id=235\">Improvisation<\/a> und <a href=\"http:\/\/coaching-clown.de\/?page_id=251\">Verbundenheit<\/a>. Ein Clown kennt seine <a href=\"http:\/\/coaching-clown.de\/?page_id=237\">Emotionen<\/a> und hat die F\u00e4higkeit \u00fcber sich selbst zu lachen.<\/span><\/span><\/p>\n<p style=\"text-align: center;\">\u00a0<span style=\"color: #000000;\"><span style=\"font-family: Arial, sans-serif;\"><a title=\"Ausbildung von Clown und Coach\" href=\"http:\/\/coaching-clown.de\/?page_id=231\">Schl\u00fcsselkompetenzen des Clown<\/a><\/span><\/span><\/p>\n<p style=\"text-align: center;\"><span style=\"color: #000000;\"><span style=\"font-family: Arial, sans-serif;\"><strong>Auch Clowntraining wird meist ohne Verkleidung und rote Nase praktiziert. Selbstverst\u00e4ndlich gibt es viele Spiele, bei denen die Nase helfen kann.<\/strong><\/span><\/span><\/p>\n<p style=\"text-align: center;\"><span style=\"color: #000000;\"><span style=\"font-family: Arial, sans-serif;\"><a title=\"Kontaktformular\" href=\"http:\/\/casipan.wordpress.com\/kontakt\/\" target=\"_blank\">Jetzt mehr Informationen anfordern!<\/a><\/span><\/span><\/p>\n<p>&nbsp;<\/p>\n<p>&nbsp;<\/p>\n<p style=\"text-align: center;\"><strong><span style=\"color: #000000;\"><span style=\"font-family: Arial,sans-serif;\">weitere Angebote:<\/span><\/span><\/strong><\/p>\n<p style=\"text-align: center;\"><span style=\"font-family: Arial, sans-serif;\"><a href=\"http:\/\/coaching-clown.de\/?page_id=262\">Coaching<\/a><\/span><\/p>\n<p style=\"text-align: center;\"><span style=\"font-family: Arial, sans-serif;\"><a href=\"http:\/\/coaching-clown.de\/?page_id=275\">Teambuilding<\/a><\/span><\/p>\n<p style=\"text-align: center;\"><span style=\"font-family: Arial, sans-serif;\"><a href=\"http:\/\/coaching-clown.de\/?page_id=439\">B\u00fchnenpr\u00e4senz<\/a><\/span><\/p>\n<p style=\"text-align: center;\"><span style=\"font-family: Arial, sans-serif;\"><a href=\"http:\/\/coaching-clown.de\/?page_id=286\">Die Balance finden<\/a><\/span><\/p>\n<p style=\"text-align: center;\"><span style=\"font-family: Arial, sans-serif;\"><a href=\"http:\/\/coaching-clown.de\/?page_id=261\">Jonglage und komplexe Herausforderungen<\/a><\/span><\/p>\n<p style=\"text-align: center;\"><span style=\"font-family: Arial, sans-serif;\"><a href=\"http:\/\/coaching-clown.de\/?page_id=288\">Kontakt-Jonglage<\/a><\/span><\/p>\n<p style=\"text-align: center;\"><span style=\"font-family: Arial, sans-serif;\"><a href=\"http:\/\/coaching-clown.de\/?page_id=272\">Zirkus Workshops<\/a><\/span><\/p>\n<p style=\"text-align: center;\"><strong><span style=\"font-family: Arial,sans-serif;\"><a href=\"http:\/\/coaching-clown.de\/?page_id=976\">Beispiele f\u00fcr Methoden und Spiele<\/a><\/span><\/strong><\/p>\n","protected":false},"excerpt":{"rendered":"<p>Jeder tr\u00e4gt einen Clown in sich! Clown sein bedeutet, die Welt durch die staunenden Augen eines Kindes zu sehen und sie st\u00e4ndig neu zu entdecken. Clown sein bedeutet, die eigenen Schw\u00e4chen und die eigene L\u00e4cherlichkeit freudig mit seinem Gegen\u00fcber zu &hellip; <a href=\"https:\/\/coaching-clown.de\/?page_id=213\">Weiterlesen <span class=\"meta-nav\">&rarr;<\/span><\/a><\/p>\n","protected":false},"author":1,"featured_media":0,"parent":953,"menu_order":100,"comment_status":"closed","ping_status":"open","template":"","meta":[],"_links":{"self":[{"href":"https:\/\/coaching-clown.de\/index.php?rest_route=\/wp\/v2\/pages\/213"}],"collection":[{"href":"https:\/\/coaching-clown.de\/index.php?rest_route=\/wp\/v2\/pages"}],"about":[{"href":"https:\/\/coaching-clown.de\/index.php?rest_route=\/wp\/v2\/types\/page"}],"author":[{"embeddable":true,"href":"https:\/\/coaching-clown.de\/index.php?rest_route=\/wp\/v2\/users\/1"}],"replies":[{"embeddable":true,"href":"https:\/\/coaching-clown.de\/index.php?rest_route=%2Fwp%2Fv2%2Fcomments&post=213"}],"version-history":[{"count":36,"href":"https:\/\/coaching-clown.de\/index.php?rest_route=\/wp\/v2\/pages\/213\/revisions"}],"predecessor-version":[{"id":1840,"href":"https:\/\/coaching-clown.de\/index.php?rest_route=\/wp\/v2\/pages\/213\/revisions\/1840"}],"up":[{"embeddable":true,"href":"https:\/\/coaching-clown.de\/index.php?rest_route=\/wp\/v2\/pages\/953"}],"wp:attachment":[{"href":"https:\/\/coaching-clown.de\/index.php?rest_route=%2Fwp%2Fv2%2Fmedia&parent=213"}],"curies":[{"name":"wp","href":"https:\/\/api.w.org\/{rel}","templated":true}]}}