{"id":231,"date":"2014-06-02T21:22:25","date_gmt":"2014-06-02T21:22:25","guid":{"rendered":"http:\/\/coaching-clown.de\/?page_id=231"},"modified":"2015-09-15T15:24:26","modified_gmt":"2015-09-15T15:24:26","slug":"ausbildung-von-clown-und-coach","status":"publish","type":"page","link":"https:\/\/coaching-clown.de\/?page_id=231","title":{"rendered":"Ausbildung von Clown und Coach"},"content":{"rendered":"<p style=\"text-align: justify;\">\u201e<span style=\"font-family: Arial, sans-serif;\">Coaching ist eine innovative Ma\u00dfnahme der Pers\u00f6nlichkeitsentwicklung.\u201c<\/span><sup><span style=\"font-family: Arial, sans-serif;\"><a href=\"http:\/\/coaching-clown.de\/?page_id=53\" name=\"sdfootnote1anc\"><sup>1<\/sup><\/a><\/span><\/sup><span style=\"font-family: Arial, sans-serif;\">\u00a0\u201eDies legt nahe, dass die Entwicklung des Selbst die einzig sinnvolle M\u00f6glichkeit ist, um ein erfolgreicher Berater zu werden.\u201c<\/span><sup><span style=\"font-family: Arial, sans-serif;\"><a href=\"http:\/\/coaching-clown.de\/?page_id=53\" name=\"sdfootnote2anc\"><sup>2<\/sup><\/a><\/span><\/sup><\/p>\n<p style=\"text-align: justify;\" align=\"justify\"><span style=\"font-family: Arial, sans-serif;\">Bereits vor 2000 Jahren galt:<\/span><\/p>\n<p style=\"text-align: justify;\" align=\"justify\">\u201e<span style=\"font-family: Arial, sans-serif;\">Den Splitter im Auge deines Bruders, den siehst du, aber den Balken im eigenen Auge, den siehst du nicht. Erst wenn du den Balken aus deinem Auge entfernt hast, wirst du klar genug sehen, um den Splitter aus dem Auge deines Bruders zu entfernen.\u201c<\/span><sup><span style=\"font-family: Arial, sans-serif;\"><a href=\"http:\/\/coaching-clown.de\/?page_id=53\" name=\"sdfootnote3anc\"><sup>3<\/sup><\/a><\/span><\/sup><\/p>\n<p style=\"text-align: justify;\" align=\"justify\"><span style=\"font-family: Arial, sans-serif;\">Erfahrene Clowns halten sich an den folgenden Grundsatz:<\/span><\/p>\n<p style=\"text-align: justify;\" align=\"justify\">\u201e<span style=\"font-family: Arial, sans-serif;\">Beginne \u00fcber dich selbst zu lachen, bevor du das Publikum widerspiegelst, reflektiere zuerst dein Selbst. Lache erst \u00fcber dich, dann hast du auch das Recht, \u00fcber andere zu lachen.\u201c<\/span><sup><span style=\"font-family: Arial, sans-serif;\"><a href=\"http:\/\/coaching-clown.de\/?page_id=53\" name=\"sdfootnote4anc\"><sup>4<\/sup><\/a><\/span><\/sup><\/p>\n<p style=\"text-align: justify;\" align=\"justify\"><span style=\"font-family: Arial, sans-serif;\">Die n\u00f6tige Selbstreflektion f\u00fcr ihre Arbeit vollziehen Clown und Coach auf \u00e4hnliche Weise. Der Coach reflektiert sich in seiner Ausbildung. Er erf\u00e4hrt und erlebt die Methoden als Coach und Coachee. Der Clown reflektiert sich im analogen Spiel. Durch permanente Selbstreflektion befinden sich Coach und Clown in einem kontinuierlichen Verbesserungsprozess.<\/span><sup><span style=\"font-family: Arial, sans-serif;\"><a href=\"http:\/\/coaching-clown.de\/?page_id=53\" name=\"sdfootnote5anc\"><sup>5<\/sup><\/a><\/span><\/sup><\/p>\n<p style=\"text-align: justify;\" align=\"justify\"><span style=\"font-family: Arial, sans-serif;\">Der Clown geht dabei von sich selbst aus.<\/span><sup><span style=\"font-family: Arial, sans-serif;\"><a href=\"http:\/\/coaching-clown.de\/?page_id=53\" name=\"sdfootnote6anc\"><sup>6<\/sup><\/a><\/span><\/sup><span style=\"font-family: Arial, sans-serif;\"> \u201eEin \u201eaufgesetzter\u201c Clown wird nicht allzu echt wirken.\u201c<\/span><sup><span style=\"font-family: Arial, sans-serif;\"><a href=\"http:\/\/coaching-clown.de\/?page_id=53\" name=\"sdfootnote7anc\"><sup>7<\/sup><\/a><\/span><\/sup><\/p>\n<p style=\"text-align: justify;\" align=\"justify\">\u201e<span style=\"font-family: Arial, sans-serif;\">Die Betonung der eigenst\u00e4ndig erfahrenen Empirie und die Befolgung des eigenen Verstandes wurde dem \u201eIdioten\u201c als einer auf sich selbst gegr\u00fcndeten, sich unabh\u00e4ngig geb\u00e4rdenden Privatperson zugesprochen. &#8230;Zum-Vorschein-Bringen von M\u00fcndigkeit aus Unm\u00fcndigkeit war immer bereits Leistung des Narren&#8230;\u201c<\/span><sup><span style=\"font-family: Arial, sans-serif;\"><a href=\"http:\/\/coaching-clown.de\/?page_id=53\" name=\"sdfootnote8anc\"><sup>8<\/sup><\/a><\/span><\/sup><\/p>\n<p style=\"text-align: justify;\" align=\"justify\">\u00a0<span style=\"font-family: Arial, sans-serif;\">Gute Lehrer f\u00fcr den Clown sind Kinder.<\/span><sup><span style=\"font-family: Arial, sans-serif;\"><a href=\"http:\/\/coaching-clown.de\/?page_id=53\" name=\"sdfootnote9anc\"><sup>9<\/sup><\/a><\/span><\/sup><span style=\"font-family: Arial, sans-serif;\">\u00a0\u201eIn jedem Clown steckt etwas Kindliches.\u201c<\/span><sup><span style=\"font-family: Arial, sans-serif;\"><a href=\"http:\/\/coaching-clown.de\/?page_id=53\" name=\"sdfootnote10anc\"><sup>10<\/sup><\/a><\/span><\/sup><\/p>\n<p style=\"text-align: justify;\" align=\"justify\">\u00a0\u201e<span style=\"font-family: Arial, sans-serif;\">Wer einmal den Blick eines wirklichen Clowns sehen will, der schlage einem Kind ein Spiel vor. Was im Auge des Kindes mit zarter Urkraft aufblitzt: der Clown!\u201c<\/span><sup><span style=\"font-family: Arial, sans-serif;\"><a href=\"http:\/\/coaching-clown.de\/?page_id=53\" name=\"sdfootnote11anc\"><sup>11<\/sup><\/a><\/span><\/sup><\/p>\n<p style=\"text-align: justify;\" align=\"justify\">\u00a0<span style=\"font-family: Arial, sans-serif;\">Wir alle waren einmal Kind, also steckt in jedem von uns ein Clown.<\/span><sup><span style=\"font-family: Arial, sans-serif;\"><a href=\"http:\/\/coaching-clown.de\/?page_id=53\" name=\"sdfootnote12anc\"><sup>12<\/sup><\/a><\/span><\/sup><span style=\"font-family: Arial, sans-serif;\"> Durch die Arbeit am eigenen inneren Kind werden Schl\u00fcsselqualifikationen gef\u00f6rdert,<\/span><sup><span style=\"font-family: Arial, sans-serif;\"><a href=\"http:\/\/coaching-clown.de\/?page_id=53\" name=\"sdfootnote13anc\"><sup>13<\/sup><\/a><\/span><\/sup><span style=\"font-family: Arial, sans-serif;\"> die auch f\u00fcr die Arbeit des Coachs entscheidend sind.<\/span><\/p>\n<p style=\"text-align: justify;\" align=\"justify\">\u00a0\u201e<span style=\"font-family: Arial, sans-serif;\">Zukunftsf\u00e4higes Lernen ist in erster Linie Erwerb von Kompetenzen, \u2026.\u201c<\/span><sup><span style=\"font-family: Arial, sans-serif;\"><a href=\"http:\/\/coaching-clown.de\/?page_id=53\" name=\"sdfootnote14anc\"><sup>14<\/sup><\/a><\/span><\/sup><\/p>\n<p style=\"text-align: justify;\" align=\"justify\"><span style=\"font-family: Arial, sans-serif;\"><a href=\"http:\/\/coaching-clown.de\/?page_id=213\">Erwerben und vertiefen\u00a0Sie diese Kompetenzen im Clown-Training<\/a><\/span><\/p>\n<p style=\"text-align: justify;\" align=\"justify\"><span style=\"font-family: Arial, sans-serif;\">3.1 <a href=\"http:\/\/coaching-clown.de\/?page_id=235\">Improvisation<\/a><\/span><\/p>\n<p style=\"text-align: left;\" align=\"justify\"><span style=\"font-family: Arial, sans-serif;\">3.2 <a href=\"http:\/\/coaching-clown.de\/?page_id=237\">Ehrlichkeit und Emotionen<\/a><\/span><\/p>\n<p style=\"text-align: left;\" align=\"justify\"><span style=\"font-family: Arial, sans-serif;\">3.3 <a href=\"http:\/\/coaching-clown.de\/?page_id=242\">Neugier und Staunen<\/a><\/span><\/p>\n<p style=\"text-align: left;\" align=\"justify\"><span style=\"font-family: Arial, sans-serif;\">3.4 <a href=\"http:\/\/coaching-clown.de\/?page_id=244\">Vertrauen und Versuchen<\/a><\/span><\/p>\n<p style=\"text-align: left;\" align=\"justify\"><span style=\"font-family: Arial, sans-serif;\">3.5 <a href=\"http:\/\/coaching-clown.de\/?page_id=246\">Null<\/a><\/span><\/p>\n<p style=\"text-align: left;\" align=\"justify\"><span style=\"font-family: Arial, sans-serif;\">3.6 <a href=\"http:\/\/coaching-clown.de\/?page_id=249\">Dissoziieren<\/a><\/span><\/p>\n<p style=\"text-align: left;\" align=\"justify\"><span style=\"font-family: Arial, sans-serif;\">3.7 <a href=\"http:\/\/coaching-clown.de\/?page_id=251\">Einheit<\/a><\/span><\/p>\n<p style=\"text-align: left;\" align=\"justify\"><span style=\"font-family: Arial, sans-serif;\">3.8 <a href=\"http:\/\/coaching-clown.de\/?page_id=253\">Pr\u00e4senz<\/a><\/span><\/p>\n<p style=\"text-align: left;\" align=\"justify\"><span style=\"font-family: Arial, sans-serif;\">3.9 <a href=\"http:\/\/coaching-clown.de\/?page_id=255\">Der doppelte Punkt der Aufmerksamkeit<\/a><\/span><\/p>\n<p style=\"text-align: left;\" align=\"justify\"><span style=\"font-family: Arial, sans-serif;\">3.10 <a href=\"http:\/\/coaching-clown.de\/?page_id=257\">Timing<\/a><\/span><\/p>\n","protected":false},"excerpt":{"rendered":"<p>\u201eCoaching ist eine innovative Ma\u00dfnahme der Pers\u00f6nlichkeitsentwicklung.\u201c1\u00a0\u201eDies legt nahe, dass die Entwicklung des Selbst die einzig sinnvolle M\u00f6glichkeit ist, um ein erfolgreicher Berater zu werden.\u201c2 Bereits vor 2000 Jahren galt: \u201eDen Splitter im Auge deines Bruders, den siehst du, aber &hellip; <a href=\"https:\/\/coaching-clown.de\/?page_id=231\">Weiterlesen <span class=\"meta-nav\">&rarr;<\/span><\/a><\/p>\n","protected":false},"author":1,"featured_media":0,"parent":223,"menu_order":30,"comment_status":"closed","ping_status":"open","template":"","meta":[],"_links":{"self":[{"href":"https:\/\/coaching-clown.de\/index.php?rest_route=\/wp\/v2\/pages\/231"}],"collection":[{"href":"https:\/\/coaching-clown.de\/index.php?rest_route=\/wp\/v2\/pages"}],"about":[{"href":"https:\/\/coaching-clown.de\/index.php?rest_route=\/wp\/v2\/types\/page"}],"author":[{"embeddable":true,"href":"https:\/\/coaching-clown.de\/index.php?rest_route=\/wp\/v2\/users\/1"}],"replies":[{"embeddable":true,"href":"https:\/\/coaching-clown.de\/index.php?rest_route=%2Fwp%2Fv2%2Fcomments&post=231"}],"version-history":[{"count":9,"href":"https:\/\/coaching-clown.de\/index.php?rest_route=\/wp\/v2\/pages\/231\/revisions"}],"predecessor-version":[{"id":1142,"href":"https:\/\/coaching-clown.de\/index.php?rest_route=\/wp\/v2\/pages\/231\/revisions\/1142"}],"up":[{"embeddable":true,"href":"https:\/\/coaching-clown.de\/index.php?rest_route=\/wp\/v2\/pages\/223"}],"wp:attachment":[{"href":"https:\/\/coaching-clown.de\/index.php?rest_route=%2Fwp%2Fv2%2Fmedia&parent=231"}],"curies":[{"name":"wp","href":"https:\/\/api.w.org\/{rel}","templated":true}]}}