{"id":235,"date":"2014-06-02T21:28:21","date_gmt":"2014-06-02T21:28:21","guid":{"rendered":"http:\/\/coaching-clown.de\/?page_id=235"},"modified":"2015-09-15T15:26:57","modified_gmt":"2015-09-15T15:26:57","slug":"improvisation","status":"publish","type":"page","link":"https:\/\/coaching-clown.de\/?page_id=235","title":{"rendered":"Improvisation"},"content":{"rendered":"<p style=\"text-align: justify;\" align=\"justify\"><span style=\"font-family: Arial, sans-serif;\">Sich einlassen k\u00f6nnen auf das Moment der Ungewissheit \u2013 die Kunst zu improvisieren ist eine zentrale F\u00e4higkeit f\u00fcr Berater\/-innen, Coaches, Therapeuten\/-innen und Supervisoren\/-innen. Sie ist notwendig f\u00fcr eine spielerische und lebendige Inter-Aktion mit dem Klienten\/-innen.\u201c<a href=\"http:\/\/coaching-clown.de\/?page_id=53\" name=\"sdfootnote1anc\"><sup>1<\/sup><\/a><\/span><\/p>\n<p style=\"text-align: justify;\" align=\"justify\"><span style=\"font-family: Arial, sans-serif;\">Improvisation darf nicht mit Zufallsspiel verwechselt werden.<\/span><span style=\"font-family: Arial, sans-serif;\"><a href=\"http:\/\/coaching-clown.de\/?page_id=53\" name=\"sdfootnote2anc\"><sup>2<\/sup><\/a><\/span><span style=\"font-family: Arial, sans-serif;\">\u00a0Sie ist ein Umgang mit dem Moment und nur glaubw\u00fcrdig<\/span><span style=\"font-family: Arial, sans-serif;\">, wenn sie auf einem festen Fundament steht.<\/span><sup><span style=\"font-family: Arial, sans-serif;\"><a href=\"http:\/\/coaching-clown.de\/?page_id=53\" name=\"sdfootnote3anc\"><sup>3<\/sup><\/a><\/span><\/sup><span style=\"font-family: Arial, sans-serif;\">\u00a0Das Fundament bildet die Coachingausbildung bzw. das Clowntraining.<\/span><\/p>\n<p style=\"text-align: justify;\" align=\"justify\"><span style=\"font-family: Arial, sans-serif;\">Der Clown \u201e&#8230; lebt von Moment zu Moment,<\/span><sup><span style=\"font-family: Arial, sans-serif;\"><a href=\"http:\/\/coaching-clown.de\/?page_id=53\" name=\"sdfootnote4anc\"><sup>4<\/sup><\/a><\/span><\/sup><span style=\"font-family: Arial, sans-serif;\">\u00a0von Einfall zu Einfall. Er sucht die Wahrheit nicht im Denken, sondern im Sein.\u201c<\/span><sup><span style=\"font-family: Arial, sans-serif;\"><a href=\"http:\/\/coaching-clown.de\/?page_id=53\" name=\"sdfootnote5anc\"><sup>5<\/sup><\/a><\/span><\/sup><span style=\"font-family: Arial, sans-serif;\">\u00a0Der Clown sieht weder in die Vergangenheit noch in die Zukunft.<\/span><sup><span style=\"font-family: Arial, sans-serif;\"><a href=\"http:\/\/coaching-clown.de\/?page_id=53\" name=\"sdfootnote6anc\"><sup>6<\/sup><\/a>\u00a0 <\/span><\/sup><span style=\"font-family: Arial, sans-serif;\">Treten die Gedanken in den Hintergrund, kann die Intuition \u00fcbernehmen.<\/span><span style=\"font-family: Arial, sans-serif;\"><a href=\"http:\/\/coaching-clown.de\/?page_id=53\" name=\"sdfootnote7anc\"><sup>7<\/sup><\/a><\/span><\/p>\n<p style=\"text-align: justify;\" align=\"justify\"><span style=\"font-family: Arial, sans-serif;\">Bei erfahrenen Clowns ist die Intuition voll entwickelt.<\/span><sup><span style=\"font-family: Arial, sans-serif;\"><a href=\"http:\/\/coaching-clown.de\/?page_id=53\" name=\"sdfootnote8anc\"><sup>8<\/sup><\/a><\/span><\/sup><span style=\"font-family: Arial, sans-serif;\">\u00a0W\u00e4hrend der Arbeit hat der Clown alle Sinne weit offen und folgt einem Strom von inneren und \u00e4u\u00dferen Impulsen,<\/span><sup><span style=\"font-family: Arial, sans-serif;\"><a href=\"http:\/\/coaching-clown.de\/?page_id=53\" name=\"sdfootnote9anc\"><sup>9<\/sup><\/a><\/span><\/sup><span style=\"font-family: Arial, sans-serif;\">\u00a0die eng mit unseren Emotionen verbunden sind<\/span><span style=\"font-family: Arial, sans-serif;\"><span style=\"font-size: medium;\">.<\/span><\/span><sup><span style=\"font-family: Arial, sans-serif;\"><a href=\"http:\/\/coaching-clown.de\/?page_id=53\" name=\"sdfootnote10anc\"><sup>10<\/sup><\/a><\/span><\/sup><\/p>\n<p style=\"text-align: justify;\" align=\"justify\"><span style=\"font-family: Arial, sans-serif;\"><a href=\"http:\/\/coaching-clown.de\/?page_id=213\">Erwerben und vertiefen Sie diese Kompetenz im Clown-Training<\/a><\/span><\/p>\n<p style=\"text-align: left;\" align=\"justify\"><span style=\"font-family: Arial, sans-serif;\">3.2 <a href=\"http:\/\/coaching-clown.de\/?page_id=237\">Ehrlichkeit und Emotionen<\/a><\/span><\/p>\n","protected":false},"excerpt":{"rendered":"<p>Sich einlassen k\u00f6nnen auf das Moment der Ungewissheit \u2013 die Kunst zu improvisieren ist eine zentrale F\u00e4higkeit f\u00fcr Berater\/-innen, Coaches, Therapeuten\/-innen und Supervisoren\/-innen. Sie ist notwendig f\u00fcr eine spielerische und lebendige Inter-Aktion mit dem Klienten\/-innen.\u201c1 Improvisation darf nicht mit Zufallsspiel &hellip; <a href=\"https:\/\/coaching-clown.de\/?page_id=235\">Weiterlesen <span class=\"meta-nav\">&rarr;<\/span><\/a><\/p>\n","protected":false},"author":1,"featured_media":0,"parent":231,"menu_order":10,"comment_status":"closed","ping_status":"open","template":"","meta":[],"_links":{"self":[{"href":"https:\/\/coaching-clown.de\/index.php?rest_route=\/wp\/v2\/pages\/235"}],"collection":[{"href":"https:\/\/coaching-clown.de\/index.php?rest_route=\/wp\/v2\/pages"}],"about":[{"href":"https:\/\/coaching-clown.de\/index.php?rest_route=\/wp\/v2\/types\/page"}],"author":[{"embeddable":true,"href":"https:\/\/coaching-clown.de\/index.php?rest_route=\/wp\/v2\/users\/1"}],"replies":[{"embeddable":true,"href":"https:\/\/coaching-clown.de\/index.php?rest_route=%2Fwp%2Fv2%2Fcomments&post=235"}],"version-history":[{"count":8,"href":"https:\/\/coaching-clown.de\/index.php?rest_route=\/wp\/v2\/pages\/235\/revisions"}],"predecessor-version":[{"id":1143,"href":"https:\/\/coaching-clown.de\/index.php?rest_route=\/wp\/v2\/pages\/235\/revisions\/1143"}],"up":[{"embeddable":true,"href":"https:\/\/coaching-clown.de\/index.php?rest_route=\/wp\/v2\/pages\/231"}],"wp:attachment":[{"href":"https:\/\/coaching-clown.de\/index.php?rest_route=%2Fwp%2Fv2%2Fmedia&parent=235"}],"curies":[{"name":"wp","href":"https:\/\/api.w.org\/{rel}","templated":true}]}}