{"id":246,"date":"2014-06-02T21:37:58","date_gmt":"2014-06-02T21:37:58","guid":{"rendered":"http:\/\/coaching-clown.de\/?page_id=246"},"modified":"2015-09-15T15:35:39","modified_gmt":"2015-09-15T15:35:39","slug":"null","status":"publish","type":"page","link":"https:\/\/coaching-clown.de\/?page_id=246","title":{"rendered":"Null"},"content":{"rendered":"<p style=\"text-align: justify;\"><span style=\"font-family: Arial, sans-serif;\">Clowneske Freiheit ist aus dem Nichts gesch\u00f6pft.<\/span><sup><span style=\"font-family: Arial, sans-serif;\"><a href=\"http:\/\/coaching-clown.de\/?page_id=53\" name=\"sdfootnote1anc\"><sup>1<\/sup><\/a><\/span><\/sup><span style=\"font-family: Arial, sans-serif;\">\u00a0 Die Null ist<\/span><span style=\"font-family: Arial, sans-serif;\"> der freie, unbeschwerte Raum in uns. Hier sind wir zu 100% k\u00f6rperlich, f\u00fchlend und sp\u00fcren unsere Lebendigkeit.<\/span><sup><span style=\"font-family: Arial, sans-serif;\"><a href=\"http:\/\/coaching-clown.de\/?page_id=53\" name=\"sdfootnote2anc\"><sup>2<\/sup><\/a><\/span><\/sup><span style=\"font-family: Arial, sans-serif;\">\u00a0Sie ist die Basis unserer Kreativit\u00e4t und Spontanit\u00e4t.<\/span><sup><span style=\"font-family: Arial, sans-serif;\"><a href=\"http:\/\/coaching-clown.de\/?page_id=53\" name=\"sdfootnote3anc\"><sup>3<\/sup><\/a><\/span><\/sup><\/p>\n<p style=\"text-align: justify;\" align=\"justify\"><span style=\"font-family: Arial, sans-serif;\">Zu diesem Raum kehrt der Clown w\u00e4hrend seines Spiels immer wieder zur\u00fcck. Von hier baut er seine Aktionen auf.<\/span><sup><span style=\"font-family: Arial, sans-serif;\"><a href=\"http:\/\/coaching-clown.de\/?page_id=53\" name=\"sdfootnote4anc\"><sup>4<\/sup><\/a><\/span><\/sup><\/p>\n<p style=\"text-align: justify;\" align=\"justify\"><span style=\"font-family: Arial, sans-serif;\">Vergleichend der Coach Michael Pohl:<\/span><\/p>\n<p style=\"text-align: justify;\" align=\"justify\">\u201e<span style=\"font-family: Arial, sans-serif;\">Die Planm\u00e4\u00dfigkeit besteht vorrangig darin, zu Beginn und w\u00e4hrend des Prozesses immer wieder eine Haltung der \u201eungerichteten Bewusstheit\u201c einzunehmen.\u201c<\/span><sup><span style=\"font-family: Arial, sans-serif;\"><a href=\"http:\/\/coaching-clown.de\/?page_id=53\" name=\"sdfootnote5anc\"><sup>5<\/sup><\/a><\/span><\/sup><\/p>\n<p style=\"text-align: justify;\" align=\"justify\"><span style=\"font-family: Arial, sans-serif;\">Des weiteren kennen wir im Coaching die Allparteilichkeit. Sie steht in Beziehung zur Wertefreiheit des Clowns. <\/span><span style=\"font-family: Arial, sans-serif;\">Clowns und Kinder sind rein und unschuldig, <\/span><span style=\"font-family: Arial, sans-serif;\">kennen kein richtig und falsch.<\/span><sup><span style=\"font-family: Arial, sans-serif;\"><a href=\"http:\/\/coaching-clown.de\/?page_id=53\" name=\"sdfootnote6anc\"><sup>6<\/sup><\/a><\/span><\/sup><span style=\"font-family: Arial, sans-serif;\">\u00a0Ihr Blick ist durch keinen wertenden Gedanken eingetr\u00fcbt.<\/span><sup><span style=\"font-family: Arial, sans-serif;\"><a href=\"http:\/\/coaching-clown.de\/?page_id=53\" name=\"sdfootnote7anc\"><sup>7<\/sup><\/a> <\/span><\/sup><span style=\"font-family: Arial, sans-serif;\">Sie sehen die Dinge mit einer gewissen Distanz. F\u00fcr sie ist alles wichtig.<\/span><\/p>\n<p style=\"text-align: justify;\" align=\"justify\"><span style=\"font-family: Arial, sans-serif;\"><a href=\"http:\/\/coaching-clown.de\/?page_id=213\">Erwerben und vertiefen Sie diese Kompetenz im Clown-Training<\/a><\/span><\/p>\n<p style=\"text-align: left;\" align=\"justify\"><span style=\"font-family: Arial, sans-serif;\"> 3.6 <a href=\"http:\/\/coaching-clown.de\/?page_id=249\">Dissoziieren<\/a><\/span><\/p>\n","protected":false},"excerpt":{"rendered":"<p>Clowneske Freiheit ist aus dem Nichts gesch\u00f6pft.1\u00a0 Die Null ist der freie, unbeschwerte Raum in uns. Hier sind wir zu 100% k\u00f6rperlich, f\u00fchlend und sp\u00fcren unsere Lebendigkeit.2\u00a0Sie ist die Basis unserer Kreativit\u00e4t und Spontanit\u00e4t.3 Zu diesem Raum kehrt der Clown &hellip; <a href=\"https:\/\/coaching-clown.de\/?page_id=246\">Weiterlesen <span class=\"meta-nav\">&rarr;<\/span><\/a><\/p>\n","protected":false},"author":1,"featured_media":0,"parent":231,"menu_order":50,"comment_status":"closed","ping_status":"open","template":"","meta":[],"_links":{"self":[{"href":"https:\/\/coaching-clown.de\/index.php?rest_route=\/wp\/v2\/pages\/246"}],"collection":[{"href":"https:\/\/coaching-clown.de\/index.php?rest_route=\/wp\/v2\/pages"}],"about":[{"href":"https:\/\/coaching-clown.de\/index.php?rest_route=\/wp\/v2\/types\/page"}],"author":[{"embeddable":true,"href":"https:\/\/coaching-clown.de\/index.php?rest_route=\/wp\/v2\/users\/1"}],"replies":[{"embeddable":true,"href":"https:\/\/coaching-clown.de\/index.php?rest_route=%2Fwp%2Fv2%2Fcomments&post=246"}],"version-history":[{"count":8,"href":"https:\/\/coaching-clown.de\/index.php?rest_route=\/wp\/v2\/pages\/246\/revisions"}],"predecessor-version":[{"id":1147,"href":"https:\/\/coaching-clown.de\/index.php?rest_route=\/wp\/v2\/pages\/246\/revisions\/1147"}],"up":[{"embeddable":true,"href":"https:\/\/coaching-clown.de\/index.php?rest_route=\/wp\/v2\/pages\/231"}],"wp:attachment":[{"href":"https:\/\/coaching-clown.de\/index.php?rest_route=%2Fwp%2Fv2%2Fmedia&parent=246"}],"curies":[{"name":"wp","href":"https:\/\/api.w.org\/{rel}","templated":true}]}}