{"id":249,"date":"2014-06-02T21:39:58","date_gmt":"2014-06-02T21:39:58","guid":{"rendered":"http:\/\/coaching-clown.de\/?page_id=249"},"modified":"2016-04-03T18:55:08","modified_gmt":"2016-04-03T18:55:08","slug":"dissoziieren","status":"publish","type":"page","link":"https:\/\/coaching-clown.de\/?page_id=249","title":{"rendered":"Dissoziieren"},"content":{"rendered":"<p style=\"text-align: justify;\">\u201e<span style=\"font-family: Arial, sans-serif;\">&#8230;Mit \u201edissoziieren\u201c meine ich, dass wir uns als Coach bewusst geistig vom Problem entfernen m\u00fcssen, denn wenn wir zu nahe sind, \u2026 k\u00f6nnen wir uns keine Metaperspektive schaffen, um die Dinge auch von einer anderen Seite betrachten zu k\u00f6nnen.\u201c<\/span><sup><span style=\"font-family: Arial, sans-serif;\"><a href=\"http:\/\/coaching-clown.de\/?page_id=53\" name=\"sdfootnote1anc\"><sup>1<\/sup><\/a><\/span><\/sup><\/p>\n<p style=\"text-align: justify;\" align=\"justify\"><span style=\"font-family: Arial, sans-serif;\">Aus der Sicht des Clown h\u00f6rt sich dies so an:<\/span><\/p>\n<p style=\"text-align: justify;\" align=\"justify\">\u201e<span style=\"font-family: Arial, sans-serif;\">Man braucht zur Komik auf jeden Fall eine gewisse Distanz, aber ein mitf\u00fchlende. Ich sehe den anderen nicht als \u201cBl\u00f6dian\u201c, der einen Fehler macht, der mir niemals unterlaufen w\u00fcrde, sondern als Mensch, dem ein Fehler passiert, der genauso gut mir passieren k\u00f6nnte. Ich kann seine schmerzhafte oder verzweifelte Lage mitempfinden, als ob ich sie selbst erleben w\u00fcrde. Gleichzeitig erkenne ich den gr\u00f6\u00dferen Zusammenhang oder die weiteren Umst\u00e4nde, die zu diesem Fehler f\u00fchren, eben weil ich nicht \u201edrinstecke\u201c.\u201c<\/span><sup><span style=\"font-family: Arial, sans-serif;\"><a href=\"http:\/\/coaching-clown.de\/?page_id=53\" name=\"sdfootnote2anc\"><sup>2<\/sup><\/a><\/span><\/sup><\/p>\n<p style=\"text-align: justify;\" align=\"justify\"><span style=\"font-family: Arial, sans-serif;\"><a href=\"http:\/\/coaching-clown.de\/?page_id=213\">Erwerben und vertiefen Sie diese Kompetenz im Clown-Training<\/a><\/span><\/p>\n<p style=\"text-align: left;\" align=\"justify\"><span style=\"font-family: Arial, sans-serif;\">   3.7  <a href=\"http:\/\/coaching-clown.de\/?page_id=251\">Einheit<\/a><\/span><\/p>\n<p style=\"text-align: justify;\" align=\"justify\"><span style=\"font-family: Arial, sans-serif;\"><a href=\"http:\/\/coaching-clown.de\/?page_id=1294\">Zum Kapitel Dissoziieren im Kapitel Arbeitsweise<\/a><\/span><\/p>\n","protected":false},"excerpt":{"rendered":"<p>\u201e&#8230;Mit \u201edissoziieren\u201c meine ich, dass wir uns als Coach bewusst geistig vom Problem entfernen m\u00fcssen, denn wenn wir zu nahe sind, \u2026 k\u00f6nnen wir uns keine Metaperspektive schaffen, um die Dinge auch von einer anderen Seite betrachten zu k\u00f6nnen.\u201c1 Aus &hellip; <a href=\"https:\/\/coaching-clown.de\/?page_id=249\">Weiterlesen <span class=\"meta-nav\">&rarr;<\/span><\/a><\/p>\n","protected":false},"author":1,"featured_media":0,"parent":231,"menu_order":60,"comment_status":"closed","ping_status":"open","template":"","meta":[],"_links":{"self":[{"href":"https:\/\/coaching-clown.de\/index.php?rest_route=\/wp\/v2\/pages\/249"}],"collection":[{"href":"https:\/\/coaching-clown.de\/index.php?rest_route=\/wp\/v2\/pages"}],"about":[{"href":"https:\/\/coaching-clown.de\/index.php?rest_route=\/wp\/v2\/types\/page"}],"author":[{"embeddable":true,"href":"https:\/\/coaching-clown.de\/index.php?rest_route=\/wp\/v2\/users\/1"}],"replies":[{"embeddable":true,"href":"https:\/\/coaching-clown.de\/index.php?rest_route=%2Fwp%2Fv2%2Fcomments&post=249"}],"version-history":[{"count":7,"href":"https:\/\/coaching-clown.de\/index.php?rest_route=\/wp\/v2\/pages\/249\/revisions"}],"predecessor-version":[{"id":1371,"href":"https:\/\/coaching-clown.de\/index.php?rest_route=\/wp\/v2\/pages\/249\/revisions\/1371"}],"up":[{"embeddable":true,"href":"https:\/\/coaching-clown.de\/index.php?rest_route=\/wp\/v2\/pages\/231"}],"wp:attachment":[{"href":"https:\/\/coaching-clown.de\/index.php?rest_route=%2Fwp%2Fv2%2Fmedia&parent=249"}],"curies":[{"name":"wp","href":"https:\/\/api.w.org\/{rel}","templated":true}]}}