{"id":251,"date":"2014-06-02T21:42:18","date_gmt":"2014-06-02T21:42:18","guid":{"rendered":"http:\/\/coaching-clown.de\/?page_id=251"},"modified":"2015-09-15T15:39:13","modified_gmt":"2015-09-15T15:39:13","slug":"einheit","status":"publish","type":"page","link":"https:\/\/coaching-clown.de\/?page_id=251","title":{"rendered":"Einheit"},"content":{"rendered":"<p style=\"text-align: justify;\"><span style=\"font-family: Arial, sans-serif;\">Ein Baby nimmt sich als symbiotische Einheit mit seinen Eltern und seiner Umwelt war. Ich-Bewusstsein hat es nicht.<\/span><sup><span style=\"font-family: Arial, sans-serif;\"><a href=\"http:\/\/coaching-clown.de\/?page_id=53\" name=\"sdfootnote1anc\"><sup>1<\/sup><\/a><\/span><\/sup><span style=\"font-family: Arial, sans-serif;\">\u00a0Dieses Einheitsbewusstsein \u00fcbt der Clown in zahlreichen Spielen, z.B. wenn eine Person eine andere spiegelt.:<\/span><\/p>\n<p style=\"text-align: justify;\" align=\"justify\">\u201e<span style=\"font-family: Arial, sans-serif;\">Am Ende einer gelungenen Spiegel\u00fcbung bewegen sich beide gemeinsam und keiner wei\u00df mehr, wer eigentlich f\u00fchrt. Damit w\u00e4re gemeinsames Handeln erreicht, eine echte Partnerschaft!\u201c<\/span><sup><span style=\"font-family: Arial, sans-serif;\"><a href=\"http:\/\/coaching-clown.de\/?page_id=53\" name=\"sdfootnote2anc\"><sup>2<\/sup><\/a> <\/span><\/sup><span style=\"font-family: Arial, sans-serif;\">\u201eSome of the most interesting moments are, when neither person knows who`s in major.\u201c<\/span><sup><span style=\"font-family: Arial, sans-serif;\"><a href=\"http:\/\/coaching-clown.de\/?page_id=53\" name=\"sdfootnote3anc\"><sup>3<\/sup><\/a><\/span><\/sup><\/p>\n<p style=\"text-align: justify;\" align=\"justify\"><span style=\"font-family: Arial, sans-serif;\">In diesen Momenten herrscht Einheitsbewusstsein. Werner M\u00fcller nennt es \u201eGemeinsamkeit\u201c.<\/span><sup><span style=\"font-family: Arial, sans-serif;\"><a href=\"http:\/\/coaching-clown.de\/?page_id=53\" name=\"sdfootnote4anc\"><sup>4<\/sup><\/a><\/span><\/sup><span style=\"font-family: Arial, sans-serif;\">\u00a0Sonja Raddatz, Daniel Goleman und David Gilmore vergleichen es mit einem freudigen Tanz, bei dem eine Aktion in die n\u00e4chste \u00fcbergeht<\/span><sup><span style=\"font-family: Arial, sans-serif;\"><a href=\"http:\/\/coaching-clown.de\/?page_id=53\" name=\"sdfootnote5anc\"><sup>5<\/sup><\/a><\/span><\/sup><span style=\"font-family: Arial, sans-serif;\"> und Andr\u00e9 Heller sowie John Wright machen sich Spielpartner und Publikum zum \u201eKomplizen\u201c.<\/span><sup><span style=\"font-family: Arial, sans-serif;\"><a href=\"http:\/\/coaching-clown.de\/?page_id=53\" name=\"sdfootnote6anc\"><sup>6<\/sup><\/a><\/span><\/sup><span style=\"font-family: Arial, sans-serif;\"> Mich erinnern diese Momente an Vogel- oder Fischschw\u00e4rme. Wir alle meinen das gleiche.<\/span><\/p>\n<p style=\"text-align: justify;\" align=\"justify\">\u201e<span style=\"font-family: Arial, sans-serif;\">Es h\u00e4ngt von dieser Synchronisation der Stimmungen ab, ob man das Gef\u00fchl hat, dass eine Interaktion geklappt hat oder nicht\u201c<\/span><sup><span style=\"font-family: Arial, sans-serif;\"><a href=\"http:\/\/coaching-clown.de\/?page_id=53\" name=\"sdfootnote7anc\"><sup>7<\/sup><\/a><\/span><\/sup><\/p>\n<p style=\"text-align: justify;\" align=\"justify\"><span style=\"font-family: Arial, sans-serif;\">Das Publikum muss etwas sp\u00fcren, das es sich nicht erkl\u00e4ren kann.<\/span><sup><span style=\"font-family: Arial, sans-serif;\"><a href=\"http:\/\/coaching-clown.de\/?page_id=53\" name=\"sdfootnote8anc\"><sup>8<\/sup><\/a><\/span><\/sup><\/p>\n<p style=\"text-align: justify;\" align=\"justify\"><span style=\"font-family: Arial, sans-serif;\"><a href=\"http:\/\/coaching-clown.de\/?page_id=275\">Teambuilding mit Complicity-Workshops<\/a><\/span><\/p>\n<p style=\"text-align: justify;\" align=\"justify\"><span style=\"font-family: Arial, sans-serif;\">Neben diesen Eigenschaften des Kindes trainiert der Clown weitere F\u00e4higkeiten, die Clown und Coach bei ihrer Arbeit ben\u00f6tigen. Dazu geh\u00f6ren die folgenden Punkte:<\/span><\/p>\n<p style=\"text-align: left;\" align=\"justify\"><span style=\"font-family: Arial, sans-serif;\">3.8 <a href=\"http:\/\/coaching-clown.de\/?page_id=253\">Pr\u00e4senz<\/a><\/span><\/p>\n<p style=\"text-align: left;\" align=\"justify\"><span style=\"font-family: Arial, sans-serif;\">3.9 <a href=\"http:\/\/coaching-clown.de\/?page_id=255\">Der doppelte Punkt der Aufmerksamkeit<\/a><\/span><\/p>\n<p style=\"text-align: left;\" align=\"justify\"><span style=\"font-family: Arial, sans-serif;\">3.10 <a href=\"http:\/\/coaching-clown.de\/?page_id=257\">Timing<\/a><\/span><\/p>\n<p style=\"text-align: justify;\" align=\"justify\"><span style=\"font-family: Arial, sans-serif;\"><a href=\"http:\/\/coaching-clown.de\/?page_id=213\">Erwerben und vertiefen Sie diese Kompetenzen im Clown-Training<\/a><\/span><\/p>\n","protected":false},"excerpt":{"rendered":"<p>Ein Baby nimmt sich als symbiotische Einheit mit seinen Eltern und seiner Umwelt war. Ich-Bewusstsein hat es nicht.1\u00a0Dieses Einheitsbewusstsein \u00fcbt der Clown in zahlreichen Spielen, z.B. wenn eine Person eine andere spiegelt.: \u201eAm Ende einer gelungenen Spiegel\u00fcbung bewegen sich beide &hellip; <a href=\"https:\/\/coaching-clown.de\/?page_id=251\">Weiterlesen <span class=\"meta-nav\">&rarr;<\/span><\/a><\/p>\n","protected":false},"author":1,"featured_media":0,"parent":231,"menu_order":70,"comment_status":"closed","ping_status":"open","template":"","meta":[],"_links":{"self":[{"href":"https:\/\/coaching-clown.de\/index.php?rest_route=\/wp\/v2\/pages\/251"}],"collection":[{"href":"https:\/\/coaching-clown.de\/index.php?rest_route=\/wp\/v2\/pages"}],"about":[{"href":"https:\/\/coaching-clown.de\/index.php?rest_route=\/wp\/v2\/types\/page"}],"author":[{"embeddable":true,"href":"https:\/\/coaching-clown.de\/index.php?rest_route=\/wp\/v2\/users\/1"}],"replies":[{"embeddable":true,"href":"https:\/\/coaching-clown.de\/index.php?rest_route=%2Fwp%2Fv2%2Fcomments&post=251"}],"version-history":[{"count":8,"href":"https:\/\/coaching-clown.de\/index.php?rest_route=\/wp\/v2\/pages\/251\/revisions"}],"predecessor-version":[{"id":1149,"href":"https:\/\/coaching-clown.de\/index.php?rest_route=\/wp\/v2\/pages\/251\/revisions\/1149"}],"up":[{"embeddable":true,"href":"https:\/\/coaching-clown.de\/index.php?rest_route=\/wp\/v2\/pages\/231"}],"wp:attachment":[{"href":"https:\/\/coaching-clown.de\/index.php?rest_route=%2Fwp%2Fv2%2Fmedia&parent=251"}],"curies":[{"name":"wp","href":"https:\/\/api.w.org\/{rel}","templated":true}]}}