{"id":261,"date":"2014-06-03T05:59:11","date_gmt":"2014-06-03T05:59:11","guid":{"rendered":"http:\/\/coaching-clown.de\/?page_id=261"},"modified":"2017-06-28T21:31:57","modified_gmt":"2017-06-28T21:31:57","slug":"jonglage-und-komplexe-herausfoderungen","status":"publish","type":"page","link":"https:\/\/coaching-clown.de\/?page_id=261","title":{"rendered":"Jonglage und komplexe Herausfoderungen"},"content":{"rendered":"<div id='gallery-1' class='gallery galleryid-261 gallery-columns-3 gallery-size-thumbnail'><dl class='gallery-item'>\n\t\t\t<dt class='gallery-icon portrait'>\n\t\t\t\t<a href='https:\/\/coaching-clown.de\/wp-content\/uploads\/2014\/06\/Messer-Jonglage-mit-Band1.jpg'><img width=\"150\" height=\"150\" src=\"https:\/\/coaching-clown.de\/wp-content\/uploads\/2014\/06\/Messer-Jonglage-mit-Band1-150x150.jpg\" class=\"attachment-thumbnail size-thumbnail\" alt=\"\" decoding=\"async\" loading=\"lazy\" \/><\/a>\n\t\t\t<\/dt><\/dl><dl class='gallery-item'>\n\t\t\t<dt class='gallery-icon portrait'>\n\t\t\t\t<a href='https:\/\/coaching-clown.de\/wp-content\/uploads\/2014\/06\/IMG_0553.jpg'><img width=\"150\" height=\"150\" src=\"https:\/\/coaching-clown.de\/wp-content\/uploads\/2014\/06\/IMG_0553-150x150.jpg\" class=\"attachment-thumbnail size-thumbnail\" alt=\"\" decoding=\"async\" loading=\"lazy\" \/><\/a>\n\t\t\t<\/dt><\/dl><dl class='gallery-item'>\n\t\t\t<dt class='gallery-icon landscape'>\n\t\t\t\t<a href='https:\/\/coaching-clown.de\/wp-content\/uploads\/2014\/06\/Clown-Casi-Jonglage-seitlich-Kai-Kapit\u00e4n.jpg'><img width=\"150\" height=\"150\" src=\"https:\/\/coaching-clown.de\/wp-content\/uploads\/2014\/06\/Clown-Casi-Jonglage-seitlich-Kai-Kapit\u00e4n-150x150.jpg\" class=\"attachment-thumbnail size-thumbnail\" alt=\"\" decoding=\"async\" loading=\"lazy\" \/><\/a>\n\t\t\t<\/dt><\/dl><br style=\"clear: both\" \/>\n\t\t<\/div>\n\n<p style=\"text-align: center;\"><span style=\"font-family: Arial,sans-serif;\">Sie stehen vor einer Herausforderung einer komplexen Aufgabe oder einem Problem? Sie wissen nicht wie sie es angehen sollen? Sie haben es bereits angegangen, fliegen aber irgendwo immer wieder aus der Kurve? Sie wollen es endlich angehen, wissen aber nicht wie?<\/span><\/p>\n<p style=\"text-align: center;\">\u00a0<span style=\"font-family: Arial,sans-serif;\">Beim Jonglieren lernen zeigt sich die personentypische Herangehensweise an komplexe Aufgabenstellungen. Diese kann dabei gut reflektiert und bewusst gemacht werden. Es er\u00f6ffnen sich neue, oft unerwartete Handlungsperspektiven &#8211; auch bei anderen Aufgaben!<\/span><\/p>\n<p style=\"text-align: center;\"><span style=\"font-family: Arial,sans-serif;\">Lernen Sie mit mir Jonglieren und werden Sie sich dadurch ihrer Herangehensweise an komplexe Herausforderungen bewusst. Beim reflektierten jonglieren lernen, werden sie ganz beil\u00e4ufig mit den eigenen Erwartungen, dem Einsatzwillen, Zielen, Aufmerksamkeit, Scheitern, Erfolg, Konzentration etc. konfrontiert. \u00a0Es gilt Ideen auszuprobieren, die Motivation oben zu halten und st\u00e4ndig am Ball zu bleiben. Gemeinsam sehen wir uns ihre Art zu jonglieren an. Verlangen Sie zu viel von sich? Sind ihre Ziele angemessen gew\u00e4hlt? Wie lange bleiben sie bei der Sache? Wie konzentriert sind sie?<\/span><\/p>\n<p style=\"text-align: center;\"><span style=\"font-family: Arial,sans-serif;\">Mit ihren eigenen B\u00e4llen zu Hause geht der Coachingprozess weiter. Fallen Sie zu Hause in alte Verhaltensmuster zur\u00fcck, fallen auch die B\u00e4lle.<\/span><\/p>\n<p style=\"text-align: center;\"><span style=\"color: #000000;\"><span style=\"font-family: Arial, sans-serif;\"><a title=\"Kontaktformular\" href=\"http:\/\/coaching-clown.de\/?page_id=22\" target=\"_blank\">Literatur zu Coaching und Jonglage<\/a><\/span><\/span><\/p>\n<p style=\"text-align: center;\"><span style=\"text-align: left;\"><b><span style=\"color: #000000;\"><span style=\"font-family: Arial, sans-serif;\">Die Zeit schreibt: Jonglieren entspannt und macht schlau.<\/span><\/span><\/b><\/span><br \/>\n<span style=\"text-align: left;\"><span style=\"color: #000000;\"><span style=\"font-family: Arial, sans-serif;\">Klicken sie <span style=\"font-family: Arial, sans-serif;\"><a title=\"Zeit-Online-Artikel\" href=\"http:\/\/www.zeit.de\/karriere\/beruf\/2012-10\/konzentration-gehirnleistung-jonglage\" target=\"_blank\">hier<\/a><\/span><\/span><\/span><span style=\"color: #000000;\"><span style=\"font-family: Arial, sans-serif;\">, f\u00fcr den Artikel in Zeit-Online.<\/span><\/span><\/span><\/p>\n<p style=\"text-align: center;\"><span style=\"text-align: left;\"><b><span style=\"color: #000000;\"><span style=\"font-family: Arial, sans-serif;\">Die Medizin-Welt schreibt: Jonglieren l\u00e4sst das Gehirn wachsen.<\/span><\/span><\/b><\/span><br \/>\n<span style=\"text-align: left;\"><span style=\"color: #000000;\"><span style=\"font-family: Arial, sans-serif;\">Klicken sie <span style=\"font-family: Arial, sans-serif;\"><a title=\"Medizin-Welt-Online-Artikel\" href=\"http:\/\/www.medizin-welt.info\/aktuell\/Jonglieren-laesst-das-Gehirn-wachsen\/24\" target=\"_blank\">hier<\/a><\/span><\/span><\/span><span style=\"color: #000000;\"><span style=\"font-family: Arial, sans-serif;\">, f\u00fcr den Artikel in Medizin-Welt-Online.<\/span><\/span><\/span><\/p>\n<p style=\"text-align: center;\"><strong><span style=\"font-family: Arial, sans-serif;\">Ohne rote Nase! Ohne Verkleiden!<\/span><\/strong><\/p>\n<p style=\"text-align: center;\"><span style=\"color: #000000;\"><span style=\"font-family: Arial, sans-serif;\"><a title=\"Kontaktformular\" href=\"http:\/\/casipan.wordpress.com\/kontakt\/\" target=\"_blank\">Jetzt mehr Informationen anfordern!<\/a><\/span><\/span><\/p>\n<p>&nbsp;<\/p>\n<p>&nbsp;<\/p>\n<p style=\"text-align: center;\"><strong><span style=\"color: #000000;\"><span style=\"font-family: Arial,sans-serif;\">weitere Angebote:<\/span><\/span><\/strong><\/p>\n<p style=\"text-align: center;\"><span style=\"font-family: Arial, sans-serif;\"><a href=\"http:\/\/coaching-clown.de\/?page_id=262\">Coaching<\/a><\/span><\/p>\n<p style=\"text-align: center;\"><span style=\"font-family: Arial, sans-serif;\"><a href=\"http:\/\/coaching-clown.de\/?page_id=275\">Teambuilding<\/a><\/span><\/p>\n<p style=\"text-align: center;\"><span style=\"font-family: Arial, sans-serif;\"><a href=\"http:\/\/coaching-clown.de\/?page_id=439\">B\u00fchnenpr\u00e4senz<\/a><\/span><\/p>\n<p style=\"text-align: center;\"><span style=\"font-family: Arial, sans-serif;\"><a href=\"http:\/\/coaching-clown.de\/?page_id=286\">Die Balance finden<\/a><\/span><\/p>\n<p style=\"text-align: center;\"><strong><span style=\"font-family: Arial,sans-serif;\"><a href=\"http:\/\/coaching-clown.de\/?page_id=288\">Kontakt-Jonglage<\/a><\/span><\/strong><\/p>\n<p style=\"text-align: center;\"><span style=\"font-family: Arial, sans-serif;\"><a href=\"http:\/\/coaching-clown.de\/?page_id=213\">Clown-Training<\/a><\/span><\/p>\n<p style=\"text-align: center;\"><span style=\"font-family: Arial, sans-serif;\"><a href=\"http:\/\/coaching-clown.de\/?page_id=976\">Beispiele f\u00fcr Methoden und Spiele<\/a><\/span><\/p>\n","protected":false},"excerpt":{"rendered":"<p>Sie stehen vor einer Herausforderung einer komplexen Aufgabe oder einem Problem? Sie wissen nicht wie sie es angehen sollen? Sie haben es bereits angegangen, fliegen aber irgendwo immer wieder aus der Kurve? Sie wollen es endlich angehen, wissen aber nicht &hellip; <a href=\"https:\/\/coaching-clown.de\/?page_id=261\">Weiterlesen <span class=\"meta-nav\">&rarr;<\/span><\/a><\/p>\n","protected":false},"author":1,"featured_media":0,"parent":953,"menu_order":70,"comment_status":"closed","ping_status":"open","template":"","meta":[],"_links":{"self":[{"href":"https:\/\/coaching-clown.de\/index.php?rest_route=\/wp\/v2\/pages\/261"}],"collection":[{"href":"https:\/\/coaching-clown.de\/index.php?rest_route=\/wp\/v2\/pages"}],"about":[{"href":"https:\/\/coaching-clown.de\/index.php?rest_route=\/wp\/v2\/types\/page"}],"author":[{"embeddable":true,"href":"https:\/\/coaching-clown.de\/index.php?rest_route=\/wp\/v2\/users\/1"}],"replies":[{"embeddable":true,"href":"https:\/\/coaching-clown.de\/index.php?rest_route=%2Fwp%2Fv2%2Fcomments&post=261"}],"version-history":[{"count":31,"href":"https:\/\/coaching-clown.de\/index.php?rest_route=\/wp\/v2\/pages\/261\/revisions"}],"predecessor-version":[{"id":1802,"href":"https:\/\/coaching-clown.de\/index.php?rest_route=\/wp\/v2\/pages\/261\/revisions\/1802"}],"up":[{"embeddable":true,"href":"https:\/\/coaching-clown.de\/index.php?rest_route=\/wp\/v2\/pages\/953"}],"wp:attachment":[{"href":"https:\/\/coaching-clown.de\/index.php?rest_route=%2Fwp%2Fv2%2Fmedia&parent=261"}],"curies":[{"name":"wp","href":"https:\/\/api.w.org\/{rel}","templated":true}]}}