{"id":286,"date":"2014-06-03T06:47:02","date_gmt":"2014-06-03T06:47:02","guid":{"rendered":"http:\/\/coaching-clown.de\/?page_id=286"},"modified":"2017-03-31T12:11:15","modified_gmt":"2017-03-31T12:11:15","slug":"die-balance-finden","status":"publish","type":"page","link":"https:\/\/coaching-clown.de\/?page_id=286","title":{"rendered":"Die Balance finden"},"content":{"rendered":"<div id='gallery-1' class='gallery galleryid-286 gallery-columns-3 gallery-size-thumbnail'><dl class='gallery-item'>\n\t\t\t<dt class='gallery-icon landscape'>\n\t\t\t\t<a href='https:\/\/coaching-clown.de\/?attachment_id=1697'><img width=\"150\" height=\"150\" src=\"https:\/\/coaching-clown.de\/wp-content\/uploads\/2015\/06\/meditation-1310079_1920-150x150.jpg\" class=\"attachment-thumbnail size-thumbnail\" alt=\"\" decoding=\"async\" loading=\"lazy\" \/><\/a>\n\t\t\t<\/dt><\/dl><dl class='gallery-item'>\n\t\t\t<dt class='gallery-icon landscape'>\n\t\t\t\t<a href='https:\/\/coaching-clown.de\/?attachment_id=1618'><img width=\"150\" height=\"150\" src=\"https:\/\/coaching-clown.de\/wp-content\/uploads\/2014\/06\/america-1673938_1920-150x150.jpg\" class=\"attachment-thumbnail size-thumbnail\" alt=\"\" decoding=\"async\" loading=\"lazy\" \/><\/a>\n\t\t\t<\/dt><\/dl><dl class='gallery-item'>\n\t\t\t<dt class='gallery-icon landscape'>\n\t\t\t\t<a href='https:\/\/coaching-clown.de\/?attachment_id=1615'><img width=\"150\" height=\"150\" src=\"https:\/\/coaching-clown.de\/wp-content\/uploads\/2014\/06\/zen-1412305_1920-150x150.jpg\" class=\"attachment-thumbnail size-thumbnail\" alt=\"\" decoding=\"async\" loading=\"lazy\" \/><\/a>\n\t\t\t<\/dt><\/dl><br style=\"clear: both\" \/>\n\t\t<\/div>\n\n<p style=\"text-align: center;\"><span style=\"font-family: Arial,sans-serif;\">&#8220;&#8230;bei Balancieraufagben f\u00fcr den Einzelnen setzt sich der \u00dcbende mit eigenen und fremden L\u00f6sungsvorschl\u00e4gen auseinander. Beim Balancieren kommt es weniger auf das Erlernen von bestimmten Techniken als vielmehr auf die Entwicklung von Wahrnehmungsf\u00e4higkeit, Deutung von Situationen, Kennenlernen von Reaktionen das Ger\u00e4tes auf bestimmte Bewegungshandlungen und somit der ger\u00e4tespezifischen Balancef\u00e4higkeit an.&#8221;<\/span><br \/>\n<span style=\"font-family: Arial,sans-serif;\">Hasenbeck S.72<br \/>\n<\/span><\/p>\n<p style=\"text-align: center;\"><strong><span style=\"font-family: Arial,sans-serif;\">Lernen Sie mit mir zusammen die verschiedenen Balanceger\u00e4te kennen, reflektieren sie sich dabei und kommen sie in ihre Mitte!<\/span><\/strong><\/p>\n<p style=\"text-align: center;\"><strong><span style=\"font-family: Arial, sans-serif;\">Ohne rote Nase! Ohne Verkleiden!<\/span><\/strong><\/p>\n<p style=\"text-align: center;\"><span style=\"color: #000000;\"><span style=\"font-family: Arial, sans-serif;\"><a title=\"Kontaktformular\" href=\"http:\/\/casipan.wordpress.com\/kontakt\/\" target=\"_blank\">Jetzt mehr Informationen anfordern!<\/a><\/span><\/span><\/p>\n<p>&nbsp;<\/p>\n<p>&nbsp;<\/p>\n<p style=\"text-align: center;\"><strong><span style=\"color: #000000;\"><span style=\"font-family: Arial,sans-serif;\">weitere Angebote:<\/span><\/span><\/strong><\/p>\n<p style=\"text-align: center;\"><span style=\"font-family: Arial, sans-serif;\"><a href=\"http:\/\/coaching-clown.de\/?page_id=262\">Coaching<\/a><\/span><\/p>\n<p style=\"text-align: center;\"><span style=\"font-family: Arial, sans-serif;\"><a href=\"http:\/\/coaching-clown.de\/?page_id=275\">Teambuilding<\/a><\/span><\/p>\n<p style=\"text-align: center;\"><span style=\"font-family: Arial, sans-serif;\"><a href=\"http:\/\/coaching-clown.de\/?page_id=439\">B\u00fchnenpr\u00e4senz<\/a><\/span><\/p>\n<p style=\"text-align: center;\"><strong><span style=\"font-family: Arial,sans-serif;\"><a href=\"http:\/\/coaching-clown.de\/?page_id=261\">Jonglage und komplexe Herausforderungen<\/a><\/span><\/strong><\/p>\n<p style=\"text-align: center;\"><span style=\"font-family: Arial, sans-serif;\"><a href=\"http:\/\/coaching-clown.de\/?page_id=288\">Kontakt-Jonglage<\/a><\/span><\/p>\n<p style=\"text-align: center;\"><span style=\"font-family: Arial, sans-serif;\"><a href=\"http:\/\/coaching-clown.de\/?page_id=213\">Clown-Training<\/a><\/span><\/p>\n<p style=\"text-align: center;\"><span style=\"font-family: Arial, sans-serif;\"><a href=\"http:\/\/coaching-clown.de\/?page_id=272\">Zirkus Workshops<\/a><\/span><\/p>\n<p style=\"text-align: center;\"><span style=\"font-family: Arial, sans-serif;\"><a href=\"http:\/\/coaching-clown.de\/?page_id=976\">Beispiele f\u00fcr Methoden und Spiele<\/a><\/span><\/p>\n","protected":false},"excerpt":{"rendered":"<p>&#8220;&#8230;bei Balancieraufagben f\u00fcr den Einzelnen setzt sich der \u00dcbende mit eigenen und fremden L\u00f6sungsvorschl\u00e4gen auseinander. Beim Balancieren kommt es weniger auf das Erlernen von bestimmten Techniken als vielmehr auf die Entwicklung von Wahrnehmungsf\u00e4higkeit, Deutung von Situationen, Kennenlernen von Reaktionen das &hellip; <a href=\"https:\/\/coaching-clown.de\/?page_id=286\">Weiterlesen <span class=\"meta-nav\">&rarr;<\/span><\/a><\/p>\n","protected":false},"author":1,"featured_media":0,"parent":953,"menu_order":17,"comment_status":"closed","ping_status":"open","template":"","meta":[],"_links":{"self":[{"href":"https:\/\/coaching-clown.de\/index.php?rest_route=\/wp\/v2\/pages\/286"}],"collection":[{"href":"https:\/\/coaching-clown.de\/index.php?rest_route=\/wp\/v2\/pages"}],"about":[{"href":"https:\/\/coaching-clown.de\/index.php?rest_route=\/wp\/v2\/types\/page"}],"author":[{"embeddable":true,"href":"https:\/\/coaching-clown.de\/index.php?rest_route=\/wp\/v2\/users\/1"}],"replies":[{"embeddable":true,"href":"https:\/\/coaching-clown.de\/index.php?rest_route=%2Fwp%2Fv2%2Fcomments&post=286"}],"version-history":[{"count":20,"href":"https:\/\/coaching-clown.de\/index.php?rest_route=\/wp\/v2\/pages\/286\/revisions"}],"predecessor-version":[{"id":1715,"href":"https:\/\/coaching-clown.de\/index.php?rest_route=\/wp\/v2\/pages\/286\/revisions\/1715"}],"up":[{"embeddable":true,"href":"https:\/\/coaching-clown.de\/index.php?rest_route=\/wp\/v2\/pages\/953"}],"wp:attachment":[{"href":"https:\/\/coaching-clown.de\/index.php?rest_route=%2Fwp%2Fv2%2Fmedia&parent=286"}],"curies":[{"name":"wp","href":"https:\/\/api.w.org\/{rel}","templated":true}]}}