{"id":293,"date":"2014-06-03T07:02:59","date_gmt":"2014-06-03T07:02:59","guid":{"rendered":"http:\/\/coaching-clown.de\/?page_id=293"},"modified":"2022-07-01T13:20:49","modified_gmt":"2022-07-01T13:20:49","slug":"clown","status":"publish","type":"page","link":"https:\/\/coaching-clown.de\/?page_id=293","title":{"rendered":"Clown"},"content":{"rendered":"<p style=\"text-align: center;\"><span style=\"font-family: Arial,sans-serif;\"><a href=\"http:\/\/coaching-clown.de\/wp-content\/uploads\/2022\/07\/Clown-mit-rotem-Vorhang2-Kai-Kapitaen-scaled.jpg\"><img decoding=\"async\" loading=\"lazy\" class=\"aligncenter  wp-image-2059\" src=\"http:\/\/coaching-clown.de\/wp-content\/uploads\/2022\/07\/Clown-mit-rotem-Vorhang2-Kai-Kapitaen-300x200.jpg\" alt=\"\" width=\"516\" height=\"344\" srcset=\"https:\/\/coaching-clown.de\/wp-content\/uploads\/2022\/07\/Clown-mit-rotem-Vorhang2-Kai-Kapitaen-300x200.jpg 300w, https:\/\/coaching-clown.de\/wp-content\/uploads\/2022\/07\/Clown-mit-rotem-Vorhang2-Kai-Kapitaen-1024x683.jpg 1024w, https:\/\/coaching-clown.de\/wp-content\/uploads\/2022\/07\/Clown-mit-rotem-Vorhang2-Kai-Kapitaen-768x512.jpg 768w, https:\/\/coaching-clown.de\/wp-content\/uploads\/2022\/07\/Clown-mit-rotem-Vorhang2-Kai-Kapitaen-1536x1024.jpg 1536w, https:\/\/coaching-clown.de\/wp-content\/uploads\/2022\/07\/Clown-mit-rotem-Vorhang2-Kai-Kapitaen-2048x1365.jpg 2048w\" sizes=\"(max-width: 516px) 100vw, 516px\" \/><\/a><\/span><\/p>\n<p style=\"text-align: center;\"><span style=\"font-family: Arial,sans-serif;\">Eigentlich konnte ich Clowns nie leiden! Ich fand sie nicht lustig und sie langweilten mich. &#8211; Durch meine langj\u00e4hrige Arbeit rund um den Zirkus landete ich<\/span><span style=\"font-family: Arial,sans-serif;\"> 2009 als Teilnehmer in einem Clownkurs. Clown zu sein, begeisterte mich sofort. Es war liebe auf den ersten Blick! Bei jeder Gelegenheit wurde ich zu diesem neugierigen, unvoreingenommenen Kind, das in jedem Moment die Welt neu entdeckt.<\/span><\/p>\n<p style=\"text-align: center;\"><span style=\"font-family: Arial,sans-serif;\"><a href=\"http:\/\/www.frp-coaching.de\/2014\/06\/coaching-mit-clown\" target=\"_blank\" rel=\"noopener\">Viele meiner Workshopteilnehmer machen eine \u00e4hnliche Erfahrung. Lesen Sie hier!<\/a><\/span><\/p>\n<p style=\"text-align: center;\"><span style=\"font-family: Arial,sans-serif;\">Seminare u.a. mit Bruno Z\u00fclke vom <a href=\"http:\/\/www.jojo-zentrum.de\/\" target=\"_blank\" rel=\"noopener\">Zentrum f\u00fcr Artistik und Theater<\/a> sowie mit Krispin Wich vom <a href=\"http:\/\/galli-erfurt.de\" target=\"_blank\" rel=\"noopener\">Galli-Theater Erfurt<\/a> , \u00fcberzeugten mich davon, eine fundierte Clownausbildung zu absolvieren.<\/span><\/p>\n<p style=\"text-align: center;\"><span style=\"font-family: Arial,sans-serif;\">Im November 2011 entschied ich mich zu einer professionellen Ausbildung in Spanien bei der bekannten Clownschule <a href=\"http:\/\/www.escoladeclown.eu\/\" target=\"_blank\" rel=\"noopener\">Escola de Clown de Barcelona<\/a>. Die ich 2012 und 2013 erfolgreich absolvierte.<\/span><\/p>\n<p style=\"text-align: center;\"><span style=\"font-family: Arial,sans-serif;\">Seither (2012) genie\u00dfe ich als Clown den Kontakt zum Publiukm bei Festivals, Conventions, Firmen- und Stadtfesten sowie privaten Veranstaltungen.\u00a0In der Theater\/Walk-Act Produktion <a href=\"http:\/\/www.evil-flames.org\/foiah-walkacts\/\" target=\"_blank\" rel=\"noopener\">FOIAH!<\/a> der <a href=\"http:\/\/www.evil-flames.org\" target=\"_blank\" rel=\"noopener\">Evil Flames Fire Company<\/a> wurde die Verbindung von Clown und Feuer realisiert. Als Feuer-Endzeit-Clowns begeistern wir das Publikum, schockieren es und regen immer wieder zu neuen Lachsalven an. <\/span><\/p>\n<p style=\"text-align: center;\"><span style=\"font-family: Arial,sans-serif;\">Alles zu meinen Kunstprojekten erfahren sie auf meiner Webseite <a href=\"http:\/\/www.casipan.de\/\" target=\"_blank\" rel=\"noopener\">www.casipan.de<\/a>.<\/span><\/p>\n<p style=\"text-align: center;\"><span style=\"font-family: Arial,sans-serif;\">Neben meiner k\u00fcnstlerischen T\u00e4tigkeit bereitet es mir immer wieder gro\u00dfe Freude, den eigenen pers\u00f6nlichen Clown meiner <a href=\"http:\/\/coaching-clown.de\/?page_id=213\">Workshop<\/a>teilnehmer zu wecken und meinen Coachees durch den Clown neue Sichtweisen auf die Welt zu erm\u00f6glichen.\u00a0<\/span><\/p>\n<p style=\"text-align: center;\"><span style=\"font-family: Arial,sans-serif;\">Ein Clown ist niemals fertig mit seiner <a href=\"http:\/\/coaching-clown.de\/?page_id=231\">Ausbildung<\/a>. Er wei\u00df ja nichts ;). Von Oktober bis Dezember 2015 war ich erneut zur Fortblidung. Dieses mal auf Menorca in der Schule von <a href=\"http:\/\/www.bonts.com\/\" target=\"_blank\" rel=\"noopener\">Eric de Bont<\/a>. Dort habe ich vor allem gelernt, wie ich mich zu anderen Auffassungen des Clown abgrenze. Insbesondere zum Theaterclown.<br \/>\n<\/span><\/p>\n<div id='gallery-1' class='gallery galleryid-293 gallery-columns-3 gallery-size-thumbnail'><dl class='gallery-item'>\n\t\t\t<dt class='gallery-icon landscape'>\n\t\t\t\t<a href='https:\/\/coaching-clown.de\/?attachment_id=889'><img width=\"150\" height=\"150\" src=\"https:\/\/coaching-clown.de\/wp-content\/uploads\/2014\/06\/Show-Superman-mit-Freiwilligem21-150x150.jpg\" class=\"attachment-thumbnail size-thumbnail\" alt=\"\" decoding=\"async\" loading=\"lazy\" \/><\/a>\n\t\t\t<\/dt><\/dl><dl class='gallery-item'>\n\t\t\t<dt class='gallery-icon landscape'>\n\t\t\t\t<a href='https:\/\/coaching-clown.de\/?attachment_id=210'><img width=\"150\" height=\"150\" src=\"https:\/\/coaching-clown.de\/wp-content\/uploads\/2014\/06\/schc3b6c3b6c3b6n1-150x150.jpg\" class=\"attachment-thumbnail size-thumbnail\" alt=\"\" decoding=\"async\" loading=\"lazy\" \/><\/a>\n\t\t\t<\/dt><\/dl><dl class='gallery-item'>\n\t\t\t<dt class='gallery-icon landscape'>\n\t\t\t\t<a href='https:\/\/coaching-clown.de\/?attachment_id=890'><img width=\"150\" height=\"150\" src=\"https:\/\/coaching-clown.de\/wp-content\/uploads\/2014\/06\/Show-da-me-todo-de-tu-miel1-150x150.jpg\" class=\"attachment-thumbnail size-thumbnail\" alt=\"\" decoding=\"async\" loading=\"lazy\" \/><\/a>\n\t\t\t<\/dt><\/dl><br style=\"clear: both\" \/>\n\t\t<\/div>\n\n<p style=\"text-align: center;\"><span style=\"font-family: Arial,sans-serif;\">Neben der praktischen Arbeit, hat mich die Forschung immer sehr interessiert. Die Ver\u00f6ffentlichung \u201e<a href=\"http:\/\/coaching-clown.de\/?page_id=223\">Der Clown als systemischer Coach<\/a>\u201c ist der erste Versuch, meine Erkenntnisse zu systematisieren. Zur Zeit arbeie ich an dem Coachee in der Rolle des Clowns. Insbesondere analoge Spiele als Intervention im Coaching, sowie der Einsatz von Inszenierungen und Re-Inszenieren bilden mein Hauptinteresse. Genauer untersuche ich ebenfalls die verschiedenen Balancetechniken des Zirkus, wie Slackline, Akrobatik und Rola Bola, sowie die Rolle der Jonglage bei der Herangehensweise an komplexe Herausforderungen.<\/span><\/p>\n<p style=\"text-align: center;\"><span style=\"font-family: Arial,sans-serif;\">Manchmal sieht man ihn nicht. Doch der Clown ist in fast all meinen Aktivit\u00e4ten pr\u00e4sent. Selbstbewusst intendiert er stets sein Publikum zu begeistern. Dabei bleibt er so vorhersagbar wie die Quantenmechanik.<\/span><\/p>\n<p style=\"text-align: center;\"><span style=\"color: #000000;\"><span style=\"font-family: Arial, sans-serif;\"><a title=\"Ausbildung von Clown und Coach\" href=\"http:\/\/coaching-clown.de\/?page_id=223\">Theorie zur Ausbildung von Clown und Coach<\/a><\/span><\/span><\/p>\n","protected":false},"excerpt":{"rendered":"<p>Eigentlich konnte ich Clowns nie leiden! Ich fand sie nicht lustig und sie langweilten mich. &#8211; Durch meine langj\u00e4hrige Arbeit rund um den Zirkus landete ich 2009 als Teilnehmer in einem Clownkurs. Clown zu sein, begeisterte mich sofort. Es war &hellip; <a href=\"https:\/\/coaching-clown.de\/?page_id=293\">Weiterlesen <span class=\"meta-nav\">&rarr;<\/span><\/a><\/p>\n","protected":false},"author":1,"featured_media":0,"parent":46,"menu_order":3,"comment_status":"closed","ping_status":"open","template":"","meta":[],"_links":{"self":[{"href":"https:\/\/coaching-clown.de\/index.php?rest_route=\/wp\/v2\/pages\/293"}],"collection":[{"href":"https:\/\/coaching-clown.de\/index.php?rest_route=\/wp\/v2\/pages"}],"about":[{"href":"https:\/\/coaching-clown.de\/index.php?rest_route=\/wp\/v2\/types\/page"}],"author":[{"embeddable":true,"href":"https:\/\/coaching-clown.de\/index.php?rest_route=\/wp\/v2\/users\/1"}],"replies":[{"embeddable":true,"href":"https:\/\/coaching-clown.de\/index.php?rest_route=%2Fwp%2Fv2%2Fcomments&post=293"}],"version-history":[{"count":25,"href":"https:\/\/coaching-clown.de\/index.php?rest_route=\/wp\/v2\/pages\/293\/revisions"}],"predecessor-version":[{"id":2065,"href":"https:\/\/coaching-clown.de\/index.php?rest_route=\/wp\/v2\/pages\/293\/revisions\/2065"}],"up":[{"embeddable":true,"href":"https:\/\/coaching-clown.de\/index.php?rest_route=\/wp\/v2\/pages\/46"}],"wp:attachment":[{"href":"https:\/\/coaching-clown.de\/index.php?rest_route=%2Fwp%2Fv2%2Fmedia&parent=293"}],"curies":[{"name":"wp","href":"https:\/\/api.w.org\/{rel}","templated":true}]}}