{"id":383,"date":"2014-06-05T07:43:24","date_gmt":"2014-06-05T07:43:24","guid":{"rendered":"http:\/\/coaching-clown.de\/?page_id=383"},"modified":"2017-03-30T10:30:26","modified_gmt":"2017-03-30T10:30:26","slug":"inszenierungen-und-reinszenierungen","status":"publish","type":"page","link":"https:\/\/coaching-clown.de\/?page_id=383","title":{"rendered":"Inszenierungen und Reinszenierungen"},"content":{"rendered":"<div id='gallery-1' class='gallery galleryid-383 gallery-columns-3 gallery-size-thumbnail'><dl class='gallery-item'>\n\t\t\t<dt class='gallery-icon landscape'>\n\t\t\t\t<a href='https:\/\/coaching-clown.de\/?attachment_id=1623'><img width=\"150\" height=\"150\" src=\"https:\/\/coaching-clown.de\/wp-content\/uploads\/2014\/06\/beijing-1775557_1920-150x150.jpg\" class=\"attachment-thumbnail size-thumbnail\" alt=\"\" decoding=\"async\" loading=\"lazy\" \/><\/a>\n\t\t\t<\/dt><\/dl><dl class='gallery-item'>\n\t\t\t<dt class='gallery-icon landscape'>\n\t\t\t\t<a href='https:\/\/coaching-clown.de\/?attachment_id=1625'><img width=\"150\" height=\"150\" src=\"https:\/\/coaching-clown.de\/wp-content\/uploads\/2014\/06\/people-430559_1920-150x150.jpg\" class=\"attachment-thumbnail size-thumbnail\" alt=\"\" decoding=\"async\" loading=\"lazy\" \/><\/a>\n\t\t\t<\/dt><\/dl><dl class='gallery-item'>\n\t\t\t<dt class='gallery-icon landscape'>\n\t\t\t\t<a href='https:\/\/coaching-clown.de\/?attachment_id=1624'><img width=\"150\" height=\"150\" src=\"https:\/\/coaching-clown.de\/wp-content\/uploads\/2014\/06\/girl-1240441_1920-150x150.jpg\" class=\"attachment-thumbnail size-thumbnail\" alt=\"\" decoding=\"async\" loading=\"lazy\" \/><\/a>\n\t\t\t<\/dt><\/dl><br style=\"clear: both\" \/>\n\t\t<\/div>\n\n<p style=\"text-align: center;\"><span style=\"color: #000000;\"><span style=\"font-family: Arial, sans-serif;\">Mit Inszenierungen und Reinszenierungen haben\u00a0wir die M\u00f6glichkeit zuk\u00fcnftiges und vergangenes in eine Theater- oder Clownsequenz zu fassen. \u00dcbersch\u00fcssige <a href=\"http:\/\/coaching-clown.de\/?page_id=67\">Spannungen<\/a> k\u00f6nnen abgebaut werden und es gelingt ein neuer, frischer Blick auf die Situation.<\/span><\/span><\/p>\n<p style=\"text-align: center;\"><strong><span style=\"color: #000000;\"><span style=\"font-family: Arial,sans-serif;\">Gerade hier bietet es sich an, den Clown in seiner vollen Montur als Katalysator zu benutzen. Es geht aber auch ohne rote Nase und Verkleidung.<\/span><\/span><\/strong><\/p>\n<p style=\"text-align: center;\"><span style=\"color: #000000;\"><span style=\"font-family: Arial, sans-serif;\"><a title=\"Kontaktformular\" href=\"http:\/\/casipan.wordpress.com\/kontakt\/\" target=\"_blank\">Jetzt mehr Informationen anfordern!<\/a><\/span><\/span><\/p>\n<p>&nbsp;<\/p>\n<p style=\"text-align: center;\"><strong><span style=\"color: #000000;\"><span style=\"font-family: Arial,sans-serif;\">weitere (Bei)Spiele\/ Methoden:<\/span><\/span><\/strong><\/p>\n<p style=\"text-align: center;\"><span style=\"font-family: Arial, sans-serif;\"><a href=\"http:\/\/coaching-clown.de\/?page_id=1003\">Spiegeln<\/a><\/span><\/p>\n<p style=\"text-align: center;\"><span style=\"font-family: Arial, sans-serif;\"><a href=\"http:\/\/coaching-clown.de\/?page_id=1005\">Laufen und Stehen<\/a><\/span><\/p>\n<p style=\"text-align: center;\"><span style=\"font-family: Arial, sans-serif;\"><a href=\"http:\/\/coaching-clown.de\/?page_id=1007\">Wechsel der Extreme<\/a><\/span><\/p>\n<p style=\"text-align: center;\"><span style=\"font-family: Arial, sans-serif;\"><a href=\"http:\/\/coaching-clown.de\/?page_id=1009\">Entdecken<\/a><\/span><\/p>\n<p style=\"text-align: center;\"><span style=\"font-family: Arial, sans-serif;\"><a href=\"http:\/\/coaching-clown.de\/?page_id=1011\">Der pers\u00f6nliche Raum<\/a><\/span><\/p>\n<p style=\"text-align: center;\"><span style=\"font-family: Arial, sans-serif;\"><a href=\"http:\/\/coaching-clown.de\/?page_id=383\">Inszenierungen und Re-Inszenierungen<\/a><\/span><\/p>\n<p>&nbsp;<\/p>\n<p>&nbsp;<\/p>\n<p style=\"text-align: center;\"><strong><span style=\"color: #000000;\"><span style=\"font-family: Arial,sans-serif;\">Coaching und Workshops:<\/span><\/span><\/strong><\/p>\n<p style=\"text-align: center;\"><strong><span style=\"font-family: Arial,sans-serif;\"><a href=\"http:\/\/coaching-clown.de\/?page_id=262\">Coaching<\/a><\/span><\/strong><\/p>\n<p style=\"text-align: center;\"><span style=\"font-family: Arial,sans-serif;\"><a href=\"http:\/\/coaching-clown.de\/?page_id=275\">Teambuilding<\/a><\/span><\/p>\n<p style=\"text-align: center;\"><span style=\"font-family: Arial,sans-serif;\"><a href=\"http:\/\/coaching-clown.de\/?page_id=439\">B\u00fchnenpr\u00e4senz<\/a><\/span><\/p>\n<p style=\"text-align: center;\"><span style=\"font-family: Arial,sans-serif;\"><a href=\"http:\/\/coaching-clown.de\/?page_id=286\">Die Balance finden<\/a><\/span><\/p>\n<p style=\"text-align: center;\"><span style=\"font-family: Arial,sans-serif;\"><a href=\"http:\/\/coaching-clown.de\/?page_id=261\">Jonglage und komplexe Herausforderungen<\/a><\/span><\/p>\n<p style=\"text-align: center;\"><span style=\"font-family: Arial,sans-serif;\"><a href=\"http:\/\/coaching-clown.de\/?page_id=288\">Kontakt-Jonglage<\/a><\/span><\/p>\n<p style=\"text-align: center;\"><span style=\"font-family: Arial,sans-serif;\"><a href=\"http:\/\/coaching-clown.de\/?page_id=213\">Clown-Training<\/a><\/span><\/p>\n<p style=\"text-align: center;\"><span style=\"font-family: Arial, sans-serif;\"><a href=\"http:\/\/coaching-clown.de\/?page_id=272\">Zirkus Workshops<\/a><\/span><\/p>\n","protected":false},"excerpt":{"rendered":"<p>Mit Inszenierungen und Reinszenierungen haben\u00a0wir die M\u00f6glichkeit zuk\u00fcnftiges und vergangenes in eine Theater- oder Clownsequenz zu fassen. \u00dcbersch\u00fcssige Spannungen k\u00f6nnen abgebaut werden und es gelingt ein neuer, frischer Blick auf die Situation. Gerade hier bietet es sich an, den Clown &hellip; <a href=\"https:\/\/coaching-clown.de\/?page_id=383\">Weiterlesen <span class=\"meta-nav\">&rarr;<\/span><\/a><\/p>\n","protected":false},"author":1,"featured_media":0,"parent":976,"menu_order":50,"comment_status":"closed","ping_status":"open","template":"","meta":[],"_links":{"self":[{"href":"https:\/\/coaching-clown.de\/index.php?rest_route=\/wp\/v2\/pages\/383"}],"collection":[{"href":"https:\/\/coaching-clown.de\/index.php?rest_route=\/wp\/v2\/pages"}],"about":[{"href":"https:\/\/coaching-clown.de\/index.php?rest_route=\/wp\/v2\/types\/page"}],"author":[{"embeddable":true,"href":"https:\/\/coaching-clown.de\/index.php?rest_route=\/wp\/v2\/users\/1"}],"replies":[{"embeddable":true,"href":"https:\/\/coaching-clown.de\/index.php?rest_route=%2Fwp%2Fv2%2Fcomments&post=383"}],"version-history":[{"count":22,"href":"https:\/\/coaching-clown.de\/index.php?rest_route=\/wp\/v2\/pages\/383\/revisions"}],"predecessor-version":[{"id":1683,"href":"https:\/\/coaching-clown.de\/index.php?rest_route=\/wp\/v2\/pages\/383\/revisions\/1683"}],"up":[{"embeddable":true,"href":"https:\/\/coaching-clown.de\/index.php?rest_route=\/wp\/v2\/pages\/976"}],"wp:attachment":[{"href":"https:\/\/coaching-clown.de\/index.php?rest_route=%2Fwp%2Fv2%2Fmedia&parent=383"}],"curies":[{"name":"wp","href":"https:\/\/api.w.org\/{rel}","templated":true}]}}