{"id":40,"date":"2014-06-02T12:11:11","date_gmt":"2014-06-02T12:11:11","guid":{"rendered":"http:\/\/coaching-clown.de\/?page_id=40"},"modified":"2018-10-23T18:36:22","modified_gmt":"2018-10-23T18:36:22","slug":"auto-biografien","status":"publish","type":"page","link":"https:\/\/coaching-clown.de\/?page_id=40","title":{"rendered":"Auto- (Biografien)"},"content":{"rendered":"<p><span style=\"font-family: Arial, sans-serif;\">BALLANTINE, Bill: <i>Clown Alley<\/i> 1.Aufl. Chicago: Chicago Tribune, 1976<\/span><\/p>\n<div id='gallery-1' class='gallery galleryid-40 gallery-columns-2 gallery-size-thumbnail'><dl class='gallery-item'>\n\t\t\t<dt class='gallery-icon portrait'>\n\t\t\t\t<a href='https:\/\/coaching-clown.de\/wp-content\/uploads\/2015\/06\/Ballentine-Bill-Clown-Alley-Deckblatt.jpg'><img width=\"150\" height=\"150\" src=\"https:\/\/coaching-clown.de\/wp-content\/uploads\/2015\/06\/Ballentine-Bill-Clown-Alley-Deckblatt-150x150.jpg\" class=\"attachment-thumbnail size-thumbnail\" alt=\"\" decoding=\"async\" loading=\"lazy\" \/><\/a>\n\t\t\t<\/dt><\/dl><dl class='gallery-item'>\n\t\t\t<dt class='gallery-icon portrait'>\n\t\t\t\t<a href='https:\/\/coaching-clown.de\/wp-content\/uploads\/2015\/06\/Ballentine-Bill-Clown-Alley-R\u00fcckseite.jpg'><img width=\"150\" height=\"150\" src=\"https:\/\/coaching-clown.de\/wp-content\/uploads\/2015\/06\/Ballentine-Bill-Clown-Alley-R\u00fcckseite-150x150.jpg\" class=\"attachment-thumbnail size-thumbnail\" alt=\"\" decoding=\"async\" loading=\"lazy\" \/><\/a>\n\t\t\t<\/dt><\/dl><br style=\"clear: both\" \/>\n\t\t<\/div>\n\n<p><span style=\"font-family: Arial, sans-serif;\">BEMMANN, Helga: <i>Das Leben gro\u00dfer Clowns von ihnen selbst erz\u00e4hlt \u2013 Aufzeichnungen und Erinnerungen von sechs Spa\u00dfmachern der Manege<\/i> Berlin, Henschleverlag, 1976 <\/span><\/p>\n<div id='gallery-2' class='gallery galleryid-40 gallery-columns-2 gallery-size-thumbnail'><dl class='gallery-item'>\n\t\t\t<dt class='gallery-icon portrait'>\n\t\t\t\t<a href='https:\/\/coaching-clown.de\/wp-content\/uploads\/2014\/06\/Bemmann-Das-Leben-gro\u00dfer-Clown-Deckblatt.jpg'><img width=\"150\" height=\"150\" src=\"https:\/\/coaching-clown.de\/wp-content\/uploads\/2014\/06\/Bemmann-Das-Leben-gro\u00dfer-Clown-Deckblatt-150x150.jpg\" class=\"attachment-thumbnail size-thumbnail\" alt=\"\" decoding=\"async\" loading=\"lazy\" \/><\/a>\n\t\t\t<\/dt><\/dl><dl class='gallery-item'>\n\t\t\t<dt class='gallery-icon portrait'>\n\t\t\t\t<a href='https:\/\/coaching-clown.de\/wp-content\/uploads\/2014\/06\/Bemmann-Das-Leben-gro\u00dfer-Clowns-R\u00fcckseite.jpg'><img width=\"150\" height=\"150\" src=\"https:\/\/coaching-clown.de\/wp-content\/uploads\/2014\/06\/Bemmann-Das-Leben-gro\u00dfer-Clowns-R\u00fcckseite-150x150.jpg\" class=\"attachment-thumbnail size-thumbnail\" alt=\"\" decoding=\"async\" loading=\"lazy\" \/><\/a>\n\t\t\t<\/dt><\/dl><br style=\"clear: both\" \/>\n\t\t<\/div>\n\n<p><span style=\"font-family: Arial, sans-serif;\">CHAPLIN, Charles: <i>Die Geschichte meines Lebens <\/i>Frankfurt am Main: Fischer Taschenbuch Verlag GmbH, 1989<\/span><\/p>\n<div id='gallery-3' class='gallery galleryid-40 gallery-columns-2 gallery-size-thumbnail'><dl class='gallery-item'>\n\t\t\t<dt class='gallery-icon portrait'>\n\t\t\t\t<a href='https:\/\/coaching-clown.de\/wp-content\/uploads\/2015\/06\/Chaplin-Charles-Die-Geschichte-meines-Lebens-Deckblatt.jpg'><img width=\"150\" height=\"150\" src=\"https:\/\/coaching-clown.de\/wp-content\/uploads\/2015\/06\/Chaplin-Charles-Die-Geschichte-meines-Lebens-Deckblatt-150x150.jpg\" class=\"attachment-thumbnail size-thumbnail\" alt=\"\" decoding=\"async\" loading=\"lazy\" \/><\/a>\n\t\t\t<\/dt><\/dl><dl class='gallery-item'>\n\t\t\t<dt class='gallery-icon portrait'>\n\t\t\t\t<a href='https:\/\/coaching-clown.de\/wp-content\/uploads\/2015\/06\/Chaplin-Charles-Die-Geschichte-meines-Lebens-R\u00fcckseite.jpg'><img width=\"150\" height=\"150\" src=\"https:\/\/coaching-clown.de\/wp-content\/uploads\/2015\/06\/Chaplin-Charles-Die-Geschichte-meines-Lebens-R\u00fcckseite-150x150.jpg\" class=\"attachment-thumbnail size-thumbnail\" alt=\"\" decoding=\"async\" loading=\"lazy\" \/><\/a>\n\t\t\t<\/dt><\/dl><br style=\"clear: both\" \/>\n\t\t<\/div>\n\n<p><span style=\"font-family: Arial, sans-serif;\">DESSAUER, Maria: <i>K\u00f6nig der Clowns \u2013 Aus dem Leben des Joseph Grimaldi<\/i> Frankfurt am Main: Insel Verlag, 1982<\/span><\/p>\n<div id='gallery-4' class='gallery galleryid-40 gallery-columns-2 gallery-size-thumbnail'><dl class='gallery-item'>\n\t\t\t<dt class='gallery-icon portrait'>\n\t\t\t\t<a href='https:\/\/coaching-clown.de\/wp-content\/uploads\/2015\/06\/Dessauer-Maria-Grimaldi-Joseph-K\u00f6nig-der-Clowns-Deckblatt.jpg'><img width=\"150\" height=\"150\" src=\"https:\/\/coaching-clown.de\/wp-content\/uploads\/2015\/06\/Dessauer-Maria-Grimaldi-Joseph-K\u00f6nig-der-Clowns-Deckblatt-150x150.jpg\" class=\"attachment-thumbnail size-thumbnail\" alt=\"\" decoding=\"async\" loading=\"lazy\" \/><\/a>\n\t\t\t<\/dt><\/dl><dl class='gallery-item'>\n\t\t\t<dt class='gallery-icon portrait'>\n\t\t\t\t<a href='https:\/\/coaching-clown.de\/wp-content\/uploads\/2015\/06\/Dessauer-Maria-Grimaldi-Joseph-K\u00f6nig-der-Clowns-R\u00fcckseite.jpg'><img width=\"150\" height=\"150\" src=\"https:\/\/coaching-clown.de\/wp-content\/uploads\/2015\/06\/Dessauer-Maria-Grimaldi-Joseph-K\u00f6nig-der-Clowns-R\u00fcckseite-150x150.jpg\" class=\"attachment-thumbnail size-thumbnail\" alt=\"\" decoding=\"async\" loading=\"lazy\" \/><\/a>\n\t\t\t<\/dt><\/dl><br style=\"clear: both\" \/>\n\t\t<\/div>\n\n<p><span style=\"font-family: Arial, sans-serif;\">DIMITRI; FERLA, Patrick (Hrsg.): <i>Clown<\/i> Z\u00fcrich: Werner Classen Verlag Z\u00fcrich, 1980<\/span><\/p>\n<div id='gallery-5' class='gallery galleryid-40 gallery-columns-2 gallery-size-thumbnail'><dl class='gallery-item'>\n\t\t\t<dt class='gallery-icon portrait'>\n\t\t\t\t<a href='https:\/\/coaching-clown.de\/wp-content\/uploads\/2015\/06\/Dimitri-Clown-Deckblatt.jpg'><img width=\"150\" height=\"150\" src=\"https:\/\/coaching-clown.de\/wp-content\/uploads\/2015\/06\/Dimitri-Clown-Deckblatt-150x150.jpg\" class=\"attachment-thumbnail size-thumbnail\" alt=\"\" decoding=\"async\" loading=\"lazy\" \/><\/a>\n\t\t\t<\/dt><\/dl><dl class='gallery-item'>\n\t\t\t<dt class='gallery-icon portrait'>\n\t\t\t\t<a href='https:\/\/coaching-clown.de\/wp-content\/uploads\/2015\/06\/Dimitri-Clown-R\u00fcckseite.jpg'><img width=\"150\" height=\"150\" src=\"https:\/\/coaching-clown.de\/wp-content\/uploads\/2015\/06\/Dimitri-Clown-R\u00fcckseite-150x150.jpg\" class=\"attachment-thumbnail size-thumbnail\" alt=\"\" decoding=\"async\" loading=\"lazy\" \/><\/a>\n\t\t\t<\/dt><\/dl><br style=\"clear: both\" \/>\n\t\t<\/div>\n\n<p><span style=\"font-family: Arial,sans-serif;\">EWERS, Hanns Heinz: <i>Das Leben dreier Clowns \u2013 Aufzeichnungen nach Erinnerungen der Fratellini <\/i>Berlin: Erich Reiss Verlag, 1926<\/span><\/p>\n<div id='gallery-6' class='gallery galleryid-40 gallery-columns-2 gallery-size-thumbnail'><dl class='gallery-item'>\n\t\t\t<dt class='gallery-icon portrait'>\n\t\t\t\t<a href='https:\/\/coaching-clown.de\/wp-content\/uploads\/2014\/06\/Ewers-Das-Leben-dreier-Clowns-DB.jpg'><img width=\"150\" height=\"150\" src=\"https:\/\/coaching-clown.de\/wp-content\/uploads\/2014\/06\/Ewers-Das-Leben-dreier-Clowns-DB-150x150.jpg\" class=\"attachment-thumbnail size-thumbnail\" alt=\"\" decoding=\"async\" loading=\"lazy\" \/><\/a>\n\t\t\t<\/dt><\/dl><dl class='gallery-item'>\n\t\t\t<dt class='gallery-icon portrait'>\n\t\t\t\t<a href='https:\/\/coaching-clown.de\/wp-content\/uploads\/2014\/06\/Ewers-Das-Leben-dreier-Clowns-RS.jpg'><img width=\"150\" height=\"150\" src=\"https:\/\/coaching-clown.de\/wp-content\/uploads\/2014\/06\/Ewers-Das-Leben-dreier-Clowns-RS-150x150.jpg\" class=\"attachment-thumbnail size-thumbnail\" alt=\"\" decoding=\"async\" loading=\"lazy\" \/><\/a>\n\t\t\t<\/dt><\/dl><br style=\"clear: both\" \/>\n\t\t<\/div>\n\n<p><span style=\"font-family: Arial, sans-serif;\">GALLI, Johannes: <i>Aus dem Leben eines Clowns \u2013 Erste Serie: Fr\u00fche Fehlversuche<\/i> Freiburg: Galli Verlag, 1999<\/span><\/p>\n<div id='gallery-7' class='gallery galleryid-40 gallery-columns-2 gallery-size-thumbnail'><dl class='gallery-item'>\n\t\t\t<dt class='gallery-icon portrait'>\n\t\t\t\t<a href='https:\/\/coaching-clown.de\/wp-content\/uploads\/2018\/02\/Galli-Biografie-1-DB.jpg'><img width=\"150\" height=\"150\" src=\"https:\/\/coaching-clown.de\/wp-content\/uploads\/2018\/02\/Galli-Biografie-1-DB-150x150.jpg\" class=\"attachment-thumbnail size-thumbnail\" alt=\"\" decoding=\"async\" loading=\"lazy\" \/><\/a>\n\t\t\t<\/dt><\/dl><dl class='gallery-item'>\n\t\t\t<dt class='gallery-icon portrait'>\n\t\t\t\t<a href='https:\/\/coaching-clown.de\/wp-content\/uploads\/2018\/02\/Galli-Biografie-1-RS.jpg'><img width=\"150\" height=\"150\" src=\"https:\/\/coaching-clown.de\/wp-content\/uploads\/2018\/02\/Galli-Biografie-1-RS-150x150.jpg\" class=\"attachment-thumbnail size-thumbnail\" alt=\"\" decoding=\"async\" loading=\"lazy\" \/><\/a>\n\t\t\t<\/dt><\/dl><br style=\"clear: both\" \/>\n\t\t<\/div>\n\n<p><span style=\"font-family: Arial, sans-serif;\">GALLI, Johannes: <i>Aus dem Leben eines Clowns \u2013 Zweite Serie: Steile Sturzfl\u00fcge<\/i> Freiburg: Galli Verlag, 2001<\/span><\/p>\n<div id='gallery-8' class='gallery galleryid-40 gallery-columns-2 gallery-size-thumbnail'><dl class='gallery-item'>\n\t\t\t<dt class='gallery-icon portrait'>\n\t\t\t\t<a href='https:\/\/coaching-clown.de\/wp-content\/uploads\/2018\/02\/Galli-Biografie-2-DB.jpg'><img width=\"150\" height=\"150\" src=\"https:\/\/coaching-clown.de\/wp-content\/uploads\/2018\/02\/Galli-Biografie-2-DB-150x150.jpg\" class=\"attachment-thumbnail size-thumbnail\" alt=\"\" decoding=\"async\" loading=\"lazy\" \/><\/a>\n\t\t\t<\/dt><\/dl><dl class='gallery-item'>\n\t\t\t<dt class='gallery-icon portrait'>\n\t\t\t\t<a href='https:\/\/coaching-clown.de\/wp-content\/uploads\/2018\/02\/Galli-Biografie-2-RS.jpg'><img width=\"150\" height=\"150\" src=\"https:\/\/coaching-clown.de\/wp-content\/uploads\/2018\/02\/Galli-Biografie-2-RS-150x150.jpg\" class=\"attachment-thumbnail size-thumbnail\" alt=\"\" decoding=\"async\" loading=\"lazy\" \/><\/a>\n\t\t\t<\/dt><\/dl><br style=\"clear: both\" \/>\n\t\t<\/div>\n\n<p><span style=\"font-family: Arial, sans-serif;\">GALLI, Johannes: A<i>us dem Leben eines Clowns \u2013 Sechte Serie: Kosmisches Karma<\/i> Freiburg: Galli Verlag, 2009<\/span><\/p>\n<div id='gallery-9' class='gallery galleryid-40 gallery-columns-2 gallery-size-thumbnail'><dl class='gallery-item'>\n\t\t\t<dt class='gallery-icon portrait'>\n\t\t\t\t<a href='https:\/\/coaching-clown.de\/wp-content\/uploads\/2018\/10\/Galli-Leben-sechste-Serie-DB.jpeg'><img width=\"150\" height=\"150\" src=\"https:\/\/coaching-clown.de\/wp-content\/uploads\/2018\/10\/Galli-Leben-sechste-Serie-DB-150x150.jpeg\" class=\"attachment-thumbnail size-thumbnail\" alt=\"\" decoding=\"async\" loading=\"lazy\" \/><\/a>\n\t\t\t<\/dt><\/dl><dl class='gallery-item'>\n\t\t\t<dt class='gallery-icon portrait'>\n\t\t\t\t<a href='https:\/\/coaching-clown.de\/wp-content\/uploads\/2018\/10\/Galli-Leben-sechste-Serie-RS.jpeg'><img width=\"150\" height=\"150\" src=\"https:\/\/coaching-clown.de\/wp-content\/uploads\/2018\/10\/Galli-Leben-sechste-Serie-RS-150x150.jpeg\" class=\"attachment-thumbnail size-thumbnail\" alt=\"\" decoding=\"async\" loading=\"lazy\" \/><\/a>\n\t\t\t<\/dt><\/dl><br style=\"clear: both\" \/>\n\t\t<\/div>\n\n<p><span style=\"font-family: Arial, sans-serif;\">GRIMALDI, Joseph:<i> Ich \u2013 der K\u00f6m\u00f6diant \u2013 Die Memoiren des Joseph Grimaldi\/ vorgelegt von [\u201eBoz\u201c] (Charles Dickens)<\/i> Berlin: Siedler Verlag, 1983<\/span><\/p>\n<div id='gallery-10' class='gallery galleryid-40 gallery-columns-2 gallery-size-thumbnail'><dl class='gallery-item'>\n\t\t\t<dt class='gallery-icon portrait'>\n\t\t\t\t<a href='https:\/\/coaching-clown.de\/wp-content\/uploads\/2015\/06\/Grimaldi-Joseph-Ich-der-Kom\u00f6diant-Deckblatt.jpg'><img width=\"150\" height=\"150\" src=\"https:\/\/coaching-clown.de\/wp-content\/uploads\/2015\/06\/Grimaldi-Joseph-Ich-der-Kom\u00f6diant-Deckblatt-150x150.jpg\" class=\"attachment-thumbnail size-thumbnail\" alt=\"\" decoding=\"async\" loading=\"lazy\" \/><\/a>\n\t\t\t<\/dt><\/dl><dl class='gallery-item'>\n\t\t\t<dt class='gallery-icon portrait'>\n\t\t\t\t<a href='https:\/\/coaching-clown.de\/wp-content\/uploads\/2015\/06\/Grimaldi-Joseph-Ich-der-Kom\u00f6diant-R\u00fcckseite.jpg'><img width=\"150\" height=\"150\" src=\"https:\/\/coaching-clown.de\/wp-content\/uploads\/2015\/06\/Grimaldi-Joseph-Ich-der-Kom\u00f6diant-R\u00fcckseite-150x150.jpg\" class=\"attachment-thumbnail size-thumbnail\" alt=\"\" decoding=\"async\" loading=\"lazy\" \/><\/a>\n\t\t\t<\/dt><\/dl><br style=\"clear: both\" \/>\n\t\t<\/div>\n\n<p><span style=\"font-family: Arial, sans-serif;\">HOCHE, Karl; MEISSNER, Toni; SINHUBER, Bartel F.: <i>Die gro\u00dfen Clowns<\/i> 1. Aufl. K\u00f6nigsstein\/Ts.: Athen\u00e4um Verlag GmbH, 1982<\/span><\/p>\n<div id='gallery-11' class='gallery galleryid-40 gallery-columns-2 gallery-size-thumbnail'><dl class='gallery-item'>\n\t\t\t<dt class='gallery-icon portrait'>\n\t\t\t\t<a href='https:\/\/coaching-clown.de\/wp-content\/uploads\/2015\/06\/Hoche-Meissner-Sinhuber-Die-gro\u00dfen-Clowns-Deckblatt.jpg'><img width=\"150\" height=\"150\" src=\"https:\/\/coaching-clown.de\/wp-content\/uploads\/2015\/06\/Hoche-Meissner-Sinhuber-Die-gro\u00dfen-Clowns-Deckblatt-150x150.jpg\" class=\"attachment-thumbnail size-thumbnail\" alt=\"\" decoding=\"async\" loading=\"lazy\" \/><\/a>\n\t\t\t<\/dt><\/dl><dl class='gallery-item'>\n\t\t\t<dt class='gallery-icon portrait'>\n\t\t\t\t<a href='https:\/\/coaching-clown.de\/wp-content\/uploads\/2015\/06\/Hoche-Meissner-Sinhuber-Die-gro\u00dfen-Clowns-R\u00fcckseite.jpg'><img width=\"150\" height=\"150\" src=\"https:\/\/coaching-clown.de\/wp-content\/uploads\/2015\/06\/Hoche-Meissner-Sinhuber-Die-gro\u00dfen-Clowns-R\u00fcckseite-150x150.jpg\" class=\"attachment-thumbnail size-thumbnail\" alt=\"\" decoding=\"async\" loading=\"lazy\" \/><\/a>\n\t\t\t<\/dt><\/dl><br style=\"clear: both\" \/>\n\t\t<\/div>\n\n<p><span style=\"font-family: Arial,sans-serif;\">HOERNING, Hanskarl: <i>Harlekin im Stasiland \u2013 Report eines Leipziger \u201ePfefferm\u00fcllers\u201c<\/i> 1. Aufl. Gerlingen: Bleicher Verlag, 1994<\/span><\/p>\n<div id='gallery-12' class='gallery galleryid-40 gallery-columns-2 gallery-size-thumbnail'><dl class='gallery-item'>\n\t\t\t<dt class='gallery-icon portrait'>\n\t\t\t\t<a href='https:\/\/coaching-clown.de\/wp-content\/uploads\/2014\/06\/Hoerning-Hanskarl-Harlekin-im-Stasiland-DB.jpg'><img width=\"150\" height=\"150\" src=\"https:\/\/coaching-clown.de\/wp-content\/uploads\/2014\/06\/Hoerning-Hanskarl-Harlekin-im-Stasiland-DB-150x150.jpg\" class=\"attachment-thumbnail size-thumbnail\" alt=\"\" decoding=\"async\" loading=\"lazy\" \/><\/a>\n\t\t\t<\/dt><\/dl><dl class='gallery-item'>\n\t\t\t<dt class='gallery-icon portrait'>\n\t\t\t\t<a href='https:\/\/coaching-clown.de\/wp-content\/uploads\/2014\/06\/Hoerning-Hanskarl-Harlekin-im-Stasiland-RS.jpg'><img width=\"150\" height=\"150\" src=\"https:\/\/coaching-clown.de\/wp-content\/uploads\/2014\/06\/Hoerning-Hanskarl-Harlekin-im-Stasiland-RS-150x150.jpg\" class=\"attachment-thumbnail size-thumbnail\" alt=\"\" decoding=\"async\" loading=\"lazy\" \/><\/a>\n\t\t\t<\/dt><\/dl><br style=\"clear: both\" \/>\n\t\t<\/div>\n\n<p><span style=\"font-family: Arial,sans-serif;\">MELCHINGER, Siegfried: <\/span><span style=\"font-family: Arial,sans-serif;\"><i>Harlekin \u2013 Bilderbuch der Spa\u00dfmacher <\/i><\/span><span style=\"font-family: Arial,sans-serif;\">Basel: Basilius Presse, 1959<\/span><\/p>\n<div id='gallery-13' class='gallery galleryid-40 gallery-columns-2 gallery-size-thumbnail'><dl class='gallery-item'>\n\t\t\t<dt class='gallery-icon portrait'>\n\t\t\t\t<a href='https:\/\/coaching-clown.de\/?attachment_id=1407'><img width=\"150\" height=\"150\" src=\"https:\/\/coaching-clown.de\/wp-content\/uploads\/2014\/06\/J\u00e4ggi-Harlekin-DB-150x150.jpeg\" class=\"attachment-thumbnail size-thumbnail\" alt=\"\" decoding=\"async\" loading=\"lazy\" \/><\/a>\n\t\t\t<\/dt><\/dl><dl class='gallery-item'>\n\t\t\t<dt class='gallery-icon portrait'>\n\t\t\t\t<a href='https:\/\/coaching-clown.de\/?attachment_id=1408'><img width=\"150\" height=\"150\" src=\"https:\/\/coaching-clown.de\/wp-content\/uploads\/2014\/06\/J\u00e4ggi-Harlekin-RS.jpeg-150x150.jpeg\" class=\"attachment-thumbnail size-thumbnail\" alt=\"\" decoding=\"async\" loading=\"lazy\" \/><\/a>\n\t\t\t<\/dt><\/dl><br style=\"clear: both\" \/>\n\t\t<\/div>\n\n<p><span style=\"font-family: Arial, sans-serif;\">PAYNE, Robert: <\/span><span style=\"font-family: Arial, sans-serif;\"><i>Der gro\u00dfe Charlie <\/i><\/span><span style=\"font-family: Arial, sans-serif;\">1.Aufl. Frankfurt am Main: Suhrkamp Verlag, 1979<\/span><\/p>\n<div id='gallery-14' class='gallery galleryid-40 gallery-columns-2 gallery-size-thumbnail'><dl class='gallery-item'>\n\t\t\t<dt class='gallery-icon portrait'>\n\t\t\t\t<a href='https:\/\/coaching-clown.de\/wp-content\/uploads\/2015\/06\/Payne-Robert-Der-gro\u00dfe-Charlie-Deckblatt.jpg'><img width=\"150\" height=\"150\" src=\"https:\/\/coaching-clown.de\/wp-content\/uploads\/2015\/06\/Payne-Robert-Der-gro\u00dfe-Charlie-Deckblatt-150x150.jpg\" class=\"attachment-thumbnail size-thumbnail\" alt=\"\" decoding=\"async\" loading=\"lazy\" \/><\/a>\n\t\t\t<\/dt><\/dl><dl class='gallery-item'>\n\t\t\t<dt class='gallery-icon portrait'>\n\t\t\t\t<a href='https:\/\/coaching-clown.de\/wp-content\/uploads\/2015\/06\/Payne-Robert-Der-gro\u00dfe-Charlie-R\u00fcckseite.jpg'><img width=\"150\" height=\"150\" src=\"https:\/\/coaching-clown.de\/wp-content\/uploads\/2015\/06\/Payne-Robert-Der-gro\u00dfe-Charlie-R\u00fcckseite-150x150.jpg\" class=\"attachment-thumbnail size-thumbnail\" alt=\"\" decoding=\"async\" loading=\"lazy\" \/><\/a>\n\t\t\t<\/dt><\/dl><br style=\"clear: both\" \/>\n\t\t<\/div>\n\n<p><span style=\"font-family: Arial, sans-serif;\">RIVEL, Charlie: <\/span><span style=\"font-family: Arial, sans-serif;\"><i>Akrobat Sch\u00f6\u00f6n<\/i><\/span><span style=\"font-family: Arial, sans-serif;\"> M\u00fcnchen: Wilhelm Heyne Verlag, 1979<\/span><\/p>\n<div id='gallery-15' class='gallery galleryid-40 gallery-columns-2 gallery-size-thumbnail'><dl class='gallery-item'>\n\t\t\t<dt class='gallery-icon portrait'>\n\t\t\t\t<a href='https:\/\/coaching-clown.de\/wp-content\/uploads\/2015\/06\/Rivel-Charlie-Akrobat-sch\u00f6\u00f6n-Deckblatt.jpg'><img width=\"150\" height=\"150\" src=\"https:\/\/coaching-clown.de\/wp-content\/uploads\/2015\/06\/Rivel-Charlie-Akrobat-sch\u00f6\u00f6n-Deckblatt-150x150.jpg\" class=\"attachment-thumbnail size-thumbnail\" alt=\"\" decoding=\"async\" loading=\"lazy\" \/><\/a>\n\t\t\t<\/dt><\/dl><dl class='gallery-item'>\n\t\t\t<dt class='gallery-icon portrait'>\n\t\t\t\t<a href='https:\/\/coaching-clown.de\/wp-content\/uploads\/2015\/06\/Rivel-Charlie-Akrobat-sch\u00f6\u00f6n-R\u00fcckseite.jpg'><img width=\"150\" height=\"150\" src=\"https:\/\/coaching-clown.de\/wp-content\/uploads\/2015\/06\/Rivel-Charlie-Akrobat-sch\u00f6\u00f6n-R\u00fcckseite-150x150.jpg\" class=\"attachment-thumbnail size-thumbnail\" alt=\"\" decoding=\"async\" loading=\"lazy\" \/><\/a>\n\t\t\t<\/dt><\/dl><br style=\"clear: both\" \/>\n\t\t<\/div>\n\n<p><span style=\"font-family: Arial, sans-serif;\">RUMJANZEWA, Natalia: <i>Clown und Zeit<\/i> Berlin: Henschelverlag Kunst und Gesellschaft, 1989<\/span><\/p>\n<div id='gallery-16' class='gallery galleryid-40 gallery-columns-2 gallery-size-thumbnail'><dl class='gallery-item'>\n\t\t\t<dt class='gallery-icon portrait'>\n\t\t\t\t<a href='https:\/\/coaching-clown.de\/wp-content\/uploads\/2015\/06\/Rumjanzewa-Natalia-Clown-und-Zeit-Deckblatt.jpg'><img width=\"150\" height=\"150\" src=\"https:\/\/coaching-clown.de\/wp-content\/uploads\/2015\/06\/Rumjanzewa-Natalia-Clown-und-Zeit-Deckblatt-150x150.jpg\" class=\"attachment-thumbnail size-thumbnail\" alt=\"\" decoding=\"async\" loading=\"lazy\" \/><\/a>\n\t\t\t<\/dt><\/dl><dl class='gallery-item'>\n\t\t\t<dt class='gallery-icon portrait'>\n\t\t\t\t<a href='https:\/\/coaching-clown.de\/wp-content\/uploads\/2015\/06\/Rumjanzewa-Natalia-Clown-und-Zeit-R\u00fcckseite.jpg'><img width=\"150\" height=\"150\" src=\"https:\/\/coaching-clown.de\/wp-content\/uploads\/2015\/06\/Rumjanzewa-Natalia-Clown-und-Zeit-R\u00fcckseite-150x150.jpg\" class=\"attachment-thumbnail size-thumbnail\" alt=\"\" decoding=\"async\" loading=\"lazy\" \/><\/a>\n\t\t\t<\/dt><\/dl><br style=\"clear: both\" \/>\n\t\t<\/div>\n\n<p><span style=\"font-family: Arial,sans-serif;\">SCALA: <i>Das gro\u00dfe Dezember-Fest-Programm<\/i> Berlin:1937<\/span><\/p>\n<div id='gallery-17' class='gallery galleryid-40 gallery-columns-2 gallery-size-thumbnail'><dl class='gallery-item'>\n\t\t\t<dt class='gallery-icon portrait'>\n\t\t\t\t<a href='https:\/\/coaching-clown.de\/wp-content\/uploads\/2014\/06\/Scala-Programmheft-1937-Fratellini-Deckblatt.jpg'><img width=\"150\" height=\"150\" src=\"https:\/\/coaching-clown.de\/wp-content\/uploads\/2014\/06\/Scala-Programmheft-1937-Fratellini-Deckblatt-150x150.jpg\" class=\"attachment-thumbnail size-thumbnail\" alt=\"\" decoding=\"async\" loading=\"lazy\" \/><\/a>\n\t\t\t<\/dt><\/dl><dl class='gallery-item'>\n\t\t\t<dt class='gallery-icon portrait'>\n\t\t\t\t<a href='https:\/\/coaching-clown.de\/wp-content\/uploads\/2014\/06\/Scala-Programmheft-1937-Fratellini-R\u00fcckseite.jpg'><img width=\"150\" height=\"150\" src=\"https:\/\/coaching-clown.de\/wp-content\/uploads\/2014\/06\/Scala-Programmheft-1937-Fratellini-R\u00fcckseite-150x150.jpg\" class=\"attachment-thumbnail size-thumbnail\" alt=\"\" decoding=\"async\" loading=\"lazy\" \/><\/a>\n\t\t\t<\/dt><\/dl><br style=\"clear: both\" \/>\n\t\t<\/div>\n\n<p><span style=\"font-family: Arial, sans-serif;\">WALKER, Whimsical: <i>From Sawdust to Windsor Castle<\/i> London: Stanley Paul &amp; Co. ,1922<\/span><\/p>\n<div id='gallery-18' class='gallery galleryid-40 gallery-columns-2 gallery-size-thumbnail'><dl class='gallery-item'>\n\t\t\t<dt class='gallery-icon portrait'>\n\t\t\t\t<a href='https:\/\/coaching-clown.de\/?attachment_id=1413'><img width=\"150\" height=\"150\" src=\"https:\/\/coaching-clown.de\/wp-content\/uploads\/2014\/06\/Walker-From-sawdust-to-Winsor-Castle-DB-150x150.jpeg\" class=\"attachment-thumbnail size-thumbnail\" alt=\"\" decoding=\"async\" loading=\"lazy\" \/><\/a>\n\t\t\t<\/dt><\/dl><dl class='gallery-item'>\n\t\t\t<dt class='gallery-icon portrait'>\n\t\t\t\t<a href='https:\/\/coaching-clown.de\/?attachment_id=1414'><img width=\"150\" height=\"150\" src=\"https:\/\/coaching-clown.de\/wp-content\/uploads\/2014\/06\/Walker-From-sawdust-to-Winsor-Castle-RS-150x150.jpeg\" class=\"attachment-thumbnail size-thumbnail\" alt=\"\" decoding=\"async\" loading=\"lazy\" \/><\/a>\n\t\t\t<\/dt><\/dl><br style=\"clear: both\" \/>\n\t\t<\/div>\n\n<p><span style=\"font-family: Arial, sans-serif;\">WETTACH, Adrian: <i>Grock \u2013 Die Memoiren des K\u00f6nigs der Clowns<\/i> Stuttgart: Mundus-Verlag, unbekanntes Druckdatum<\/span><\/p>\n<div id='gallery-19' class='gallery galleryid-40 gallery-columns-2 gallery-size-thumbnail'><dl class='gallery-item'>\n\t\t\t<dt class='gallery-icon portrait'>\n\t\t\t\t<a href='https:\/\/coaching-clown.de\/wp-content\/uploads\/2015\/06\/Grock-Nit-m\u00f6\u00f6\u00f6glich-Deckblatt.jpg'><img width=\"150\" height=\"150\" src=\"https:\/\/coaching-clown.de\/wp-content\/uploads\/2015\/06\/Grock-Nit-m\u00f6\u00f6\u00f6glich-Deckblatt-150x150.jpg\" class=\"attachment-thumbnail size-thumbnail\" alt=\"\" decoding=\"async\" loading=\"lazy\" \/><\/a>\n\t\t\t<\/dt><\/dl><dl class='gallery-item'>\n\t\t\t<dt class='gallery-icon portrait'>\n\t\t\t\t<a href='https:\/\/coaching-clown.de\/wp-content\/uploads\/2015\/06\/Grock-Nit-m\u00f6\u00f6\u00f6glich-R\u00fcckseite.jpg'><img width=\"150\" height=\"150\" src=\"https:\/\/coaching-clown.de\/wp-content\/uploads\/2015\/06\/Grock-Nit-m\u00f6\u00f6\u00f6glich-R\u00fcckseite-150x150.jpg\" class=\"attachment-thumbnail size-thumbnail\" alt=\"\" decoding=\"async\" loading=\"lazy\" \/><\/a>\n\t\t\t<\/dt><\/dl><br style=\"clear: both\" \/>\n\t\t<\/div>\n\n","protected":false},"excerpt":{"rendered":"<p>BALLANTINE, Bill: Clown Alley 1.Aufl. Chicago: Chicago Tribune, 1976 BEMMANN, Helga: Das Leben gro\u00dfer Clowns von ihnen selbst erz\u00e4hlt \u2013 Aufzeichnungen und Erinnerungen von sechs Spa\u00dfmachern der Manege Berlin, Henschleverlag, 1976 CHAPLIN, Charles: Die Geschichte meines Lebens Frankfurt am Main: &hellip; <a href=\"https:\/\/coaching-clown.de\/?page_id=40\">Weiterlesen <span class=\"meta-nav\">&rarr;<\/span><\/a><\/p>\n","protected":false},"author":1,"featured_media":0,"parent":12,"menu_order":60,"comment_status":"closed","ping_status":"open","template":"","meta":[],"_links":{"self":[{"href":"https:\/\/coaching-clown.de\/index.php?rest_route=\/wp\/v2\/pages\/40"}],"collection":[{"href":"https:\/\/coaching-clown.de\/index.php?rest_route=\/wp\/v2\/pages"}],"about":[{"href":"https:\/\/coaching-clown.de\/index.php?rest_route=\/wp\/v2\/types\/page"}],"author":[{"embeddable":true,"href":"https:\/\/coaching-clown.de\/index.php?rest_route=\/wp\/v2\/users\/1"}],"replies":[{"embeddable":true,"href":"https:\/\/coaching-clown.de\/index.php?rest_route=%2Fwp%2Fv2%2Fcomments&post=40"}],"version-history":[{"count":15,"href":"https:\/\/coaching-clown.de\/index.php?rest_route=\/wp\/v2\/pages\/40\/revisions"}],"predecessor-version":[{"id":1981,"href":"https:\/\/coaching-clown.de\/index.php?rest_route=\/wp\/v2\/pages\/40\/revisions\/1981"}],"up":[{"embeddable":true,"href":"https:\/\/coaching-clown.de\/index.php?rest_route=\/wp\/v2\/pages\/12"}],"wp:attachment":[{"href":"https:\/\/coaching-clown.de\/index.php?rest_route=%2Fwp%2Fv2%2Fmedia&parent=40"}],"curies":[{"name":"wp","href":"https:\/\/api.w.org\/{rel}","templated":true}]}}