{"id":439,"date":"2014-06-10T09:29:58","date_gmt":"2014-06-10T09:29:58","guid":{"rendered":"http:\/\/coaching-clown.de\/?page_id=439"},"modified":"2017-03-30T10:26:07","modified_gmt":"2017-03-30T10:26:07","slug":"buehnenpraesenz","status":"publish","type":"page","link":"https:\/\/coaching-clown.de\/?page_id=439","title":{"rendered":"B\u00fchnenpr\u00e4senz"},"content":{"rendered":"<div id='gallery-1' class='gallery galleryid-439 gallery-columns-3 gallery-size-thumbnail'><dl class='gallery-item'>\n\t\t\t<dt class='gallery-icon landscape'>\n\t\t\t\t<a href='https:\/\/coaching-clown.de\/?attachment_id=1608'><img width=\"150\" height=\"150\" src=\"https:\/\/coaching-clown.de\/wp-content\/uploads\/2014\/06\/performer-1209055_1920-150x150.jpg\" class=\"attachment-thumbnail size-thumbnail\" alt=\"\" decoding=\"async\" loading=\"lazy\" \/><\/a>\n\t\t\t<\/dt><\/dl><dl class='gallery-item'>\n\t\t\t<dt class='gallery-icon landscape'>\n\t\t\t\t<a href='https:\/\/coaching-clown.de\/?attachment_id=1610'><img width=\"150\" height=\"150\" src=\"https:\/\/coaching-clown.de\/wp-content\/uploads\/2014\/06\/band-984164_1920-150x150.jpg\" class=\"attachment-thumbnail size-thumbnail\" alt=\"\" decoding=\"async\" loading=\"lazy\" \/><\/a>\n\t\t\t<\/dt><\/dl><dl class='gallery-item'>\n\t\t\t<dt class='gallery-icon landscape'>\n\t\t\t\t<a href='https:\/\/coaching-clown.de\/?attachment_id=1609'><img width=\"150\" height=\"150\" src=\"https:\/\/coaching-clown.de\/wp-content\/uploads\/2014\/06\/people-691440_1920-150x150.jpg\" class=\"attachment-thumbnail size-thumbnail\" alt=\"\" decoding=\"async\" loading=\"lazy\" \/><\/a>\n\t\t\t<\/dt><\/dl><br style=\"clear: both\" \/>\n\t\t<\/div>\n\n<p style=\"text-align: center;\"><span style=\"font-family: Arial,sans-serif;\">Fast alles kann eine B\u00fchne sein. Ob sie als F\u00fchrungskraft im Fokus stehen, als Workshopleiter die Aufmerksamkeit der Teilnehmer auf sich vereinen m\u00fcssen oder als K\u00fcnstler auf einer &#8220;echten&#8221; B\u00fchne stehen, die Beachtung einiger weniger Grunds\u00e4tze erh\u00f6ht ihre <a href=\"http:\/\/coaching-clown.de\/?page_id=253\">Pr\u00e4senz<\/a> enorm. Im Workshop erhalten sie Einblicke in Kommunikationspunkte, Laufwege, B\u00fchnenbilder, K\u00f6rpersprache, Timing, Objektpr\u00e4sentation und Choreografie. Im Fordergrund steht das praktische Erleben der Themen.<\/span><\/p>\n<p style=\"text-align: center;\"><strong><span style=\"font-family: Arial,sans-serif;\"><strong>In diesem Workshop arbeiten wir ohne rote Nase und ohne Verkleiden.<\/strong><\/span><\/strong><\/p>\n<p style=\"text-align: center;\"><span style=\"color: #000000;\"><span style=\"font-family: Arial, sans-serif;\"><a title=\"Kontaktformular\" href=\"http:\/\/casipan.wordpress.com\/kontakt\/\" target=\"_blank\">Jetzt mehr Informationen anfordern!<\/a><\/span><\/span><\/p>\n<p>&nbsp;<\/p>\n<p>&nbsp;<\/p>\n<p style=\"text-align: center;\"><strong><span style=\"font-family: Arial,sans-serif;\">weitere Angebote:<\/span><\/strong><\/p>\n<p style=\"text-align: center;\"><span style=\"font-family: Arial, sans-serif;\"><a href=\"http:\/\/coaching-clown.de\/?page_id=262\">Coaching<\/a><\/span><\/p>\n<p style=\"text-align: center;\"><span style=\"font-family: Arial, sans-serif;\"><a href=\"http:\/\/coaching-clown.de\/?page_id=275\">Teambuilding<\/a><\/span><\/p>\n<p style=\"text-align: center;\"><strong><span style=\"font-family: Arial,sans-serif;\"><a href=\"http:\/\/coaching-clown.de\/?page_id=286\">Die Balance finden<\/a><\/span><\/strong><\/p>\n<p style=\"text-align: center;\"><span style=\"font-family: Arial, sans-serif;\"><a href=\"http:\/\/coaching-clown.de\/?page_id=261\">Jonglage und komplexe Herausforderungen<\/a><\/span><\/p>\n<p style=\"text-align: center;\"><span style=\"font-family: Arial, sans-serif;\"><a href=\"http:\/\/coaching-clown.de\/?page_id=288\">Kontakt-Jonglage<\/a><\/span><\/p>\n<p style=\"text-align: center;\"><span style=\"font-family: Arial, sans-serif;\"><a href=\"http:\/\/coaching-clown.de\/?page_id=213\">Clown-Training<\/a><\/span><\/p>\n<p style=\"text-align: center;\"><span style=\"font-family: Arial, sans-serif;\"><a href=\"http:\/\/coaching-clown.de\/?page_id=272\">Zirkus Workshops<\/a><\/span><\/p>\n<p style=\"text-align: center;\"><span style=\"font-family: Arial, sans-serif;\"><a href=\"http:\/\/coaching-clown.de\/?page_id=976\">Beispiele f\u00fcr Methoden und Spiele<\/a><\/span><\/p>\n","protected":false},"excerpt":{"rendered":"<p>Fast alles kann eine B\u00fchne sein. Ob sie als F\u00fchrungskraft im Fokus stehen, als Workshopleiter die Aufmerksamkeit der Teilnehmer auf sich vereinen m\u00fcssen oder als K\u00fcnstler auf einer &#8220;echten&#8221; B\u00fchne stehen, die Beachtung einiger weniger Grunds\u00e4tze erh\u00f6ht ihre Pr\u00e4senz enorm. &hellip; <a href=\"https:\/\/coaching-clown.de\/?page_id=439\">Weiterlesen <span class=\"meta-nav\">&rarr;<\/span><\/a><\/p>\n","protected":false},"author":1,"featured_media":0,"parent":953,"menu_order":16,"comment_status":"closed","ping_status":"open","template":"","meta":[],"_links":{"self":[{"href":"https:\/\/coaching-clown.de\/index.php?rest_route=\/wp\/v2\/pages\/439"}],"collection":[{"href":"https:\/\/coaching-clown.de\/index.php?rest_route=\/wp\/v2\/pages"}],"about":[{"href":"https:\/\/coaching-clown.de\/index.php?rest_route=\/wp\/v2\/types\/page"}],"author":[{"embeddable":true,"href":"https:\/\/coaching-clown.de\/index.php?rest_route=\/wp\/v2\/users\/1"}],"replies":[{"embeddable":true,"href":"https:\/\/coaching-clown.de\/index.php?rest_route=%2Fwp%2Fv2%2Fcomments&post=439"}],"version-history":[{"count":20,"href":"https:\/\/coaching-clown.de\/index.php?rest_route=\/wp\/v2\/pages\/439\/revisions"}],"predecessor-version":[{"id":1677,"href":"https:\/\/coaching-clown.de\/index.php?rest_route=\/wp\/v2\/pages\/439\/revisions\/1677"}],"up":[{"embeddable":true,"href":"https:\/\/coaching-clown.de\/index.php?rest_route=\/wp\/v2\/pages\/953"}],"wp:attachment":[{"href":"https:\/\/coaching-clown.de\/index.php?rest_route=%2Fwp%2Fv2%2Fmedia&parent=439"}],"curies":[{"name":"wp","href":"https:\/\/api.w.org\/{rel}","templated":true}]}}