{"id":44,"date":"2014-06-02T12:13:14","date_gmt":"2014-06-02T12:13:14","guid":{"rendered":"http:\/\/coaching-clown.de\/?page_id=44"},"modified":"2015-08-17T09:14:33","modified_gmt":"2015-08-17T09:14:33","slug":"romane-und-geschichten","status":"publish","type":"page","link":"https:\/\/coaching-clown.de\/?page_id=44","title":{"rendered":"Romane und Geschichten"},"content":{"rendered":"<p align=\"LEFT\"><span style=\"font-family: Arial,sans-serif;\">ALLEN, Woody: <\/span><span style=\"font-family: Arial,sans-serif;\"><i>Ohne Leit kein Freud<\/i><\/span><span style=\"font-family: Arial,sans-serif;\"> Reinbeck bei Hamburg: Rowohlt Taschenbuch Verlag GmbH, 1981<\/span><\/p>\n<div id='gallery-1' class='gallery galleryid-44 gallery-columns-2 gallery-size-thumbnail'><dl class='gallery-item'>\n\t\t\t<dt class='gallery-icon portrait'>\n\t\t\t\t<a href='https:\/\/coaching-clown.de\/wp-content\/uploads\/2014\/06\/Allen-Woody-Ohne-Leit-kein-Freud-Deckblatt.jpg'><img width=\"150\" height=\"150\" src=\"https:\/\/coaching-clown.de\/wp-content\/uploads\/2014\/06\/Allen-Woody-Ohne-Leit-kein-Freud-Deckblatt-150x150.jpg\" class=\"attachment-thumbnail size-thumbnail\" alt=\"\" decoding=\"async\" loading=\"lazy\" \/><\/a>\n\t\t\t<\/dt><\/dl><dl class='gallery-item'>\n\t\t\t<dt class='gallery-icon portrait'>\n\t\t\t\t<a href='https:\/\/coaching-clown.de\/wp-content\/uploads\/2014\/06\/Allen-Woody-Ohne-Leit-kein-Freud-R\u00fcckseite.jpg'><img width=\"150\" height=\"150\" src=\"https:\/\/coaching-clown.de\/wp-content\/uploads\/2014\/06\/Allen-Woody-Ohne-Leit-kein-Freud-R\u00fcckseite-150x150.jpg\" class=\"attachment-thumbnail size-thumbnail\" alt=\"\" decoding=\"async\" loading=\"lazy\" \/><\/a>\n\t\t\t<\/dt><\/dl><br style=\"clear: both\" \/>\n\t\t<\/div>\n\n<p><span style=\"font-family: Arial, sans-serif;\">B\u00d6LL, Heinrich: <i>Ansichten eines Clowns<\/i> 3. Aufl. K\u00f6ln, Berlin: Verlag Kiepenheuer &amp; Witsch, 1963<\/span><\/p>\n<div id='gallery-2' class='gallery galleryid-44 gallery-columns-2 gallery-size-thumbnail'><dl class='gallery-item'>\n\t\t\t<dt class='gallery-icon portrait'>\n\t\t\t\t<a href='https:\/\/coaching-clown.de\/wp-content\/uploads\/2015\/06\/B\u00f6ll-Heinrich-Ansichten-eines-Clowns-Deckblatt.jpg'><img width=\"150\" height=\"150\" src=\"https:\/\/coaching-clown.de\/wp-content\/uploads\/2015\/06\/B\u00f6ll-Heinrich-Ansichten-eines-Clowns-Deckblatt-150x150.jpg\" class=\"attachment-thumbnail size-thumbnail\" alt=\"\" decoding=\"async\" loading=\"lazy\" \/><\/a>\n\t\t\t<\/dt><\/dl><dl class='gallery-item'>\n\t\t\t<dt class='gallery-icon portrait'>\n\t\t\t\t<a href='https:\/\/coaching-clown.de\/wp-content\/uploads\/2015\/06\/B\u00f6ll-Heinrich-Ansichten-eines-Clowns-R\u00fcckseite.jpg'><img width=\"150\" height=\"150\" src=\"https:\/\/coaching-clown.de\/wp-content\/uploads\/2015\/06\/B\u00f6ll-Heinrich-Ansichten-eines-Clowns-R\u00fcckseite-150x150.jpg\" class=\"attachment-thumbnail size-thumbnail\" alt=\"\" decoding=\"async\" loading=\"lazy\" \/><\/a>\n\t\t\t<\/dt><\/dl><br style=\"clear: both\" \/>\n\t\t<\/div>\n\n<p><span style=\"font-family: Arial, sans-serif;\">BRANT, Sebastian: <i>Das Narrenschiff<\/i> Wiesbaden: Marix Verlag GmbH, 2004<\/span><\/p>\n<div id='gallery-3' class='gallery galleryid-44 gallery-columns-2 gallery-size-thumbnail'><dl class='gallery-item'>\n\t\t\t<dt class='gallery-icon portrait'>\n\t\t\t\t<a href='https:\/\/coaching-clown.de\/wp-content\/uploads\/2015\/06\/Brant-Sebastian-Das-Narrenschiff-Deckblatt.jpg'><img width=\"150\" height=\"150\" src=\"https:\/\/coaching-clown.de\/wp-content\/uploads\/2015\/06\/Brant-Sebastian-Das-Narrenschiff-Deckblatt-150x150.jpg\" class=\"attachment-thumbnail size-thumbnail\" alt=\"\" decoding=\"async\" loading=\"lazy\" \/><\/a>\n\t\t\t<\/dt><\/dl><dl class='gallery-item'>\n\t\t\t<dt class='gallery-icon portrait'>\n\t\t\t\t<a href='https:\/\/coaching-clown.de\/wp-content\/uploads\/2015\/06\/Brant-Sebastian-Das-Narrenschiff-R\u00fcckseite.jpg'><img width=\"150\" height=\"150\" src=\"https:\/\/coaching-clown.de\/wp-content\/uploads\/2015\/06\/Brant-Sebastian-Das-Narrenschiff-R\u00fcckseite-150x150.jpg\" class=\"attachment-thumbnail size-thumbnail\" alt=\"\" decoding=\"async\" loading=\"lazy\" \/><\/a>\n\t\t\t<\/dt><\/dl><br style=\"clear: both\" \/>\n\t\t<\/div>\n\n<p><span style=\"font-family: Arial,sans-serif;\">COSTER, Charles de: <i>Tyll Ulenspiegel und Lamm Goedzak<\/i> G\u00fctersloh: Bertelsmann Club GmbH, ohne Jahr<\/span><\/p>\n<div id='gallery-4' class='gallery galleryid-44 gallery-columns-2 gallery-size-thumbnail'><dl class='gallery-item'>\n\t\t\t<dt class='gallery-icon portrait'>\n\t\t\t\t<a href='https:\/\/coaching-clown.de\/wp-content\/uploads\/2014\/06\/Coster-Ulenspiegel-Deckblatt.jpg'><img width=\"150\" height=\"150\" src=\"https:\/\/coaching-clown.de\/wp-content\/uploads\/2014\/06\/Coster-Ulenspiegel-Deckblatt-150x150.jpg\" class=\"attachment-thumbnail size-thumbnail\" alt=\"\" decoding=\"async\" loading=\"lazy\" \/><\/a>\n\t\t\t<\/dt><\/dl><dl class='gallery-item'>\n\t\t\t<dt class='gallery-icon portrait'>\n\t\t\t\t<a href='https:\/\/coaching-clown.de\/wp-content\/uploads\/2014\/06\/Coster-Ulenspiegel-R\u00fcckseite.jpg'><img width=\"150\" height=\"150\" src=\"https:\/\/coaching-clown.de\/wp-content\/uploads\/2014\/06\/Coster-Ulenspiegel-R\u00fcckseite-150x150.jpg\" class=\"attachment-thumbnail size-thumbnail\" alt=\"\" decoding=\"async\" loading=\"lazy\" \/><\/a>\n\t\t\t<\/dt><\/dl><br style=\"clear: both\" \/>\n\t\t<\/div>\n\n<p><span style=\"font-family: Arial, sans-serif;\">KLEIST, Heinrich von: <i>\u00dcber das Marionettentheater <\/i>M\u00fcnchen: Rowohlt Verlag,1964<\/span><\/p>\n<div id='gallery-5' class='gallery galleryid-44 gallery-columns-2 gallery-size-thumbnail'><dl class='gallery-item'>\n\t\t\t<dt class='gallery-icon portrait'>\n\t\t\t\t<a href='https:\/\/coaching-clown.de\/wp-content\/uploads\/2015\/06\/Kleist-Heinrich-von-\u00dcber-das-Marionettentheater-Deckblatt.jpg'><img width=\"150\" height=\"150\" src=\"https:\/\/coaching-clown.de\/wp-content\/uploads\/2015\/06\/Kleist-Heinrich-von-\u00dcber-das-Marionettentheater-Deckblatt-150x150.jpg\" class=\"attachment-thumbnail size-thumbnail\" alt=\"\" decoding=\"async\" loading=\"lazy\" \/><\/a>\n\t\t\t<\/dt><\/dl><dl class='gallery-item'>\n\t\t\t<dt class='gallery-icon portrait'>\n\t\t\t\t<a href='https:\/\/coaching-clown.de\/wp-content\/uploads\/2015\/06\/Kleist-Heinrich-von-\u00dcber-das-Marionettentheater-R\u00fcckseite.jpg'><img width=\"150\" height=\"150\" src=\"https:\/\/coaching-clown.de\/wp-content\/uploads\/2015\/06\/Kleist-Heinrich-von-\u00dcber-das-Marionettentheater-R\u00fcckseite-150x150.jpg\" class=\"attachment-thumbnail size-thumbnail\" alt=\"\" decoding=\"async\" loading=\"lazy\" \/><\/a>\n\t\t\t<\/dt><\/dl><br style=\"clear: both\" \/>\n\t\t<\/div>\n\n<p><span style=\"font-family: Arial, sans-serif;\">MILLER, Henry; MIR\u00d3, Joan: <i>Das L\u00e4cheln am Fu\u00dfe der Leiter<\/i>, Hamburg, Rowolt Taschenbuch Verlag GmbH, 1993<\/span><\/p>\n<div id='gallery-6' class='gallery galleryid-44 gallery-columns-2 gallery-size-thumbnail'><dl class='gallery-item'>\n\t\t\t<dt class='gallery-icon portrait'>\n\t\t\t\t<a href='https:\/\/coaching-clown.de\/wp-content\/uploads\/2015\/06\/Miller-Henry-Das-L\u00e4cheln-am-Fu\u00dfe-der-Leiter-Deckblatt.jpg'><img width=\"150\" height=\"150\" src=\"https:\/\/coaching-clown.de\/wp-content\/uploads\/2015\/06\/Miller-Henry-Das-L\u00e4cheln-am-Fu\u00dfe-der-Leiter-Deckblatt-150x150.jpg\" class=\"attachment-thumbnail size-thumbnail\" alt=\"\" decoding=\"async\" loading=\"lazy\" \/><\/a>\n\t\t\t<\/dt><\/dl><dl class='gallery-item'>\n\t\t\t<dt class='gallery-icon portrait'>\n\t\t\t\t<a href='https:\/\/coaching-clown.de\/wp-content\/uploads\/2015\/06\/Miller-Henry-Das-L\u00e4cheln-am-Fu\u00dfe-der-Leiter-R\u00fcckseite.jpg'><img width=\"150\" height=\"150\" src=\"https:\/\/coaching-clown.de\/wp-content\/uploads\/2015\/06\/Miller-Henry-Das-L\u00e4cheln-am-Fu\u00dfe-der-Leiter-R\u00fcckseite-150x150.jpg\" class=\"attachment-thumbnail size-thumbnail\" alt=\"\" decoding=\"async\" loading=\"lazy\" \/><\/a>\n\t\t\t<\/dt><\/dl><br style=\"clear: both\" \/>\n\t\t<\/div>\n\n<p><span style=\"font-family: Arial,sans-serif;\">MURNER, Thomas: <i>Narrenbeschw\u00f6rung \u2013 Text und Bilder der ersten Ausgabe<\/i> Halle (Saale): VEB Max Niemeyer Verlag, 1967<\/span><\/p>\n<div id='gallery-7' class='gallery galleryid-44 gallery-columns-2 gallery-size-thumbnail'><dl class='gallery-item'>\n\t\t\t<dt class='gallery-icon portrait'>\n\t\t\t\t<a href='https:\/\/coaching-clown.de\/wp-content\/uploads\/2015\/06\/Murner-Thomas-Narrenbeschw\u00f6rung-Deckbaltt.jpg'><img width=\"150\" height=\"150\" src=\"https:\/\/coaching-clown.de\/wp-content\/uploads\/2015\/06\/Murner-Thomas-Narrenbeschw\u00f6rung-Deckbaltt-150x150.jpg\" class=\"attachment-thumbnail size-thumbnail\" alt=\"\" decoding=\"async\" loading=\"lazy\" \/><\/a>\n\t\t\t<\/dt><\/dl><dl class='gallery-item'>\n\t\t\t<dt class='gallery-icon portrait'>\n\t\t\t\t<a href='https:\/\/coaching-clown.de\/wp-content\/uploads\/2015\/06\/Murner-Thomas-Narrenbeschw\u00f6rung-R\u00fcckseite.jpg'><img width=\"150\" height=\"150\" src=\"https:\/\/coaching-clown.de\/wp-content\/uploads\/2015\/06\/Murner-Thomas-Narrenbeschw\u00f6rung-R\u00fcckseite-150x150.jpg\" class=\"attachment-thumbnail size-thumbnail\" alt=\"\" decoding=\"async\" loading=\"lazy\" \/><\/a>\n\t\t\t<\/dt><\/dl><br style=\"clear: both\" \/>\n\t\t<\/div>\n\n<p><span style=\"font-family: Arial, sans-serif;\">UNBEKANNTER AUTOR: <\/span><span style=\"font-family: Arial, sans-serif;\"><i>Till Eulenspiegel <\/i><\/span><span style=\"font-family: Arial, sans-serif;\">Stuttgart, Union Druckerei, 1950<\/span><\/p>\n<p>\u201e<span style=\"font-family: Arial, sans-serif;\">Herman Bote, Ratsschreiber zu Braunschweig, der vermutliche Verfasser und Herausgeber des ber\u00fchmten Volksbuches \u201eEin kurzweilig Lesen von Dil Ulenspiegel\u201c, das 1515 erstmals gedruckt wurde.\u201c<\/span><\/p>\n<p><span style=\"font-family: Arial, sans-serif;\">M\u00fcller S.122<\/span><\/p>\n<div id='gallery-8' class='gallery galleryid-44 gallery-columns-2 gallery-size-thumbnail'><dl class='gallery-item'>\n\t\t\t<dt class='gallery-icon portrait'>\n\t\t\t\t<a href='https:\/\/coaching-clown.de\/wp-content\/uploads\/2015\/06\/Till-Eulenspiegel-Deckblatt.jpg'><img width=\"150\" height=\"150\" src=\"https:\/\/coaching-clown.de\/wp-content\/uploads\/2015\/06\/Till-Eulenspiegel-Deckblatt-150x150.jpg\" class=\"attachment-thumbnail size-thumbnail\" alt=\"\" decoding=\"async\" loading=\"lazy\" \/><\/a>\n\t\t\t<\/dt><\/dl><dl class='gallery-item'>\n\t\t\t<dt class='gallery-icon portrait'>\n\t\t\t\t<a href='https:\/\/coaching-clown.de\/wp-content\/uploads\/2015\/06\/Till-Eulenspiegel-R\u00fcckseite.jpg'><img width=\"150\" height=\"150\" src=\"https:\/\/coaching-clown.de\/wp-content\/uploads\/2015\/06\/Till-Eulenspiegel-R\u00fcckseite-150x150.jpg\" class=\"attachment-thumbnail size-thumbnail\" alt=\"\" decoding=\"async\" loading=\"lazy\" \/><\/a>\n\t\t\t<\/dt><\/dl><br style=\"clear: both\" \/>\n\t\t<\/div>\n\n","protected":false},"excerpt":{"rendered":"<p>ALLEN, Woody: Ohne Leit kein Freud Reinbeck bei Hamburg: Rowohlt Taschenbuch Verlag GmbH, 1981 B\u00d6LL, Heinrich: Ansichten eines Clowns 3. Aufl. K\u00f6ln, Berlin: Verlag Kiepenheuer &amp; Witsch, 1963 BRANT, Sebastian: Das Narrenschiff Wiesbaden: Marix Verlag GmbH, 2004 COSTER, Charles de: &hellip; <a href=\"https:\/\/coaching-clown.de\/?page_id=44\">Weiterlesen <span class=\"meta-nav\">&rarr;<\/span><\/a><\/p>\n","protected":false},"author":1,"featured_media":0,"parent":12,"menu_order":80,"comment_status":"closed","ping_status":"open","template":"","meta":[],"_links":{"self":[{"href":"https:\/\/coaching-clown.de\/index.php?rest_route=\/wp\/v2\/pages\/44"}],"collection":[{"href":"https:\/\/coaching-clown.de\/index.php?rest_route=\/wp\/v2\/pages"}],"about":[{"href":"https:\/\/coaching-clown.de\/index.php?rest_route=\/wp\/v2\/types\/page"}],"author":[{"embeddable":true,"href":"https:\/\/coaching-clown.de\/index.php?rest_route=\/wp\/v2\/users\/1"}],"replies":[{"embeddable":true,"href":"https:\/\/coaching-clown.de\/index.php?rest_route=%2Fwp%2Fv2%2Fcomments&post=44"}],"version-history":[{"count":7,"href":"https:\/\/coaching-clown.de\/index.php?rest_route=\/wp\/v2\/pages\/44\/revisions"}],"predecessor-version":[{"id":1115,"href":"https:\/\/coaching-clown.de\/index.php?rest_route=\/wp\/v2\/pages\/44\/revisions\/1115"}],"up":[{"embeddable":true,"href":"https:\/\/coaching-clown.de\/index.php?rest_route=\/wp\/v2\/pages\/12"}],"wp:attachment":[{"href":"https:\/\/coaching-clown.de\/index.php?rest_route=%2Fwp%2Fv2%2Fmedia&parent=44"}],"curies":[{"name":"wp","href":"https:\/\/api.w.org\/{rel}","templated":true}]}}