{"id":46,"date":"2014-06-02T15:18:39","date_gmt":"2014-06-02T15:18:39","guid":{"rendered":"http:\/\/coaching-clown.de\/?page_id=46"},"modified":"2022-07-01T13:19:54","modified_gmt":"2022-07-01T13:19:54","slug":"zur-mir","status":"publish","type":"page","link":"https:\/\/coaching-clown.de\/?page_id=46","title":{"rendered":"zu mir"},"content":{"rendered":"<p style=\"text-align: center;\"><a href=\"http:\/\/coaching-clown.de\/wp-content\/uploads\/2022\/07\/Coaching-Clown-mit-Fuessen-Kai-Kapitaen-scaled.jpg\"><img decoding=\"async\" loading=\"lazy\" class=\"aligncenter  wp-image-2051\" src=\"http:\/\/coaching-clown.de\/wp-content\/uploads\/2022\/07\/Coaching-Clown-mit-Fuessen-Kai-Kapitaen-205x300.jpg\" alt=\"\" width=\"380\" height=\"556\" srcset=\"https:\/\/coaching-clown.de\/wp-content\/uploads\/2022\/07\/Coaching-Clown-mit-Fuessen-Kai-Kapitaen-205x300.jpg 205w, https:\/\/coaching-clown.de\/wp-content\/uploads\/2022\/07\/Coaching-Clown-mit-Fuessen-Kai-Kapitaen-701x1024.jpg 701w, https:\/\/coaching-clown.de\/wp-content\/uploads\/2022\/07\/Coaching-Clown-mit-Fuessen-Kai-Kapitaen-768x1122.jpg 768w, https:\/\/coaching-clown.de\/wp-content\/uploads\/2022\/07\/Coaching-Clown-mit-Fuessen-Kai-Kapitaen-1052x1536.jpg 1052w, https:\/\/coaching-clown.de\/wp-content\/uploads\/2022\/07\/Coaching-Clown-mit-Fuessen-Kai-Kapitaen-1402x2048.jpg 1402w, https:\/\/coaching-clown.de\/wp-content\/uploads\/2022\/07\/Coaching-Clown-mit-Fuessen-Kai-Kapitaen-scaled.jpg 1753w\" sizes=\"(max-width: 380px) 100vw, 380px\" \/><\/a><\/p>\n<p style=\"text-align: center;\">\u00a0<span style=\"font-family: Arial, sans-serif;\">Niklas K\u00f6nig<\/span><\/p>\n<p style=\"text-align: center;\"><span style=\"font-family: Arial, sans-serif;\">Diplom Betriebswirt (BA)\/ <a href=\"http:\/\/coaching-clown.de\/?page_id=1464\">Coach (DGfC)<\/a>\/ ausgebildeter Clown<br \/>\n<\/span><\/p>\n<p style=\"text-align: center;\" align=\"justify\">\u00a0<span style=\"font-family: Arial, sans-serif;\">Nach Anstellung in einer Unternehmensberatung arbeite ich seit 2005 selbstst\u00e4ndig als Trainer, Berater und Coach. Privatpersonen, K\u00fcnstler, Unternehmen und \u00f6ffentliche Einrichtungen genie\u00dfen meine Arbeit.<\/span><\/p>\n<p align=\"center\">\u00a0<span style=\"font-family: Arial, sans-serif;\">2011 professionalisierte ich dar\u00fcber hinaus die Performancekunst. Als <a href=\"http:\/\/coaching-clown.de\/?page_id=293\">Clown<\/a> und <a href=\"https:\/\/casipan.wordpress.com\/feuershows\/\" target=\"_blank\" rel=\"noopener\">Feuerartist<\/a> genie\u00dfe ich <a href=\"http:\/\/coaching-clown.de\/?page_id=235\">Intuition<\/a>, <a href=\"http:\/\/coaching-clown.de\/?page_id=253\">Pr\u00e4senz<\/a> und den <a href=\"http:\/\/coaching-clown.de\/?page_id=251\">Kontakt zum Publikum<\/a>, um Begeisterung zu wecken. Das ist die Verbindung zum Coach.<\/span><\/p>\n<p align=\"center\"><span style=\"font-family: Arial, sans-serif;\">Als K\u00fcnstler und Coach strebe ich stets an, mein Publikum in eine positive Stimmung zu versetzen, aus der es etwas mit nach Hause nimmt. Als Clown tue ich dies aus purer Lebensfreude. Als Coach habe ich dabei immer den Arbeitsauftrag meines Coachees im Blick.<\/span><\/p>\n<p align=\"center\"><span style=\"font-family: Arial, sans-serif;\">Ausbildung zum Clown u.a. bei Clara Cenoz (Barcelona) und\u00a0<a href=\"http:\/\/www.jondavison.net\/\" target=\"_blank\" rel=\"noopener\">Jon Davison<\/a> (London) an der\u00a0<a href=\"http:\/\/www.escoladeclown.eu\/\" target=\"_blank\" rel=\"noopener\">Escola de Clown de Barcelona<\/a>. <\/span><\/p>\n<p align=\"center\"><span style=\"font-family: Arial, sans-serif;\">Ausbildung zum Bewegungstherapeut an der <a href=\"http:\/\/www.akademieremscheid.de\/\" target=\"_blank\" rel=\"noopener\">Akademie Remscheid<\/a>.<\/span><\/p>\n<p align=\"center\"><span style=\"font-family: Arial, sans-serif;\">Coach nach den Standards der\u00a0<a href=\"https:\/\/www.coaching-dgfc.de\/\" target=\"_blank\" rel=\"noopener\">Deutschen Gesellschaft f\u00fcr Coaching e.V.<\/a><br \/>\n<\/span><\/p>\n<p style=\"text-align: center;\"><span style=\"font-family: Arial, sans-serif;\"><a href=\"http:\/\/coaching-clown.de\/?page_id=1421\">zu Presseartikeln \u00fcber meine Arbeit <\/a><br \/>\n<\/span><\/p>\n<p style=\"text-align: center;\"><span style=\"font-family: Arial, sans-serif;\"><a href=\"http:\/\/coaching-clown.de\/?page_id=69\">zum Lebenslauf<\/a><\/span><\/p>\n<p style=\"text-align: center;\"><span style=\"color: #ffffff;\">Coaching Eschwege<\/span><\/p>\n","protected":false},"excerpt":{"rendered":"<p>\u00a0Niklas K\u00f6nig Diplom Betriebswirt (BA)\/ Coach (DGfC)\/ ausgebildeter Clown \u00a0Nach Anstellung in einer Unternehmensberatung arbeite ich seit 2005 selbstst\u00e4ndig als Trainer, Berater und Coach. Privatpersonen, K\u00fcnstler, Unternehmen und \u00f6ffentliche Einrichtungen genie\u00dfen meine Arbeit. \u00a02011 professionalisierte ich dar\u00fcber hinaus die Performancekunst. &hellip; <a href=\"https:\/\/coaching-clown.de\/?page_id=46\">Weiterlesen <span class=\"meta-nav\">&rarr;<\/span><\/a><\/p>\n","protected":false},"author":1,"featured_media":0,"parent":0,"menu_order":115,"comment_status":"closed","ping_status":"open","template":"","meta":[],"_links":{"self":[{"href":"https:\/\/coaching-clown.de\/index.php?rest_route=\/wp\/v2\/pages\/46"}],"collection":[{"href":"https:\/\/coaching-clown.de\/index.php?rest_route=\/wp\/v2\/pages"}],"about":[{"href":"https:\/\/coaching-clown.de\/index.php?rest_route=\/wp\/v2\/types\/page"}],"author":[{"embeddable":true,"href":"https:\/\/coaching-clown.de\/index.php?rest_route=\/wp\/v2\/users\/1"}],"replies":[{"embeddable":true,"href":"https:\/\/coaching-clown.de\/index.php?rest_route=%2Fwp%2Fv2%2Fcomments&post=46"}],"version-history":[{"count":31,"href":"https:\/\/coaching-clown.de\/index.php?rest_route=\/wp\/v2\/pages\/46\/revisions"}],"predecessor-version":[{"id":2064,"href":"https:\/\/coaching-clown.de\/index.php?rest_route=\/wp\/v2\/pages\/46\/revisions\/2064"}],"wp:attachment":[{"href":"https:\/\/coaching-clown.de\/index.php?rest_route=%2Fwp%2Fv2%2Fmedia&parent=46"}],"curies":[{"name":"wp","href":"https:\/\/api.w.org\/{rel}","templated":true}]}}