{"id":507,"date":"2016-04-03T17:05:17","date_gmt":"2016-04-03T17:05:17","guid":{"rendered":"http:\/\/coaching-clown.de\/?page_id=507"},"modified":"2016-04-03T18:16:27","modified_gmt":"2016-04-03T18:16:27","slug":"vertrauen-und-wertschaetzung","status":"publish","type":"page","link":"https:\/\/coaching-clown.de\/?page_id=507","title":{"rendered":"Vertrauen und Wertsch\u00e4tzung"},"content":{"rendered":"<p align=\"JUSTIFY\"><sup><a href=\"#sdfootnote1sym\" name=\"sdfootnote1anc\"><sup>1<\/sup><\/a><\/sup><\/p>\n<p align=\"JUSTIFY\">\u00a0\u201e<span style=\"font-family: Arial,sans-serif;\">Menschen humorvoll, spielerisch und w\u00fcrdevoll zu begegnen bedeutet, sie in ihrem Kern, in ihrem Wesen ernst zu nehmen und sie wertzusch\u00e4tzen.\u201c<\/span><sup><span style=\"font-family: Arial,sans-serif;\"><a href=\"#sdfootnote2sym\" name=\"sdfootnote2anc\"><sup>2<\/sup><\/a><\/span><\/sup><\/p>\n<p align=\"JUSTIFY\">\u00a0\u201e<span style=\"font-family: Arial,sans-serif;\">Wir brauchen die grunds\u00e4tzliche Freiheit, den Raum und die Erlaubnis, so zu sein, wie wir sind, ohne uns \u00e4ndern zu m\u00fcssen.\u201c<\/span><sup><span style=\"font-family: Arial,sans-serif;\"><a href=\"#sdfootnote3sym\" name=\"sdfootnote3anc\"><sup>3<\/sup><\/a><\/span><\/sup><span style=\"font-family: Arial,sans-serif;\">\u201eGesehen und wertgesch\u00e4tzt zu werden, unabh\u00e4ngig von meinem Verhalten und meinen \u201eFehlern\u201c und Verfehlungen &#8211; \u2026 &#8211; , ber\u00fchrt uns zutiefst\u2026In einer wertsch\u00e4tzenden Atmosph\u00e4re entsteht ein Raum der Erlaubnis, und Menschen zeigen und erz\u00e4hlen mehr von sich, als sie es sonst vielleicht tun w\u00fcrden. Wertsch\u00e4tzung schafft Vertrauen.\u201c<\/span><sup><span style=\"font-family: Arial,sans-serif;\"><a href=\"#sdfootnote4sym\" name=\"sdfootnote4anc\"><sup>4<\/sup><\/a> <\/span><\/sup><\/p>\n<p align=\"JUSTIFY\"><span style=\"font-family: Arial,sans-serif;\">Mit Babys vergleichbar kreiert der Clown eine friedvolle Stimmung und bewegt so leichter zum Lachen.<\/span><sup><span style=\"font-family: Arial,sans-serif;\"><a href=\"#sdfootnote5sym\" name=\"sdfootnote5anc\"><sup>5<\/sup><\/a><\/span><\/sup><\/p>\n<p style=\"text-align: left;\" align=\"justify\"><span style=\"font-family: Arial, sans-serif;\"> 1.3 <a href=\"http:\/\/coaching-clown.de\/?page_id=1285\">Eigene Ziele und Hypothesen loslassen<\/a><\/span><\/p>\n","protected":false},"excerpt":{"rendered":"<p>1 \u00a0\u201eMenschen humorvoll, spielerisch und w\u00fcrdevoll zu begegnen bedeutet, sie in ihrem Kern, in ihrem Wesen ernst zu nehmen und sie wertzusch\u00e4tzen.\u201c2 \u00a0\u201eWir brauchen die grunds\u00e4tzliche Freiheit, den Raum und die Erlaubnis, so zu sein, wie wir sind, ohne uns &hellip; <a href=\"https:\/\/coaching-clown.de\/?page_id=507\">Weiterlesen <span class=\"meta-nav\">&rarr;<\/span><\/a><\/p>\n","protected":false},"author":1,"featured_media":0,"parent":1277,"menu_order":20,"comment_status":"closed","ping_status":"open","template":"","meta":[],"_links":{"self":[{"href":"https:\/\/coaching-clown.de\/index.php?rest_route=\/wp\/v2\/pages\/507"}],"collection":[{"href":"https:\/\/coaching-clown.de\/index.php?rest_route=\/wp\/v2\/pages"}],"about":[{"href":"https:\/\/coaching-clown.de\/index.php?rest_route=\/wp\/v2\/types\/page"}],"author":[{"embeddable":true,"href":"https:\/\/coaching-clown.de\/index.php?rest_route=\/wp\/v2\/users\/1"}],"replies":[{"embeddable":true,"href":"https:\/\/coaching-clown.de\/index.php?rest_route=%2Fwp%2Fv2%2Fcomments&post=507"}],"version-history":[{"count":4,"href":"https:\/\/coaching-clown.de\/index.php?rest_route=\/wp\/v2\/pages\/507\/revisions"}],"predecessor-version":[{"id":1342,"href":"https:\/\/coaching-clown.de\/index.php?rest_route=\/wp\/v2\/pages\/507\/revisions\/1342"}],"up":[{"embeddable":true,"href":"https:\/\/coaching-clown.de\/index.php?rest_route=\/wp\/v2\/pages\/1277"}],"wp:attachment":[{"href":"https:\/\/coaching-clown.de\/index.php?rest_route=%2Fwp%2Fv2%2Fmedia&parent=507"}],"curies":[{"name":"wp","href":"https:\/\/api.w.org\/{rel}","templated":true}]}}