{"id":51,"date":"2014-06-02T15:22:29","date_gmt":"2014-06-02T15:22:29","guid":{"rendered":"http:\/\/coaching-clown.de\/?page_id=51"},"modified":"2015-09-15T15:06:30","modified_gmt":"2015-09-15T15:06:30","slug":"historisches","status":"publish","type":"page","link":"https:\/\/coaching-clown.de\/?page_id=51","title":{"rendered":"Historisches"},"content":{"rendered":"<p style=\"text-align: justify;\"><span style=\"font-family: Arial, sans-serif;\">Der Clown ist so alt wie die Menschheit.<\/span><sup><span style=\"font-family: Arial, sans-serif;\"><a href=\"http:\/\/coaching-clown.de\/?page_id=53\" name=\"sdfootnote1anc\"><sup>1<\/sup><\/a><\/span><\/sup><span style=\"font-family: Arial, sans-serif;\"> Er entspringt allen Kulturen. Man findet ihn im alten China, in Indien, Persien, \u00c4gypten, bei den Griechen und R\u00f6mern und bei den Indianern. Im Mittelalter und in der Neuzeit kennen wir ihn als Narr, Pierrot, Hanswurst und Harlekin.<\/span><sup><span style=\"font-family: Arial, sans-serif;\"><a href=\"http:\/\/coaching-clown.de\/?page_id=53\" name=\"sdfootnote2anc\"><sup>2<\/sup><\/a><\/span><\/sup><span style=\"font-family: Arial, sans-serif;\">\u00a0Der Clown ist ein Archetyp.<\/span><sup><span style=\"font-family: Arial, sans-serif;\"><a href=\"http:\/\/coaching-clown.de\/?page_id=53\" name=\"sdfootnote3anc\"><sup>3<\/sup><\/a><\/span><\/sup><\/p>\n<p style=\"text-align: justify;\" align=\"justify\"><span style=\"font-family: Arial, sans-serif;\">Er hat vielseitige gesellschaftliche Funktionen, die mit der Rolle des Coach stark verwandt sind:<\/span><\/p>\n<p style=\"text-align: justify;\" align=\"justify\">\u201e<span style=\"font-family: Arial, sans-serif;\">In a single performance, the sacred clowns can serve many purposes. Their \u201eplay\u201c can offer a psychotherapeutic release for the audience through amusement. At the same time, they may intensify a ritual in progress by contrasting the sublime and the ridiculous. They can also control non-conformist behavior in either groups of individuals through comic object lessons, as well as avert evil or the actions of witches.\u201c<\/span><sup><span style=\"font-family: Arial, sans-serif;\"><a href=\"http:\/\/coaching-clown.de\/?page_id=53\" name=\"sdfootnote4anc\"><sup>4<\/sup><\/a><\/span><\/sup><\/p>\n<p style=\"text-align: justify;\" align=\"justify\">\u201e<span style=\"font-family: Arial, sans-serif;\">In jedem Kulturkreis der Menschheitsgeschichte stand dem Herrscher als H\u00fcter der Macht der Clown als H\u00fcter der Wahrheit gegen\u00fcber.\u201c<\/span><sup><span style=\"font-family: Arial, sans-serif;\"><a href=\"http:\/\/coaching-clown.de\/?page_id=53\" name=\"sdfootnote5anc\"><sup>5<\/sup><\/a><\/span><\/sup><\/p>\n<p style=\"text-align: justify;\" align=\"justify\">\u201e<span style=\"font-family: Arial, sans-serif;\">Es sind F\u00e4lle bekannt, in denen sich Monarchen mit ihren Hofnarren berieten und auf deren Intuition, Geist und Aufrichtigkeit ohne weiteres vertrauten&#8230;. Als der neunj\u00e4hrige franz\u00f6sische K\u00f6nig Ludwig XIII. den Thron bestieg, meinte Kardinal Richelieu, nun brauche der junge K\u00f6nig noch einen neuen Hofnarren, da er sich sonst in den Staatsgesch\u00e4ften schlecht zurecht finden w\u00fcrde. Und Ludwig IX. verschob den Kreuzzug nach \u00c4gypten um mehrere Stunden, da sich sein Hofnarr versp\u00e4tete. \u201eWenn sich mein Hofnarr versp\u00e4tet, bedeutet dies, dass die Zeit zum Aufbruch noch nicht gekommen ist\u201c, erkl\u00e4rte er&#8230;.<\/span><\/p>\n<p style=\"text-align: justify;\" align=\"justify\"><span style=\"font-family: Arial, sans-serif;\">\u00dcbrigens erz\u00e4hlt eine weitere Legende, als Ludwig XIV., der Sonnenk\u00f6nig ausrief: \u201eDer Staat bin ich\u201c, h\u00e4tte sein Hofnarr schallend los gelacht, sich am anderen Tage ein kleines H\u00e4uschen gezimmert, eine Papiersonne \u00fcber den Kopf geh\u00e4ngt und habe dann das H\u00e4uschen mit F\u00fc\u00dfen getreten. \u201eDer Staat bin ich, also tue ich, was ich will!\u201c \u2013 so legte er die Worte des K\u00f6nigs aus. Ludwig verstand das, lachte und sagte: \u201eUnd mein vortrefflicher Hofnarr ist der Spiegel des Staates.\u201c<\/span><sup><span style=\"font-family: Arial, sans-serif;\"><a href=\"http:\/\/coaching-clown.de\/?page_id=53\" name=\"sdfootnote6anc\"><sup>6<\/sup><\/a><\/span><\/sup><\/p>\n<p style=\"text-align: justify;\" align=\"justify\"><span style=\"font-family: Arial, sans-serif;\">Gegen Ende des 18. Jahrhunderts erblasst die urspr\u00fcngliche Bedeutung des Clowns.<\/span><sup><span style=\"font-family: Arial, sans-serif;\"><a href=\"http:\/\/coaching-clown.de\/?page_id=53\" name=\"sdfootnote7anc\"><sup>7<\/sup><\/a><\/span><\/sup><span style=\"font-family: Arial, sans-serif;\"> Er wird als Zirkusclown \u201ezahm und zahnlos\u201c.<\/span><sup><span style=\"font-family: Arial, sans-serif;\"><a href=\"http:\/\/coaching-clown.de\/?page_id=53\" name=\"sdfootnote8anc\"><sup>8<\/sup><\/a><\/span><\/sup><span style=\"font-family: Arial, sans-serif;\">\u00a0Dennoch ist die Tradition als Spiegel der M\u00e4chtigen auch heute noch im Kabarett lebendig.<\/span><\/p>\n<p style=\"text-align: justify;\" align=\"justify\"><span style=\"font-family: Arial, sans-serif;\">Die Bezeichnung \u201eClown\u201c setzte sich mit dem Aufkommen des Zirkus Mitte des 19 Jahrhunderts durch und der Clown erh\u00e4lt sein heute charakteristisches Aussehen mit gro\u00dfen F\u00fc\u00dfen, weitem Kost\u00fcm, wei\u00dfem Gesicht und roter Nase.<\/span><sup><span style=\"font-family: Arial, sans-serif;\"><a href=\"http:\/\/coaching-clown.de\/?page_id=53\" name=\"sdfootnote9anc\"><sup>9<\/sup><\/a><\/span><\/sup><\/p>\n<p style=\"text-align: left;\" align=\"justify\"><span style=\"font-family: Arial, sans-serif;\">2. <a href=\"http:\/\/coaching-clown.de\/?page_id=55\">Polarit\u00e4ten und Dualit\u00e4ten<\/a><\/span><\/p>\n","protected":false},"excerpt":{"rendered":"<p>Der Clown ist so alt wie die Menschheit.1 Er entspringt allen Kulturen. Man findet ihn im alten China, in Indien, Persien, \u00c4gypten, bei den Griechen und R\u00f6mern und bei den Indianern. Im Mittelalter und in der Neuzeit kennen wir ihn &hellip; <a href=\"https:\/\/coaching-clown.de\/?page_id=51\">Weiterlesen <span class=\"meta-nav\">&rarr;<\/span><\/a><\/p>\n","protected":false},"author":1,"featured_media":0,"parent":223,"menu_order":10,"comment_status":"closed","ping_status":"open","template":"","meta":[],"_links":{"self":[{"href":"https:\/\/coaching-clown.de\/index.php?rest_route=\/wp\/v2\/pages\/51"}],"collection":[{"href":"https:\/\/coaching-clown.de\/index.php?rest_route=\/wp\/v2\/pages"}],"about":[{"href":"https:\/\/coaching-clown.de\/index.php?rest_route=\/wp\/v2\/types\/page"}],"author":[{"embeddable":true,"href":"https:\/\/coaching-clown.de\/index.php?rest_route=\/wp\/v2\/users\/1"}],"replies":[{"embeddable":true,"href":"https:\/\/coaching-clown.de\/index.php?rest_route=%2Fwp%2Fv2%2Fcomments&post=51"}],"version-history":[{"count":7,"href":"https:\/\/coaching-clown.de\/index.php?rest_route=\/wp\/v2\/pages\/51\/revisions"}],"predecessor-version":[{"id":1133,"href":"https:\/\/coaching-clown.de\/index.php?rest_route=\/wp\/v2\/pages\/51\/revisions\/1133"}],"up":[{"embeddable":true,"href":"https:\/\/coaching-clown.de\/index.php?rest_route=\/wp\/v2\/pages\/223"}],"wp:attachment":[{"href":"https:\/\/coaching-clown.de\/index.php?rest_route=%2Fwp%2Fv2%2Fmedia&parent=51"}],"curies":[{"name":"wp","href":"https:\/\/api.w.org\/{rel}","templated":true}]}}