{"id":55,"date":"2014-06-02T15:28:52","date_gmt":"2014-06-02T15:28:52","guid":{"rendered":"http:\/\/coaching-clown.de\/?page_id=55"},"modified":"2018-01-23T07:31:14","modified_gmt":"2018-01-23T07:31:14","slug":"polaritaeten","status":"publish","type":"page","link":"https:\/\/coaching-clown.de\/?page_id=55","title":{"rendered":"Dualit\u00e4ten"},"content":{"rendered":"<p>\u201e<span style=\"font-family: Arial, sans-serif;\">Im Zirkus vermengt sich auf eigent\u00fcmliche Weise das Geheiligte mit dem Profanen, Gro\u00dfes mit dem Kleinsten, die Pole das Lebens stehen sich diametral und unmittelbar gegen\u00fcber: die Agonie von Geburt und Tod, Segnung und Verfluchung, Jugend und greisenhaftes Alter, Torheit und Weisheit, Unten und Oben. Vielleicht findet der Clown dort seine eigene Widerspr\u00fcchlichkeit, die traditionelle Dialektik seines Wesens wieder.\u201c<\/span><sup><span style=\"font-family: Arial, sans-serif;\"><a href=\"http:\/\/coaching-clown.de\/?page_id=53\" name=\"sdfootnote1anc\"><sup>1<\/sup><\/a><\/span><\/sup><\/p>\n<p align=\"justify\">\u00a0\u201e\u201e<span style=\"font-family: Arial, sans-serif;\">Wir leben auf zwei Ebenen. Einmal ist da die Realit\u00e4tsebene, auf der wir Ber\u00fchrung haben mit unseren Gef\u00fchlen, mit unseren Sinnen, mit dem, was in unserem K\u00f6rper geschieht, mit dem, was um uns herum vorgeht. Zum anderen gibt es die Ebene, die wir wohl die Denkebene nennen, auf der wir uns selbst \u2013 und damit auch unsere Umwelt \u2013 ernsthaft beschummeln. Das ist der Raum, wo wir gr\u00fcbeln. Das ist die Ebene, auf der wir uns selbst krank machen, indem wir das, was wir sind, terrorisieren mit allem, was wir sein m\u00f6chten und m\u00fcssen. Elefanten versuchen nicht, Giraffen oder Schwalben zu werden. Radieschen versuchen nicht, Rote Beete zu werden. Aber wir versuchen zu sein, was wir nicht sind.\u201c\u201c<\/span><sup><span style=\"font-family: Arial, sans-serif;\"><a href=\"http:\/\/coaching-clown.de\/?page_id=53\" name=\"sdfootnote2anc\"><sup>2<\/sup><\/a><\/span><\/sup><\/p>\n<p align=\"justify\">\u201e<span style=\"font-family: Arial, sans-serif;\">Der Gegensatz zwischen Vernunft und Gef\u00fchl beziehungsweise zwischen Ernst und der Lust kann \u00fcberbr\u00fcckt werden: Beide Aspekte k\u00f6nnen zusammenarbeiten, wenn sie sich gegenseitig respektieren.\u201c<\/span><sup><span style=\"font-family: Arial, sans-serif;\"><a href=\"http:\/\/coaching-clown.de\/?page_id=53\" name=\"sdfootnote3anc\"><sup>3<\/sup><\/a><\/span><\/sup><span style=\"font-family: Arial, sans-serif;\">\u00a0\u201eWesentliches Merkmal von Kreativit\u00e4t ist hier immer Akzeptanz und Integration von Polarit\u00e4ten.\u201c<\/span><sup><span style=\"font-family: Arial, sans-serif;\"><a href=\"http:\/\/coaching-clown.de\/?page_id=53\" name=\"sdfootnote4anc\"><sup>4<\/sup><\/a><\/span><\/sup><span style=\"font-family: Arial, sans-serif;\"> \u201eJeder Pol hat seine Existenzberechtigung als Teil der Einheit, sonst w\u00e4re das Ganze nicht ganz. Das dr\u00fcckt sich auch darin aus, dass jede Verwirklichung eines Pols den Gegenpol in die Manifestation zwingt. Daraus ergibt sich die Unm\u00f6glichkeit, einen Pol zu behalten und den anderen aus der Welt zu schaffen.\u201c<\/span><sup><span style=\"font-family: Arial, sans-serif;\"><a href=\"http:\/\/coaching-clown.de\/?page_id=53\" name=\"sdfootnote5anc\"><sup>5<\/sup><\/a><\/span><\/sup><span style=\"font-family: Arial, sans-serif;\">\u00a0\u201eEs gibt bei den Polen kein richtig oder falsch, insbesondere kein gut oder b\u00f6se. Es kommt darauf an, die Zusammengeh\u00f6rigkeit der Pole zu begreifen, ihr gegenseitiges Einander-Bedingen.\u201c<\/span><sup><span style=\"font-family: Arial, sans-serif;\"><a href=\"http:\/\/coaching-clown.de\/?page_id=53\" name=\"sdfootnote6anc\"><sup>6<\/sup><\/a><\/span><\/sup><\/p>\n<p align=\"justify\">\u201e<span style=\"font-family: Arial, sans-serif;\">Die Ausweitung der einen Seite der Polarit\u00e4t zieht automatisch die Ausweitung der anderen Seite nach sich.\u201c<\/span><sup><span style=\"font-family: Arial, sans-serif;\"><a href=\"http:\/\/coaching-clown.de\/?page_id=53\" name=\"sdfootnote7anc\"><sup>7<\/sup><\/a><\/span><\/sup><\/p>\n<p style=\"text-align: left;\" align=\"justify\"><span style=\"font-family: Arial, sans-serif;\">2.1 <a href=\"http:\/\/coaching-clown.de\/?page_id=59\">Wei\u00dfclown und August<\/a><\/span><\/p>\n<p style=\"text-align: left;\" align=\"justify\"><span style=\"font-family: Arial, sans-serif;\">2.2 <a href=\"http:\/\/coaching-clown.de\/?page_id=63\">Trag\u00f6die und Kom\u00f6die<\/a><\/span><\/p>\n<p style=\"text-align: left;\" align=\"justify\"><span style=\"font-family: Arial, sans-serif;\">2.3 <a href=\"http:\/\/coaching-clown.de\/?page_id=67\">Der Clown als Gegengewicht zur Spannung<\/a><\/span><\/p>\n<p>&nbsp;<\/p>\n<p style=\"text-align: center;\" align=\"justify\"><a href=\"http:\/\/casipan.com\/wp-content\/uploads\/2018\/01\/Tai-Chi-Clown.png\"><img decoding=\"async\" loading=\"lazy\" class=\"aligncenter size-full wp-image-1376\" alt=\"Tai Chi und Clown\" src=\"http:\/\/casipan.com\/wp-content\/uploads\/2018\/01\/Tai-Chi-Clown.png\" width=\"407\" height=\"477\" \/><\/a><span style=\"font-family: Arial, sans-serif;\"><a href=\"http:\/\/tai-chi-clown.de\">Dualit\u00e4t: Tai Chi &#8211; Clown<\/a><\/span><\/p>\n<p>&nbsp;<\/p>\n<p style=\"text-align: center;\"><a href=\"http:\/\/coaching-clown.de\/wp-content\/uploads\/2015\/06\/Coaching-Clown-mit-F\u00fc\u00dfen-Kai-Kapit\u00e4n.jpg\"><img decoding=\"async\" loading=\"lazy\" class=\"aligncenter  wp-image-1757\" alt=\"Coaching Clown mit F\u00fc\u00dfen - Kai Kapit\u00e4n\" src=\"http:\/\/coaching-clown.de\/wp-content\/uploads\/2015\/06\/Coaching-Clown-mit-F\u00fc\u00dfen-Kai-Kapit\u00e4n-701x1024.jpg\" width=\"384\" height=\"560\" srcset=\"https:\/\/coaching-clown.de\/wp-content\/uploads\/2015\/06\/Coaching-Clown-mit-F\u00fc\u00dfen-Kai-Kapit\u00e4n-701x1024.jpg 701w, https:\/\/coaching-clown.de\/wp-content\/uploads\/2015\/06\/Coaching-Clown-mit-F\u00fc\u00dfen-Kai-Kapit\u00e4n-205x300.jpg 205w, https:\/\/coaching-clown.de\/wp-content\/uploads\/2015\/06\/Coaching-Clown-mit-F\u00fc\u00dfen-Kai-Kapit\u00e4n.jpg 1980w\" sizes=\"(max-width: 384px) 100vw, 384px\" \/><span style=\"font-family: Arial, sans-serif;\">Dualit\u00e4t: Coaching &#8211; Clown<\/span><\/a><\/p>\n","protected":false},"excerpt":{"rendered":"<p>\u201eIm Zirkus vermengt sich auf eigent\u00fcmliche Weise das Geheiligte mit dem Profanen, Gro\u00dfes mit dem Kleinsten, die Pole das Lebens stehen sich diametral und unmittelbar gegen\u00fcber: die Agonie von Geburt und Tod, Segnung und Verfluchung, Jugend und greisenhaftes Alter, Torheit &hellip; <a href=\"https:\/\/coaching-clown.de\/?page_id=55\">Weiterlesen <span class=\"meta-nav\">&rarr;<\/span><\/a><\/p>\n","protected":false},"author":1,"featured_media":0,"parent":223,"menu_order":20,"comment_status":"closed","ping_status":"open","template":"","meta":[],"_links":{"self":[{"href":"https:\/\/coaching-clown.de\/index.php?rest_route=\/wp\/v2\/pages\/55"}],"collection":[{"href":"https:\/\/coaching-clown.de\/index.php?rest_route=\/wp\/v2\/pages"}],"about":[{"href":"https:\/\/coaching-clown.de\/index.php?rest_route=\/wp\/v2\/types\/page"}],"author":[{"embeddable":true,"href":"https:\/\/coaching-clown.de\/index.php?rest_route=\/wp\/v2\/users\/1"}],"replies":[{"embeddable":true,"href":"https:\/\/coaching-clown.de\/index.php?rest_route=%2Fwp%2Fv2%2Fcomments&post=55"}],"version-history":[{"count":22,"href":"https:\/\/coaching-clown.de\/index.php?rest_route=\/wp\/v2\/pages\/55\/revisions"}],"predecessor-version":[{"id":1850,"href":"https:\/\/coaching-clown.de\/index.php?rest_route=\/wp\/v2\/pages\/55\/revisions\/1850"}],"up":[{"embeddable":true,"href":"https:\/\/coaching-clown.de\/index.php?rest_route=\/wp\/v2\/pages\/223"}],"wp:attachment":[{"href":"https:\/\/coaching-clown.de\/index.php?rest_route=%2Fwp%2Fv2%2Fmedia&parent=55"}],"curies":[{"name":"wp","href":"https:\/\/api.w.org\/{rel}","templated":true}]}}