{"id":63,"date":"2014-06-02T15:36:25","date_gmt":"2014-06-02T15:36:25","guid":{"rendered":"http:\/\/coaching-clown.de\/?page_id=63"},"modified":"2015-09-15T15:17:23","modified_gmt":"2015-09-15T15:17:23","slug":"tragoedie-und-komoedie","status":"publish","type":"page","link":"https:\/\/coaching-clown.de\/?page_id=63","title":{"rendered":"Trag\u00f6die und Kom\u00f6die"},"content":{"rendered":"<p>\u201e<span style=\"font-family: Arial, sans-serif;\">Der Scherz auf den Lippen und die Tr\u00e4ne im Auge, das L\u00e4cheln um den Mund und der Schmerz im Herzen haben schon hundertmal die gleichen Lachsalven und die gleichen Beifallsst\u00fcrme hervorgerufen.\u201c<\/span><sup><span style=\"font-family: Arial, sans-serif;\"><a href=\"http:\/\/coaching-clown.de\/?page_id=53\" name=\"sdfootnote1anc\"><sup>1<\/sup><\/a><\/span><\/sup>\u00a0<\/p>\n<p align=\"justify\">\u201e<span style=\"font-family: Arial, sans-serif;\">Eigent\u00fcmlich ist dem clownesken Humor, dass er dem Zuschauer das Trauerspiel als Kom\u00f6die erscheinen l\u00e4sst.\u201c<\/span><sup><span style=\"font-family: Arial, sans-serif;\"><a href=\"http:\/\/coaching-clown.de\/?page_id=53\" name=\"sdfootnote2anc\"><sup>2<\/sup><\/a><\/span><\/sup><span style=\"font-family: Arial, sans-serif;\">\u00a0\u201eDer Clown sp\u00fcrt augenblicklich, dass jenseits der menschlichen M\u00f6glichkeiten, wo die Trag\u00f6die ihren H\u00f6hepunkt erreicht, die Kom\u00f6die folgt. \u2026 Er wei\u00df, dem H\u00f6hepunkt von Dramatiker oder Schauspieler folgt Hilflosigkeit, und die Trag\u00f6die tut unausweichlich einen Schritt in Richtung Kom\u00f6die. Der Clown macht diesen Schritt.\u201c<\/span><sup><span style=\"font-family: Arial, sans-serif;\"><a href=\"http:\/\/coaching-clown.de\/?page_id=53\" name=\"sdfootnote3anc\"><sup>3<\/sup><\/a><\/span><\/sup><\/p>\n<p align=\"justify\">\u201e<span style=\"font-family: Arial, sans-serif;\">Hugo, Musset, Verdi, Leoncavallo, Toulouse-Lautrec und C\u00e9zanne machten Narren, Clowns, Spa\u00dfmacher zu Helden ihrer Werke. Hugo schrieb mehrfach, der K\u00fcnstler solle sich nicht f\u00fcrchten, das H\u00e4ssliche zu zeigen, wenn er das Sch\u00f6ne darstellen will.<\/span><\/p>\n<p align=\"justify\"><span style=\"font-family: Arial, sans-serif;\">Diesen K\u00fcnstlern war klar, dass das Drama beim Clown offensichtlich ist und die St\u00e4rke der Kom\u00f6die davon abh\u00e4ngt, inwieweit sie sich auf dramatische Wendungen st\u00fctzt. Aber auch sie entdecken das nicht zum ersten Male. Drei Jahrhunderte zuvor hatte Shakespeare das bereits gewusst. Ihm war bekannt gewesen, dass die Gestalt des Narren gro\u00dfartig dabei hilft, Trag\u00f6dien zu entwickeln, und dass die Trag\u00f6dienhandlung ein ausgezeichneter Hintergrund f\u00fcr Narren ist.\u201c<\/span><sup><span style=\"font-family: Arial, sans-serif;\"><a href=\"http:\/\/coaching-clown.de\/?page_id=53\" name=\"sdfootnote4anc\"><sup>4<\/sup><\/a><\/span><\/sup><\/p>\n<p align=\"justify\">\u201e<span style=\"font-family: Arial, sans-serif;\">So sind Komik und Tragik eigentlich zwei Seiten einer Medaille und werden definiert durch die Differenz von Absicht und Wirklichkeit.\u201c<\/span><sup><span style=\"font-family: Arial, sans-serif;\"><a href=\"http:\/\/coaching-clown.de\/?page_id=53\" name=\"sdfootnote5anc\"><sup>5<\/sup><\/a><\/span><\/sup><\/p>\n<p align=\"justify\">\u201e<span style=\"font-family: Arial, sans-serif;\">Der Clown sucht die Verschmelzung der Extreme in sich dadurch zu erreichen, dass er immer schneller von einer Stimmung in die andere wechselt. So wird er immer wandlungsf\u00e4higer, bis er zum Unwandelbaren gelangt.\u201c<\/span><sup><span style=\"font-family: Arial, sans-serif;\"><a href=\"http:\/\/coaching-clown.de\/?page_id=53\" name=\"sdfootnote6anc\"><sup>6<\/sup><\/a><\/span><\/sup><\/p>\n<p align=\"justify\">\u00a0<\/p>\n<p style=\"text-align: left;\" align=\"justify\"><span style=\"font-family: Arial, sans-serif;\">2.3 <a href=\"http:\/\/coaching-clown.de\/?page_id=67\">Der Clown als Gegengewicht zur Spannung<\/a><\/span><\/p>\n","protected":false},"excerpt":{"rendered":"<p>\u201eDer Scherz auf den Lippen und die Tr\u00e4ne im Auge, das L\u00e4cheln um den Mund und der Schmerz im Herzen haben schon hundertmal die gleichen Lachsalven und die gleichen Beifallsst\u00fcrme hervorgerufen.\u201c1\u00a0 \u201eEigent\u00fcmlich ist dem clownesken Humor, dass er dem Zuschauer &hellip; <a href=\"https:\/\/coaching-clown.de\/?page_id=63\">Weiterlesen <span class=\"meta-nav\">&rarr;<\/span><\/a><\/p>\n","protected":false},"author":1,"featured_media":0,"parent":55,"menu_order":20,"comment_status":"closed","ping_status":"open","template":"","meta":[],"_links":{"self":[{"href":"https:\/\/coaching-clown.de\/index.php?rest_route=\/wp\/v2\/pages\/63"}],"collection":[{"href":"https:\/\/coaching-clown.de\/index.php?rest_route=\/wp\/v2\/pages"}],"about":[{"href":"https:\/\/coaching-clown.de\/index.php?rest_route=\/wp\/v2\/types\/page"}],"author":[{"embeddable":true,"href":"https:\/\/coaching-clown.de\/index.php?rest_route=\/wp\/v2\/users\/1"}],"replies":[{"embeddable":true,"href":"https:\/\/coaching-clown.de\/index.php?rest_route=%2Fwp%2Fv2%2Fcomments&post=63"}],"version-history":[{"count":5,"href":"https:\/\/coaching-clown.de\/index.php?rest_route=\/wp\/v2\/pages\/63\/revisions"}],"predecessor-version":[{"id":1138,"href":"https:\/\/coaching-clown.de\/index.php?rest_route=\/wp\/v2\/pages\/63\/revisions\/1138"}],"up":[{"embeddable":true,"href":"https:\/\/coaching-clown.de\/index.php?rest_route=\/wp\/v2\/pages\/55"}],"wp:attachment":[{"href":"https:\/\/coaching-clown.de\/index.php?rest_route=%2Fwp%2Fv2%2Fmedia&parent=63"}],"curies":[{"name":"wp","href":"https:\/\/api.w.org\/{rel}","templated":true}]}}