{"id":67,"date":"2014-06-02T15:39:58","date_gmt":"2014-06-02T15:39:58","guid":{"rendered":"http:\/\/coaching-clown.de\/?page_id=67"},"modified":"2015-09-15T15:20:57","modified_gmt":"2015-09-15T15:20:57","slug":"der-clown-als-gegengewicht-zur-spannung","status":"publish","type":"page","link":"https:\/\/coaching-clown.de\/?page_id=67","title":{"rendered":"Der Clown als Gegengewicht zur Spannung"},"content":{"rendered":"<p>\u201e<span style=\"font-family: Arial, sans-serif;\">Die Welt ist voller Spannung, es gibt zu viele Spannungen. Die meisten werden in aggressiven Handlungen freigesetzt. Gel\u00e4chter beruhigt ungemein, darin liegt die Arbeit des Clowns. Erzeuge eine Situation, in der die Menschen lachen, sich entspannen k\u00f6nnen. Lass sie lachen, sich entspannen, vielleicht verstehen sie dich dann sogar.\u201c<\/span><sup><span style=\"font-family: Arial, sans-serif;\"><a href=\"http:\/\/coaching-clown.de\/?page_id=53\" name=\"sdfootnote1anc\"><sup>1<\/sup><\/a><\/span><\/sup><\/p>\n<p align=\"justify\">\u201e<span style=\"font-family: Arial, sans-serif;\">Ohne einen Clown g\u00e4be es keinen Zirkus. Er ist es, der die Programmnummern zusammenh\u00e4lt.\u201c<\/span><sup><span style=\"font-family: Arial, sans-serif;\"><a href=\"http:\/\/coaching-clown.de\/?page_id=53\" name=\"sdfootnote2anc\"><sup>2<\/sup><\/a><\/span><\/sup><span style=\"font-family: Arial, sans-serif;\">\u00a0Die Aufgabe des Clown ist es,\u201cein Gegengewicht zu schaffen f\u00fcr die dramatische Spannung, die die Akrobaten unter der Zirkuskuppel hervorrufen\u201c.<\/span><sup><span style=\"font-family: Arial, sans-serif;\"><a href=\"http:\/\/coaching-clown.de\/?page_id=53\" name=\"sdfootnote3anc\"><sup>3<\/sup><\/a> <\/span><\/sup><span style=\"font-family: Arial, sans-serif;\">\u201eNach stre\u00dfreichen und atemberaubenden Nummern lenken die Spa\u00dfmacher den Zuschauer ab, entspannen ihn und bringen ihn zum Lachen.\u201c<\/span><sup><span style=\"font-family: Arial, sans-serif;\"><a href=\"http:\/\/coaching-clown.de\/?page_id=53\" name=\"sdfootnote4anc\"><sup>4<\/sup><\/a> <\/span><\/sup><span style=\"font-family: Arial, sans-serif;\">\u201eDurch seine Tollpatschigkeit macht er es m\u00f6glich, dass nach atemberaubenden Artistiknummern das atemlose Publikum im Gel\u00e4chter \u00fcber ihn den Atem wiederfindet.\u201c<\/span><sup><span style=\"font-family: Arial, sans-serif;\"><a href=\"http:\/\/coaching-clown.de\/?page_id=53\" name=\"sdfootnote5anc\"><sup>5<\/sup><\/a><\/span><\/sup><\/p>\n<p align=\"justify\"><span style=\"font-family: Arial, sans-serif;\">In der Rolle des Hofnarr benutzt der Clown \u201eIdiotie als Werkzeug, um Verwirrung zu stiften, um gewaltige Spannungen frei zusetzen, nicht um zu beruhigen&#8230;. Seine Aktionen ver\u00e4ndern die Atmosph\u00e4re und machen zur gleichen Zeit die Wahrheit sichtbar&#8230; In der heutigen Gesellschaft kann er als Wachmacher eingestuft werden&#8230;.Sie nutzen das Image des Narren, um \u2026 den Zuschauer mit ihren eigenen Gef\u00fchlen zu konfrontieren.\u201c<\/span><sup><span style=\"font-family: Arial, sans-serif;\"><a href=\"http:\/\/coaching-clown.de\/?page_id=53\" name=\"sdfootnote6anc\"><sup>6<\/sup><\/a><\/span><\/sup><\/p>\n<p align=\"justify\">\u201e<span style=\"font-family: Arial, sans-serif;\">Der Clown liebt die Auseinandersetzung, &#8230; Je peinigender das Problem, umso hei\u00dfer seine Spiellust. \u2026 denn er wei\u00df, dass nur das Erleben der Polarit\u00e4t eine wirkliche Begegnung vorbereiten kann.\u201c<\/span><sup><span style=\"font-family: Arial, sans-serif;\"><a href=\"http:\/\/coaching-clown.de\/?page_id=53\" name=\"sdfootnote7anc\"><sup>7<\/sup><\/a><\/span><\/sup><\/p>\n<p align=\"justify\">\u201e<span style=\"font-family: Arial, sans-serif;\">In diesem m\u00f6rderischen Spannungsfeld entsteht durch den Clown hindurch eine Idee, ein Einfall, der die unglaubliche, aber wahre L\u00f6sung in sich birgt.\u201c<\/span><sup><span style=\"font-family: Arial, sans-serif;\"><a href=\"http:\/\/coaching-clown.de\/?page_id=53\" name=\"sdfootnote8anc\"><sup>8<\/sup><\/a><\/span><\/sup><\/p>\n<p align=\"justify\"><span style=\"font-family: Arial, sans-serif;\">So erf\u00fcllt der Clown die scheinbar gegens\u00e4tzlichen Rollen als Widersacher und Heilbringer.<\/span><span style=\"color: #000000;\"><span style=\"font-family: Arial, sans-serif;\"><span style=\"font-size: medium;\"><a href=\"http:\/\/coaching-clown.de\/?page_id=53\" name=\"sdfootnote9anc\"><sup>9<\/sup><\/a><\/span><\/span><\/span><\/p>\n<p align=\"justify\">\u00a0<\/p>\n<p style=\"text-align: left;\" align=\"justify\"><span style=\"font-family: Arial, sans-serif;\">3.0 <a href=\"http:\/\/coaching-clown.de\/?page_id=231\">Ausbildung von Clown und Coach<\/a><\/span><\/p>\n","protected":false},"excerpt":{"rendered":"<p>\u201eDie Welt ist voller Spannung, es gibt zu viele Spannungen. Die meisten werden in aggressiven Handlungen freigesetzt. Gel\u00e4chter beruhigt ungemein, darin liegt die Arbeit des Clowns. Erzeuge eine Situation, in der die Menschen lachen, sich entspannen k\u00f6nnen. Lass sie lachen, &hellip; <a href=\"https:\/\/coaching-clown.de\/?page_id=67\">Weiterlesen <span class=\"meta-nav\">&rarr;<\/span><\/a><\/p>\n","protected":false},"author":1,"featured_media":0,"parent":55,"menu_order":30,"comment_status":"closed","ping_status":"open","template":"","meta":[],"_links":{"self":[{"href":"https:\/\/coaching-clown.de\/index.php?rest_route=\/wp\/v2\/pages\/67"}],"collection":[{"href":"https:\/\/coaching-clown.de\/index.php?rest_route=\/wp\/v2\/pages"}],"about":[{"href":"https:\/\/coaching-clown.de\/index.php?rest_route=\/wp\/v2\/types\/page"}],"author":[{"embeddable":true,"href":"https:\/\/coaching-clown.de\/index.php?rest_route=\/wp\/v2\/users\/1"}],"replies":[{"embeddable":true,"href":"https:\/\/coaching-clown.de\/index.php?rest_route=%2Fwp%2Fv2%2Fcomments&post=67"}],"version-history":[{"count":4,"href":"https:\/\/coaching-clown.de\/index.php?rest_route=\/wp\/v2\/pages\/67\/revisions"}],"predecessor-version":[{"id":1140,"href":"https:\/\/coaching-clown.de\/index.php?rest_route=\/wp\/v2\/pages\/67\/revisions\/1140"}],"up":[{"embeddable":true,"href":"https:\/\/coaching-clown.de\/index.php?rest_route=\/wp\/v2\/pages\/55"}],"wp:attachment":[{"href":"https:\/\/coaching-clown.de\/index.php?rest_route=%2Fwp%2Fv2%2Fmedia&parent=67"}],"curies":[{"name":"wp","href":"https:\/\/api.w.org\/{rel}","templated":true}]}}